{"id":9989,"date":"2025-12-08T17:32:40","date_gmt":"2025-12-08T16:32:40","guid":{"rendered":"https:\/\/falto.colordrop.pl\/product\/rytmo-45\/"},"modified":"2025-12-30T16:41:41","modified_gmt":"2025-12-30T15:41:41","slug":"rytmo-45","status":"publish","type":"product","link":"https:\/\/falto.colordrop.pl\/de\/produkt\/rytmo-45\/","title":{"rendered":"Rytmo 45"},"content":{"rendered":"<style>.elementor-9996 .elementor-element.elementor-element-056ff54{--display:grid;--e-con-grid-template-columns:repeat(2, 1fr);--e-con-grid-template-rows:repeat(1, 1fr);--grid-auto-flow:row;}.elementor-9996 .elementor-element.elementor-element-8cccc57{text-align:start;}.elementor-9996 .elementor-element.elementor-element-8cccc57 p{margin-block-end:16px;}.elementor-9996 .elementor-element.elementor-element-3be2796{background-color:#FFFFFF;border-style:none;border-radius:20px 20px 20px 20px;}.elementor-9996 .elementor-element.elementor-element-3be2796 .elementor-wrapper{--video-aspect-ratio:1;filter:brightness( 100% ) contrast( 100% ) saturate( 100% ) blur( 0px ) hue-rotate( 0deg );}.elementor-9996 .elementor-element.elementor-element-1a856f1{--display:flex;}.elementor-9996 .elementor-element.elementor-element-05a2456 .gallery-item{padding:0 15px 15px 0;}.elementor-9996 .elementor-element.elementor-element-05a2456 .gallery{margin:0 -15px -15px 0;}.elementor-9996 .elementor-element.elementor-element-05a2456 .gallery-item img{border-radius:20px 20px 20px 20px;}.elementor-9996 .elementor-element.elementor-element-05a2456 .gallery-item .gallery-caption{text-align:center;} .tf-topbar{display:block;} #header{display:block;} #mobileMenu{display:block;} #footer{display:block;} .info-footer{display:block;} #bottom{display:block;} .tf-page-title{display:block;}@media(max-width:1024px){.elementor-9996 .elementor-element.elementor-element-056ff54{--grid-auto-flow:row;}}@media(max-width:767px){.elementor-9996 .elementor-element.elementor-element-056ff54{--e-con-grid-template-columns:repeat(1, 1fr);--grid-auto-flow:row;}}<\/style>\t\t<div data-elementor-type=\"section\" data-elementor-id=\"9996\" class=\"elementor elementor-9996 elementor-9807\">\n\t\t\t\t<div class=\"elementor-element elementor-element-056ff54 e-grid e-con-boxed e-con e-parent\" data-id=\"056ff54\" data-element_type=\"container\" data-settings=\"{&quot;background_background&quot;:&quot;classic&quot;}\">\n\t\t\t\t\t<div class=\"e-con-inner\">\n\t\t\t\t<div class=\"elementor-element elementor-element-8cccc57 elementor-widget elementor-widget-text-editor\" data-id=\"8cccc57\" data-element_type=\"widget\" data-widget_type=\"text-editor.default\">\n\t\t\t\t\t\t\t\t\t<p><span class=\"TextRun SCXW155306054 BCX8\" lang=\"PL-PL\" xml:lang=\"PL-PL\" data-contrast=\"auto\"><strong><span class=\"NormalTextRun SCXW155306054 BCX8\" data-ccp-charstyle=\"required\" data-ccp-charstyle-defn=\"{\"ObjectId\":\"39c817cb-c5eb-5a61-b930-deafd1f3f6fa|1\",\"ClassId\":1073872969,\"Properties\":[469775450,\"required\",201340122,\"1\",134233614,\"true\",469778129,\"required\",335572020,\"1\",201342446,\"1\",201342447,\"5\",201342448,\"1\",201342449,\"1\",469777841,\"Calibri\",469777842,\"\",469777843,\"Calibri\",469777844,\"Calibri\",201341986,\"1\",469769226,\"Calibri\",268442635,\"22\"]}\">\u00dcberall <\/span><span class=\"NormalTextRun ContextualSpellingAndGrammarErrorV2Themed SCXW155306054 BCX8\" data-ccp-charstyle=\"required\">gibt es<\/span><\/strong><span class=\"NormalTextRun SCXW155306054 BCX8\" data-ccp-charstyle=\"required\"><strong> wo Freiz\u00fcgigkeit gefragt ist<\/strong><\/span><\/span><\/p><p><span class=\"TextRun SCXW155306054 BCX8\" lang=\"PL-PL\" xml:lang=\"PL-PL\" data-contrast=\"auto\"><span class=\"NormalTextRun SpellingErrorV2Themed SCXW155306054 BCX8\" data-ccp-charstyle=\"required\">Rytmo<\/span><span class=\"NormalTextRun SCXW155306054 BCX8\" data-ccp-charstyle=\"required\"> macht dies auf zwei Arten m\u00f6glich:<\/span><\/span><\/p><p>\u00dcberall wo man Bewegungsfreiheit braucht, Rytmo erm\u00f6glicht das auf vielfache Weise \u00fcber dreidimensional Sitzbeweglichkeit dank der <strong>\u201eergo-fit\u201e <\/strong>Einrichtung der 3D-Beweglichkeit des Untergestells. Sie l\u00e4sst sich drehen, nach vorne und zur Seite kippen und nat\u00fcrlich auf die gew\u00fcnschte H\u00f6he anheben.<\/p><p><span class=\"TextRun SCXW155306054 BCX8\" lang=\"PL-PL\" xml:lang=\"PL-PL\" data-contrast=\"auto\"><span class=\"NormalTextRun SCXW155306054 BCX8\" data-ccp-charstyle=\"required\">Er ist eine sinnvolle Erg\u00e4nzung f\u00fcr jeden Sitz- oder Steharbeitsplatz, die schont unsere Muskulatur.Er ist h\u00f6henverstellbar von 48 bis 67 cm.<\/span><\/span><span class=\"EOP SCXW155306054 BCX8\" data-ccp-props=\"{\"335551550\":1,\"335551620\":1}\"> <\/span><\/p>\t\t\t\t\t\t\t\t<\/div>\n\t\t\t\t<div class=\"elementor-element elementor-element-3be2796 elementor-widget elementor-widget-video\" data-id=\"3be2796\" data-element_type=\"widget\" data-settings=\"{&quot;video_type&quot;:&quot;hosted&quot;,&quot;autoplay&quot;:&quot;yes&quot;,&quot;play_on_mobile&quot;:&quot;yes&quot;,&quot;mute&quot;:&quot;yes&quot;,&quot;loop&quot;:&quot;yes&quot;,&quot;controls&quot;:&quot;yes&quot;}\" data-widget_type=\"video.default\">\n\t\t\t\t\t\t\t<div class=\"e-hosted-video elementor-wrapper elementor-open-inline\">\n\t\t\t\t\t<video class=\"elementor-video\" src=\"https:\/\/falto.colordrop.pl\/wp-content\/uploads\/2025\/11\/falto_r45_sq-opt.mp4\" autoplay=\"\" loop=\"\" controls=\"\" muted=\"muted\" playsinline=\"\" controlsList=\"nodownload\"><\/video>\n\t\t\t\t<\/div>\n\t\t\t\t\t\t<\/div>\n\t\t\t\t\t<\/div>\n\t\t\t\t<\/div>\n\t\t<div class=\"elementor-element elementor-element-1a856f1 e-flex e-con-boxed e-con e-parent\" data-id=\"1a856f1\" data-element_type=\"container\">\n\t\t\t\t\t<div class=\"e-con-inner\">\n\t\t\t\t<div class=\"elementor-element elementor-element-05a2456 gallery-spacing-custom elementor-widget elementor-widget-image-gallery\" data-id=\"05a2456\" data-element_type=\"widget\" data-widget_type=\"image-gallery.default\">\n\t\t\t\t\t\t\t<div class=\"elementor-image-gallery\">\n\t\t\t<div id='gallery-1' class='gallery galleryid-9989 gallery-columns-2 gallery-size-medium_large'><figure class='gallery-item'>\n\t\t\t<div class='gallery-icon landscape'>\n\t\t\t\t<img loading=\"lazy\" decoding=\"async\" width=\"768\" height=\"768\" src=\"https:\/\/falto.colordrop.pl\/wp-content\/uploads\/2025\/12\/zamek-768x768.jpg\" class=\"attachment-medium_large size-medium_large\" alt=\"\" srcset=\"https:\/\/falto.colordrop.pl\/wp-content\/uploads\/2025\/12\/zamek-768x768.jpg 768w, https:\/\/falto.colordrop.pl\/wp-content\/uploads\/2025\/12\/zamek-300x300.jpg 300w, https:\/\/falto.colordrop.pl\/wp-content\/uploads\/2025\/12\/zamek-150x150.jpg 150w, https:\/\/falto.colordrop.pl\/wp-content\/uploads\/2025\/12\/zamek-928x928.jpg 928w, https:\/\/falto.colordrop.pl\/wp-content\/uploads\/2025\/12\/zamek-780x780.jpg 780w, https:\/\/falto.colordrop.pl\/wp-content\/uploads\/2025\/12\/zamek-96x96.jpg 96w, https:\/\/falto.colordrop.pl\/wp-content\/uploads\/2025\/12\/zamek-408x408.jpg 408w, https:\/\/falto.colordrop.pl\/wp-content\/uploads\/2025\/12\/zamek-513x513.jpg 513w, https:\/\/falto.colordrop.pl\/wp-content\/uploads\/2025\/12\/zamek-198x198.jpg 198w, https:\/\/falto.colordrop.pl\/wp-content\/uploads\/2025\/12\/zamek-200x200.jpg 200w, https:\/\/falto.colordrop.pl\/wp-content\/uploads\/2025\/12\/zamek-500x500.jpg 500w, https:\/\/falto.colordrop.pl\/wp-content\/uploads\/2025\/12\/zamek-100x100.jpg 100w, https:\/\/falto.colordrop.pl\/wp-content\/uploads\/2025\/12\/zamek.jpg 1000w\" sizes=\"auto, (max-width: 768px) 100vw, 768px\" loading=\"lazy\" fetchpriority=\"low\" \/>\n\t\t\t<\/div><\/figure><figure class='gallery-item'>\n\t\t\t<div class='gallery-icon landscape'>\n\t\t\t\t<img loading=\"lazy\" decoding=\"async\" width=\"768\" height=\"768\" src=\"https:\/\/falto.colordrop.pl\/wp-content\/uploads\/2025\/12\/falto-0825-768x768.jpg\" class=\"attachment-medium_large size-medium_large\" alt=\"\" srcset=\"https:\/\/falto.colordrop.pl\/wp-content\/uploads\/2025\/12\/falto-0825-768x768.jpg 768w, https:\/\/falto.colordrop.pl\/wp-content\/uploads\/2025\/12\/falto-0825-300x300.jpg 300w, https:\/\/falto.colordrop.pl\/wp-content\/uploads\/2025\/12\/falto-0825-150x150.jpg 150w, https:\/\/falto.colordrop.pl\/wp-content\/uploads\/2025\/12\/falto-0825-928x928.jpg 928w, https:\/\/falto.colordrop.pl\/wp-content\/uploads\/2025\/12\/falto-0825-780x780.jpg 780w, https:\/\/falto.colordrop.pl\/wp-content\/uploads\/2025\/12\/falto-0825-96x96.jpg 96w, https:\/\/falto.colordrop.pl\/wp-content\/uploads\/2025\/12\/falto-0825-408x408.jpg 408w, https:\/\/falto.colordrop.pl\/wp-content\/uploads\/2025\/12\/falto-0825-513x513.jpg 513w, https:\/\/falto.colordrop.pl\/wp-content\/uploads\/2025\/12\/falto-0825-198x198.jpg 198w, https:\/\/falto.colordrop.pl\/wp-content\/uploads\/2025\/12\/falto-0825-200x200.jpg 200w, https:\/\/falto.colordrop.pl\/wp-content\/uploads\/2025\/12\/falto-0825-500x500.jpg 500w, https:\/\/falto.colordrop.pl\/wp-content\/uploads\/2025\/12\/falto-0825-100x100.jpg 100w, https:\/\/falto.colordrop.pl\/wp-content\/uploads\/2025\/12\/falto-0825.jpg 1000w\" sizes=\"auto, (max-width: 768px) 100vw, 768px\" loading=\"lazy\" fetchpriority=\"low\" \/>\n\t\t\t<\/div><\/figure>\n\t\t<\/div>\n\t\t<\/div>\n\t\t\t\t\t\t<\/div>\n\t\t\t\t\t<\/div>\n\t\t\t\t<\/div>\n\t\t\t\t<\/div>\n\t\t\n","protected":false},"excerpt":{"rendered":"<p>\u00dcberall, wo man Bewegungsfreiheit braucht<\/p>\n","protected":false},"featured_media":9993,"template":"","meta":{"_acf_changed":false},"product_brand":[351],"product_cat":[398],"product_tag":[],"class_list":{"0":"post-9989","1":"product","2":"type-product","3":"status-publish","4":"has-post-thumbnail","6":"product_brand-falto","7":"product_cat-buro","8":"tm-has-options","10":"first","11":"instock","12":"shipping-taxable","13":"purchasable","14":"product-type-simple"},"acf":[],"_links":{"self":[{"href":"https:\/\/falto.colordrop.pl\/de\/wp-json\/wp\/v2\/product\/9989","targetHints":{"allow":["GET"]}}],"collection":[{"href":"https:\/\/falto.colordrop.pl\/de\/wp-json\/wp\/v2\/product"}],"about":[{"href":"https:\/\/falto.colordrop.pl\/de\/wp-json\/wp\/v2\/types\/product"}],"wp:featuredmedia":[{"embeddable":true,"href":"https:\/\/falto.colordrop.pl\/de\/wp-json\/wp\/v2\/media\/9993"}],"wp:attachment":[{"href":"https:\/\/falto.colordrop.pl\/de\/wp-json\/wp\/v2\/media?parent=9989"}],"wp:term":[{"taxonomy":"product_brand","embeddable":true,"href":"https:\/\/falto.colordrop.pl\/de\/wp-json\/wp\/v2\/product_brand?post=9989"},{"taxonomy":"product_cat","embeddable":true,"href":"https:\/\/falto.colordrop.pl\/de\/wp-json\/wp\/v2\/product_cat?post=9989"},{"taxonomy":"product_tag","embeddable":true,"href":"https:\/\/falto.colordrop.pl\/de\/wp-json\/wp\/v2\/product_tag?post=9989"}],"curies":[{"name":"wp","href":"https:\/\/api.w.org\/{rel}","templated":true}]}}