{"id":9975,"date":"2025-12-08T17:32:46","date_gmt":"2025-12-08T16:32:46","guid":{"rendered":"https:\/\/falto.colordrop.pl\/product\/todo-50\/"},"modified":"2025-12-30T17:11:02","modified_gmt":"2025-12-30T16:11:02","slug":"todo-50","status":"publish","type":"product","link":"https:\/\/falto.colordrop.pl\/de\/produkt\/todo-50\/","title":{"rendered":"ToDo 50"},"content":{"rendered":"<style>.elementor-10038 .elementor-element.elementor-element-056ff54{--display:grid;--e-con-grid-template-columns:1fr 1fr;--e-con-grid-template-rows:repeat(1, 1fr);--grid-auto-flow:row;}.elementor-10038 .elementor-element.elementor-element-8cccc57{text-align:start;font-size:16px;}.elementor-10038 .elementor-element.elementor-element-8cccc57 p{margin-block-end:16px;}.elementor-10038 .elementor-element.elementor-element-3be2796{background-color:#FFFFFF;border-style:none;border-radius:20px 20px 20px 20px;}.elementor-10038 .elementor-element.elementor-element-3be2796 .elementor-wrapper{--video-aspect-ratio:1;filter:brightness( 100% ) contrast( 100% ) saturate( 100% ) blur( 0px ) hue-rotate( 0deg );}.elementor-10038 .elementor-element.elementor-element-1a856f1{--display:flex;}.elementor-10038 .elementor-element.elementor-element-05a2456 .gallery-item .gallery-caption{display:none;}.elementor-10038 .elementor-element.elementor-element-05a2456 .gallery-item{padding:0 15px 15px 0;}.elementor-10038 .elementor-element.elementor-element-05a2456 .gallery{margin:0 -15px -15px 0;}.elementor-10038 .elementor-element.elementor-element-05a2456 .gallery-item img{border-radius:20px 20px 20px 20px;} .tf-topbar{display:block;} #header{display:block;} #mobileMenu{display:block;} #footer{display:block;} .info-footer{display:block;} #bottom{display:block;} .tf-page-title{display:block;}@media(max-width:1024px){.elementor-10038 .elementor-element.elementor-element-056ff54{--grid-auto-flow:row;}}@media(max-width:767px){.elementor-10038 .elementor-element.elementor-element-056ff54{--e-con-grid-template-columns:1;--grid-auto-flow:row;}}<\/style>\t\t<div data-elementor-type=\"section\" data-elementor-id=\"10038\" class=\"elementor elementor-10038 elementor-9746\">\n\t\t\t\t<div class=\"elementor-element elementor-element-056ff54 e-grid e-con-full e-con e-parent\" data-id=\"056ff54\" data-element_type=\"container\" data-settings=\"{&quot;background_background&quot;:&quot;classic&quot;}\">\n\t\t\t\t<div class=\"elementor-element elementor-element-8cccc57 elementor-widget elementor-widget-text-editor\" data-id=\"8cccc57\" data-element_type=\"widget\" data-widget_type=\"text-editor.default\">\n\t\t\t\t\t\t\t\t\t<p><span data-contrast=\"auto\"><strong>Ein Stuhl der harmonischen Symbiose:<\/strong> dreidimensional beweglicher Sitz, bewegliche R\u00fcckenlehne, die sich dem R\u00fccken anpasst und gleichzeitig schwenkbar und h\u00f6henverstellbar ist, auf Wunsch auch auf Rollen.<\/span><\/p><p><span data-contrast=\"auto\">Durch die Einstellung der H\u00f6he von 44 bis 54 cm und der Tiefe der R\u00fcckenlehne von 37 bis 45 cm erreichen wir den notwendigen Einstellbereich und die Passform f\u00fcr gro\u00dfe und kleine Erwachsene sowie f\u00fcr Kinder im Schulalter. Hier ist die Kombination mit der Funktion <strong>Active Dynamic Seating<\/strong> besonders wichtig, da der &#8222;neue&#8220;<\/span><i><span data-contrast=\"auto\"><\/span><span data-contrast=\"auto\">uns weiter herausfordert, unsere Zeit und Geduld f\u00fcr acht, zehn und oft noch viel mehr Stunden am Tag auf die Probe stellt. Denn wir haben uns in dieser neuen virtuellen Welt eingerichtet.<\/span><\/i><span data-ccp-props=\"{\"335551550\":1,\"335551620\":1}\"> <\/span><\/p><p><span data-contrast=\"auto\"><strong>ToDo50 ist bereit f\u00fcr jede Herausforderung.<\/strong>  Ihr R\u00fccken wird sie m\u00f6gen - Ihre G\u00e4ste werden fasziniert sein<\/span><span data-ccp-props=\"{\"335551550\":1,\"335551620\":1}\"> <\/span><\/p>\t\t\t\t\t\t\t\t<\/div>\n\t\t\t\t<div class=\"elementor-element elementor-element-3be2796 elementor-widget elementor-widget-video\" data-id=\"3be2796\" data-element_type=\"widget\" data-settings=\"{&quot;video_type&quot;:&quot;hosted&quot;,&quot;autoplay&quot;:&quot;yes&quot;,&quot;play_on_mobile&quot;:&quot;yes&quot;,&quot;mute&quot;:&quot;yes&quot;,&quot;loop&quot;:&quot;yes&quot;,&quot;controls&quot;:&quot;yes&quot;}\" data-widget_type=\"video.default\">\n\t\t\t\t\t\t\t<div class=\"e-hosted-video elementor-wrapper elementor-open-inline\">\n\t\t\t\t\t<video class=\"elementor-video\" src=\"https:\/\/falto.colordrop.pl\/wp-content\/uploads\/2025\/12\/falto-td50-pl-opt.mp4\" autoplay=\"\" loop=\"\" controls=\"\" muted=\"muted\" playsinline=\"\" controlsList=\"nodownload\"><\/video>\n\t\t\t\t<\/div>\n\t\t\t\t\t\t<\/div>\n\t\t\t\t<\/div>\n\t\t<div class=\"elementor-element elementor-element-1a856f1 e-con-full e-flex e-con e-parent\" data-id=\"1a856f1\" data-element_type=\"container\">\n\t\t\t\t<div class=\"elementor-element elementor-element-05a2456 gallery-spacing-custom elementor-widget elementor-widget-image-gallery\" data-id=\"05a2456\" data-element_type=\"widget\" data-widget_type=\"image-gallery.default\">\n\t\t\t\t\t\t\t<div class=\"elementor-image-gallery\">\n\t\t\t<div id='gallery-1' class='gallery galleryid-9975 gallery-columns-2 gallery-size-medium_large'><figure class='gallery-item'>\n\t\t\t<div class='gallery-icon landscape'>\n\t\t\t\t<img loading=\"lazy\" decoding=\"async\" width=\"768\" height=\"768\" src=\"https:\/\/falto.colordrop.pl\/wp-content\/uploads\/2025\/12\/falto-0571-768x768.jpg\" class=\"attachment-medium_large size-medium_large\" alt=\"\" srcset=\"https:\/\/falto.colordrop.pl\/wp-content\/uploads\/2025\/12\/falto-0571-768x768.jpg 768w, https:\/\/falto.colordrop.pl\/wp-content\/uploads\/2025\/12\/falto-0571-150x150.jpg 150w, https:\/\/falto.colordrop.pl\/wp-content\/uploads\/2025\/12\/falto-0571-100x100.jpg 100w, https:\/\/falto.colordrop.pl\/wp-content\/uploads\/2025\/12\/falto-0571-500x500.jpg 500w, https:\/\/falto.colordrop.pl\/wp-content\/uploads\/2025\/12\/falto-0571-300x300.jpg 300w, https:\/\/falto.colordrop.pl\/wp-content\/uploads\/2025\/12\/falto-0571-928x928.jpg 928w, https:\/\/falto.colordrop.pl\/wp-content\/uploads\/2025\/12\/falto-0571-780x780.jpg 780w, https:\/\/falto.colordrop.pl\/wp-content\/uploads\/2025\/12\/falto-0571-96x96.jpg 96w, https:\/\/falto.colordrop.pl\/wp-content\/uploads\/2025\/12\/falto-0571-408x408.jpg 408w, https:\/\/falto.colordrop.pl\/wp-content\/uploads\/2025\/12\/falto-0571-513x513.jpg 513w, https:\/\/falto.colordrop.pl\/wp-content\/uploads\/2025\/12\/falto-0571-198x198.jpg 198w, https:\/\/falto.colordrop.pl\/wp-content\/uploads\/2025\/12\/falto-0571-200x200.jpg 200w, https:\/\/falto.colordrop.pl\/wp-content\/uploads\/2025\/12\/falto-0571.jpg 1000w\" sizes=\"auto, (max-width: 768px) 100vw, 768px\" loading=\"lazy\" fetchpriority=\"low\" \/>\n\t\t\t<\/div><\/figure><figure class='gallery-item'>\n\t\t\t<div class='gallery-icon landscape'>\n\t\t\t\t<img loading=\"lazy\" decoding=\"async\" width=\"768\" height=\"768\" src=\"https:\/\/falto.colordrop.pl\/wp-content\/uploads\/2025\/12\/falto-0573-768x768.jpg\" class=\"attachment-medium_large size-medium_large\" alt=\"\" srcset=\"https:\/\/falto.colordrop.pl\/wp-content\/uploads\/2025\/12\/falto-0573-768x768.jpg 768w, https:\/\/falto.colordrop.pl\/wp-content\/uploads\/2025\/12\/falto-0573-150x150.jpg 150w, https:\/\/falto.colordrop.pl\/wp-content\/uploads\/2025\/12\/falto-0573-100x100.jpg 100w, https:\/\/falto.colordrop.pl\/wp-content\/uploads\/2025\/12\/falto-0573-500x500.jpg 500w, https:\/\/falto.colordrop.pl\/wp-content\/uploads\/2025\/12\/falto-0573-300x300.jpg 300w, https:\/\/falto.colordrop.pl\/wp-content\/uploads\/2025\/12\/falto-0573-928x928.jpg 928w, https:\/\/falto.colordrop.pl\/wp-content\/uploads\/2025\/12\/falto-0573-780x780.jpg 780w, https:\/\/falto.colordrop.pl\/wp-content\/uploads\/2025\/12\/falto-0573-96x96.jpg 96w, https:\/\/falto.colordrop.pl\/wp-content\/uploads\/2025\/12\/falto-0573-408x408.jpg 408w, https:\/\/falto.colordrop.pl\/wp-content\/uploads\/2025\/12\/falto-0573-513x513.jpg 513w, https:\/\/falto.colordrop.pl\/wp-content\/uploads\/2025\/12\/falto-0573-198x198.jpg 198w, https:\/\/falto.colordrop.pl\/wp-content\/uploads\/2025\/12\/falto-0573-200x200.jpg 200w, https:\/\/falto.colordrop.pl\/wp-content\/uploads\/2025\/12\/falto-0573.jpg 1000w\" sizes=\"auto, (max-width: 768px) 100vw, 768px\" loading=\"lazy\" fetchpriority=\"low\" \/>\n\t\t\t<\/div><\/figure><figure class='gallery-item'>\n\t\t\t<div class='gallery-icon landscape'>\n\t\t\t\t<img loading=\"lazy\" decoding=\"async\" width=\"768\" height=\"768\" src=\"https:\/\/falto.colordrop.pl\/wp-content\/uploads\/2025\/12\/falto-0737-768x768.jpg\" class=\"attachment-medium_large size-medium_large\" alt=\"\" srcset=\"https:\/\/falto.colordrop.pl\/wp-content\/uploads\/2025\/12\/falto-0737-768x768.jpg 768w, https:\/\/falto.colordrop.pl\/wp-content\/uploads\/2025\/12\/falto-0737-150x150.jpg 150w, https:\/\/falto.colordrop.pl\/wp-content\/uploads\/2025\/12\/falto-0737-100x100.jpg 100w, https:\/\/falto.colordrop.pl\/wp-content\/uploads\/2025\/12\/falto-0737-500x500.jpg 500w, https:\/\/falto.colordrop.pl\/wp-content\/uploads\/2025\/12\/falto-0737-300x300.jpg 300w, https:\/\/falto.colordrop.pl\/wp-content\/uploads\/2025\/12\/falto-0737-928x928.jpg 928w, https:\/\/falto.colordrop.pl\/wp-content\/uploads\/2025\/12\/falto-0737-780x780.jpg 780w, https:\/\/falto.colordrop.pl\/wp-content\/uploads\/2025\/12\/falto-0737-96x96.jpg 96w, https:\/\/falto.colordrop.pl\/wp-content\/uploads\/2025\/12\/falto-0737-408x408.jpg 408w, https:\/\/falto.colordrop.pl\/wp-content\/uploads\/2025\/12\/falto-0737-513x513.jpg 513w, https:\/\/falto.colordrop.pl\/wp-content\/uploads\/2025\/12\/falto-0737-198x198.jpg 198w, https:\/\/falto.colordrop.pl\/wp-content\/uploads\/2025\/12\/falto-0737-200x200.jpg 200w, https:\/\/falto.colordrop.pl\/wp-content\/uploads\/2025\/12\/falto-0737.jpg 1000w\" sizes=\"auto, (max-width: 768px) 100vw, 768px\" loading=\"lazy\" fetchpriority=\"low\" \/>\n\t\t\t<\/div><\/figure><figure class='gallery-item'>\n\t\t\t<div class='gallery-icon landscape'>\n\t\t\t\t<img loading=\"lazy\" decoding=\"async\" width=\"768\" height=\"768\" src=\"https:\/\/falto.colordrop.pl\/wp-content\/uploads\/2025\/12\/falto-0754-1.jpg\" class=\"attachment-medium_large size-medium_large\" alt=\"\" srcset=\"https:\/\/falto.colordrop.pl\/wp-content\/uploads\/2025\/12\/falto-0754-1.jpg 1000w, https:\/\/falto.colordrop.pl\/wp-content\/uploads\/2025\/12\/falto-0754-1-150x150.jpg 150w, https:\/\/falto.colordrop.pl\/wp-content\/uploads\/2025\/12\/falto-0754-1-100x100.jpg 100w, https:\/\/falto.colordrop.pl\/wp-content\/uploads\/2025\/12\/falto-0754-1-500x500.jpg 500w\" sizes=\"auto, (max-width: 768px) 100vw, 768px\" loading=\"lazy\" fetchpriority=\"low\" \/>\n\t\t\t<\/div><\/figure><figure class='gallery-item'>\n\t\t\t<div class='gallery-icon landscape'>\n\t\t\t\t<img loading=\"lazy\" decoding=\"async\" width=\"768\" height=\"576\" src=\"https:\/\/falto.colordrop.pl\/wp-content\/uploads\/2025\/12\/240724_office2_fotele1_003_color_a-768x576.jpg\" class=\"attachment-medium_large size-medium_large\" alt=\"\" srcset=\"https:\/\/falto.colordrop.pl\/wp-content\/uploads\/2025\/12\/240724_office2_fotele1_003_color_a-768x576.jpg 768w, https:\/\/falto.colordrop.pl\/wp-content\/uploads\/2025\/12\/240724_office2_fotele1_003_color_a-500x375.jpg 500w, https:\/\/falto.colordrop.pl\/wp-content\/uploads\/2025\/12\/240724_office2_fotele1_003_color_a-300x225.jpg 300w, https:\/\/falto.colordrop.pl\/wp-content\/uploads\/2025\/12\/240724_office2_fotele1_003_color_a-1024x768.jpg 1024w, https:\/\/falto.colordrop.pl\/wp-content\/uploads\/2025\/12\/240724_office2_fotele1_003_color_a-1536x1152.jpg 1536w, https:\/\/falto.colordrop.pl\/wp-content\/uploads\/2025\/12\/240724_office2_fotele1_003_color_a.jpg 1920w\" sizes=\"auto, (max-width: 768px) 100vw, 768px\" loading=\"lazy\" fetchpriority=\"low\" \/>\n\t\t\t<\/div><\/figure><figure class='gallery-item'>\n\t\t\t<div class='gallery-icon landscape'>\n\t\t\t\t<img loading=\"lazy\" decoding=\"async\" width=\"768\" height=\"576\" src=\"https:\/\/falto.colordrop.pl\/wp-content\/uploads\/2025\/12\/240725_office2_fotel_jeden1_003-768x576.jpg\" class=\"attachment-medium_large size-medium_large\" alt=\"\" srcset=\"https:\/\/falto.colordrop.pl\/wp-content\/uploads\/2025\/12\/240725_office2_fotel_jeden1_003-768x576.jpg 768w, https:\/\/falto.colordrop.pl\/wp-content\/uploads\/2025\/12\/240725_office2_fotel_jeden1_003-500x375.jpg 500w, https:\/\/falto.colordrop.pl\/wp-content\/uploads\/2025\/12\/240725_office2_fotel_jeden1_003-300x225.jpg 300w, https:\/\/falto.colordrop.pl\/wp-content\/uploads\/2025\/12\/240725_office2_fotel_jeden1_003-1024x768.jpg 1024w, https:\/\/falto.colordrop.pl\/wp-content\/uploads\/2025\/12\/240725_office2_fotel_jeden1_003-1536x1152.jpg 1536w, https:\/\/falto.colordrop.pl\/wp-content\/uploads\/2025\/12\/240725_office2_fotel_jeden1_003.jpg 1920w\" sizes=\"auto, (max-width: 768px) 100vw, 768px\" loading=\"lazy\" fetchpriority=\"low\" \/>\n\t\t\t<\/div><\/figure><figure class='gallery-item'>\n\t\t\t<div class='gallery-icon portrait'>\n\t\t\t\t<img loading=\"lazy\" decoding=\"async\" width=\"768\" height=\"1024\" src=\"https:\/\/falto.colordrop.pl\/wp-content\/uploads\/2025\/12\/240726_office2_fotele1.001_003.jpg\" class=\"attachment-medium_large size-medium_large\" alt=\"\" srcset=\"https:\/\/falto.colordrop.pl\/wp-content\/uploads\/2025\/12\/240726_office2_fotele1.001_003.jpg 1440w, https:\/\/falto.colordrop.pl\/wp-content\/uploads\/2025\/12\/240726_office2_fotele1.001_003-500x667.jpg 500w\" sizes=\"auto, (max-width: 768px) 100vw, 768px\" loading=\"lazy\" fetchpriority=\"low\" \/>\n\t\t\t<\/div><\/figure>\n\t\t<\/div>\n\t\t<\/div>\n\t\t\t\t\t\t<\/div>\n\t\t\t\t<\/div>\n\t\t\t\t<\/div>\n\t\t\n","protected":false},"excerpt":{"rendered":"<p><span class=\"NormalTextRun SCXW155438274 BCX8\" data-ccp-charstyle=\"required\" data-ccp-charstyle-defn=\"{\"ObjectId\":\"39c817cb-c5eb-5a61-b930-deafd1f3f6fa|1\",\"ClassId\":1073872969,\"Properties\":[469775450,\"required\",201340122,\"1\",134233614,\"true\",469778129,\"required\",335572020,\"1\",201342446,\"1\",201342447,\"5\",201342448,\"1\",201342449,\"1\",469777841,\"Calibri\",469777842,\"\",469777843,\"Calibri\",469777844,\"Calibri\",201341986,\"1\",469769226,\"Calibri\",268442635,\"22\"]}\">Der Stuhl der harmonischen Symbiose: <\/span><span class=\"NormalTextRun SpellingErrorV2Themed SCXW155438274 BCX8\" data-ccp-charstyle=\"required\">dreidimensional<\/span><span class=\"NormalTextRun SCXW155438274 BCX8\" data-ccp-charstyle=\"required\"> beweglicher Sitz, bewegliche R\u00fcckenlehne, die sich schwenkbar und h\u00f6henverstellbar an den R\u00fccken anpasst, bei Bedarf auch auf Rollen.<\/span><\/p>\n","protected":false},"featured_media":9987,"template":"","meta":{"_acf_changed":false},"product_brand":[351],"product_cat":[398],"product_tag":[],"class_list":{"0":"post-9975","1":"product","2":"type-product","3":"status-publish","4":"has-post-thumbnail","6":"product_brand-falto","7":"product_cat-buro","8":"tm-has-options","10":"first","11":"instock","12":"shipping-taxable","13":"purchasable","14":"product-type-simple"},"acf":[],"_links":{"self":[{"href":"https:\/\/falto.colordrop.pl\/de\/wp-json\/wp\/v2\/product\/9975","targetHints":{"allow":["GET"]}}],"collection":[{"href":"https:\/\/falto.colordrop.pl\/de\/wp-json\/wp\/v2\/product"}],"about":[{"href":"https:\/\/falto.colordrop.pl\/de\/wp-json\/wp\/v2\/types\/product"}],"wp:featuredmedia":[{"embeddable":true,"href":"https:\/\/falto.colordrop.pl\/de\/wp-json\/wp\/v2\/media\/9987"}],"wp:attachment":[{"href":"https:\/\/falto.colordrop.pl\/de\/wp-json\/wp\/v2\/media?parent=9975"}],"wp:term":[{"taxonomy":"product_brand","embeddable":true,"href":"https:\/\/falto.colordrop.pl\/de\/wp-json\/wp\/v2\/product_brand?post=9975"},{"taxonomy":"product_cat","embeddable":true,"href":"https:\/\/falto.colordrop.pl\/de\/wp-json\/wp\/v2\/product_cat?post=9975"},{"taxonomy":"product_tag","embeddable":true,"href":"https:\/\/falto.colordrop.pl\/de\/wp-json\/wp\/v2\/product_tag?post=9975"}],"curies":[{"name":"wp","href":"https:\/\/api.w.org\/{rel}","templated":true}]}}