{"id":9960,"date":"2025-12-08T12:00:31","date_gmt":"2025-12-08T11:00:31","guid":{"rendered":"https:\/\/falto.colordrop.pl\/product\/galaxy-10\/"},"modified":"2025-12-22T16:26:40","modified_gmt":"2025-12-22T15:26:40","slug":"galaxy-10","status":"publish","type":"product","link":"https:\/\/falto.colordrop.pl\/de\/produkt\/galaxy-10\/","title":{"rendered":"Galaxy 10"},"content":{"rendered":"<style>.elementor-10065 .elementor-element.elementor-element-056ff54{--display:grid;--e-con-grid-template-columns:1fr 1fr;--e-con-grid-template-rows:repeat(1, 1fr);--grid-auto-flow:row;}.elementor-10065 .elementor-element.elementor-element-8cccc57{text-align:start;font-size:16px;}.elementor-10065 .elementor-element.elementor-element-8cccc57 p{margin-block-end:16px;}.elementor-10065 .elementor-element.elementor-element-3be2796{background-color:#FFFFFF;border-style:none;border-radius:20px 20px 20px 20px;}.elementor-10065 .elementor-element.elementor-element-3be2796 .elementor-wrapper{--video-aspect-ratio:1;filter:brightness( 100% ) contrast( 100% ) saturate( 100% ) blur( 0px ) hue-rotate( 0deg );}.elementor-10065 .elementor-element.elementor-element-1a856f1{--display:flex;}.elementor-10065 .elementor-element.elementor-element-05a2456 .gallery-item{padding:0 15px 15px 0;}.elementor-10065 .elementor-element.elementor-element-05a2456 .gallery{margin:0 -15px -15px 0;}.elementor-10065 .elementor-element.elementor-element-05a2456 .gallery-item img{border-radius:20px 20px 20px 20px;}.elementor-10065 .elementor-element.elementor-element-05a2456 .gallery-item .gallery-caption{text-align:center;} .tf-topbar{display:block;} #header{display:block;} #mobileMenu{display:block;} #footer{display:block;} .info-footer{display:block;} #bottom{display:block;} .tf-page-title{display:block;}@media(max-width:1024px){.elementor-10065 .elementor-element.elementor-element-056ff54{--grid-auto-flow:row;}}@media(max-width:767px){.elementor-10065 .elementor-element.elementor-element-056ff54{--e-con-grid-template-columns:1;--grid-auto-flow:row;}}<\/style>\t\t<div data-elementor-type=\"section\" data-elementor-id=\"10065\" class=\"elementor elementor-10065 elementor-9723\">\n\t\t\t\t<div class=\"elementor-element elementor-element-056ff54 e-grid e-con-full e-con e-parent\" data-id=\"056ff54\" data-element_type=\"container\" data-settings=\"{&quot;background_background&quot;:&quot;classic&quot;}\">\n\t\t\t\t<div class=\"elementor-element elementor-element-8cccc57 elementor-widget elementor-widget-text-editor\" data-id=\"8cccc57\" data-element_type=\"widget\" data-widget_type=\"text-editor.default\">\n\t\t\t\t\t\t\t\t\t<p>In der Leichtigkeit vom Galaxy verbirgt sich enormes Potenzial \u2013 an Kraft und Entspannung \u2013 gleichzeitig. <br>Beides spendet und der GALAXY, sowohl beim Ruhen als auch beim Arbeiten. GALAXY verbindet Design, bestes Handwerk und verbl\u00fcffende Technik, Fokussiert auf menschliche Bed\u00fcrfnisse, aber auch auf Probleme. <br>JA, sitzen kann auf Dauer zum Problem werden. <br><b><\/b><\/p><p>Unsere L\u00f6sung: Freischwingende Polsterteile, in einer leicht schwingenden Konstruktion eingebaut. Verstellbare R\u00fcckenlehen, optionales Tablet Halterung unterst\u00fctzen in jeder T\u00e4tigkeit Ihren R\u00fccken.<span data-ccp-props=\"{\"201341983\":0,\"335551550\":1,\"335551620\":1,\"335559738\":100,\"335559739\":100,\"335559740\":240}\"> <\/span><\/p><p><b><span data-contrast=\"auto\">Design - aufgewertet durch sinnvolle Accessoires:<\/span><\/b><span data-ccp-props=\"{\"201341983\":0,\"335551550\":1,\"335551620\":1,\"335559738\":100,\"335559739\":100,\"335559740\":240}\"> <\/span><\/p><ul><li aria-setsize=\"-1\" data-leveltext=\"\u00b7\" data-font=\"Symbol\" data-listid=\"42\" data-list-defn-props=\"{\"134224900\":false,\"201340374\":0,\"335552541\":1,\"335559685\":720,\"335559991\":360,\"469769226\":\"Symbol\",\"469769242\":[8226],\"469777803\":\"left\",\"469777804\":\"\u00b7\",\"469777815\":\"hybridMultilevel\"}\" data-aria-posinset=\"1\" data-aria-level=\"1\"><b><span data-contrast=\"auto\">Tisch<\/span><\/b><span data-contrast=\"auto\">- ausgestattet mit H\u00f6hen-, Neigungswinkel- und Tiefenverstellung: der ideale Platz f\u00fcr ein Buch, eine Computertastatur oder &#8230;<\/span><span data-ccp-props=\"{\"201341983\":0,\"335551550\":1,\"335551620\":1,\"335559738\":100,\"335559739\":100,\"335559740\":240,\"335572071\":0,\"335572072\":0,\"335572073\":0,\"335572075\":0,\"335572076\":0,\"335572077\":0,\"335572079\":0,\"335572080\":0,\"335572081\":0,\"335572083\":0,\"335572084\":0,\"335572085\":0,\"335572087\":0,\"335572088\":0,\"335572089\":0,\"469789798\":\"nil\",\"469789802\":\"nil\",\"469789806\":\"nil\",\"469789810\":\"nil\",\"469789814\":\"nil\"}\"> <\/span><\/li><\/ul><ul><li aria-setsize=\"-1\" data-leveltext=\"\u00b7\" data-font=\"Symbol\" data-listid=\"42\" data-list-defn-props=\"{\"134224900\":false,\"201340374\":0,\"335552541\":1,\"335559685\":720,\"335559991\":360,\"469769226\":\"Symbol\",\"469769242\":[8226],\"469777803\":\"left\",\"469777804\":\"\u00b7\",\"469777815\":\"hybridMultilevel\"}\" data-aria-posinset=\"2\" data-aria-level=\"1\"><b><span data-contrast=\"auto\">Hocker 60 -<\/span><\/b><span data-contrast=\"auto\">mit beweglichem Kissen. Die Schaukelfunktion vervollst\u00e4ndigt die Eigenschaften des Modells Galaxy<\/span><span data-ccp-props=\"{\"201341983\":0,\"335551550\":1,\"335551620\":1,\"335559738\":100,\"335559739\":100,\"335559740\":240,\"335572071\":0,\"335572072\":0,\"335572073\":0,\"335572075\":0,\"335572076\":0,\"335572077\":0,\"335572079\":0,\"335572080\":0,\"335572081\":0,\"335572083\":0,\"335572084\":0,\"335572085\":0,\"335572087\":0,\"335572088\":0,\"335572089\":0,\"469789798\":\"nil\",\"469789802\":\"nil\",\"469789806\":\"nil\",\"469789810\":\"nil\",\"469789814\":\"nil\"}\"> <\/span><\/li><\/ul><p><span data-contrast=\"auto\">&#8230;und ein weiterer Vorteil f\u00fcr Galaxy-Besitzer ist, dass die Bez\u00fcge aller gepolsterten Teile leicht abnehmbar sind und je nach Typ gewaschen, gereinigt oder ersetzt werden k\u00f6nnen<\/span><span data-ccp-props=\"{\"201341983\":0,\"335551550\":1,\"335551620\":1,\"335559685\":360,\"335559738\":100,\"335559739\":100,\"335559740\":240}\"> <\/span><\/p>\t\t\t\t\t\t\t\t<\/div>\n\t\t\t\t<div class=\"elementor-element elementor-element-3be2796 elementor-widget elementor-widget-video\" data-id=\"3be2796\" data-element_type=\"widget\" data-settings=\"{&quot;video_type&quot;:&quot;hosted&quot;,&quot;autoplay&quot;:&quot;yes&quot;,&quot;play_on_mobile&quot;:&quot;yes&quot;,&quot;mute&quot;:&quot;yes&quot;,&quot;loop&quot;:&quot;yes&quot;,&quot;controls&quot;:&quot;yes&quot;}\" data-widget_type=\"video.default\">\n\t\t\t\t\t\t\t<div class=\"e-hosted-video elementor-wrapper elementor-open-inline\">\n\t\t\t\t\t<video class=\"elementor-video\" src=\"https:\/\/falto.colordrop.pl\/wp-content\/uploads\/2025\/12\/falto-gx10-opt.mp4\" autoplay=\"\" loop=\"\" controls=\"\" muted=\"muted\" playsinline=\"\" controlsList=\"nodownload\"><\/video>\n\t\t\t\t<\/div>\n\t\t\t\t\t\t<\/div>\n\t\t\t\t<\/div>\n\t\t<div class=\"elementor-element elementor-element-1a856f1 e-con-full e-flex e-con e-parent\" data-id=\"1a856f1\" data-element_type=\"container\">\n\t\t\t\t<div class=\"elementor-element elementor-element-05a2456 gallery-spacing-custom elementor-widget elementor-widget-image-gallery\" data-id=\"05a2456\" data-element_type=\"widget\" data-widget_type=\"image-gallery.default\">\n\t\t\t\t\t\t\t<div class=\"elementor-image-gallery\">\n\t\t\t<div id='gallery-1' class='gallery galleryid-9960 gallery-columns-2 gallery-size-medium_large'><figure class='gallery-item'>\n\t\t\t<div class='gallery-icon landscape'>\n\t\t\t\t<img loading=\"lazy\" decoding=\"async\" width=\"768\" height=\"576\" src=\"https:\/\/falto.colordrop.pl\/wp-content\/uploads\/2025\/11\/falto_dom_salon_scianka-3-1-768x576.jpg\" class=\"attachment-medium_large size-medium_large\" alt=\"\" srcset=\"https:\/\/falto.colordrop.pl\/wp-content\/uploads\/2025\/11\/falto_dom_salon_scianka-3-1-768x576.jpg 768w, https:\/\/falto.colordrop.pl\/wp-content\/uploads\/2025\/11\/falto_dom_salon_scianka-3-1-500x375.jpg 500w, https:\/\/falto.colordrop.pl\/wp-content\/uploads\/2025\/11\/falto_dom_salon_scianka-3-1-300x225.jpg 300w, https:\/\/falto.colordrop.pl\/wp-content\/uploads\/2025\/11\/falto_dom_salon_scianka-3-1-1024x768.jpg 1024w, https:\/\/falto.colordrop.pl\/wp-content\/uploads\/2025\/11\/falto_dom_salon_scianka-3-1-1536x1152.jpg 1536w, https:\/\/falto.colordrop.pl\/wp-content\/uploads\/2025\/11\/falto_dom_salon_scianka-3-1.jpg 1920w\" sizes=\"auto, (max-width: 768px) 100vw, 768px\" loading=\"lazy\" fetchpriority=\"low\" \/>\n\t\t\t<\/div><\/figure><figure class='gallery-item'>\n\t\t\t<div class='gallery-icon landscape'>\n\t\t\t\t<img loading=\"lazy\" decoding=\"async\" width=\"768\" height=\"576\" src=\"https:\/\/falto.colordrop.pl\/wp-content\/uploads\/2025\/10\/GX-10-GX-30-WohnR-768x576.jpg\" class=\"attachment-medium_large size-medium_large\" alt=\"\" srcset=\"https:\/\/falto.colordrop.pl\/wp-content\/uploads\/2025\/10\/GX-10-GX-30-WohnR-768x576.jpg 768w, https:\/\/falto.colordrop.pl\/wp-content\/uploads\/2025\/10\/GX-10-GX-30-WohnR-500x375.jpg 500w, https:\/\/falto.colordrop.pl\/wp-content\/uploads\/2025\/10\/GX-10-GX-30-WohnR-300x225.jpg 300w, https:\/\/falto.colordrop.pl\/wp-content\/uploads\/2025\/10\/GX-10-GX-30-WohnR-1024x768.jpg 1024w, https:\/\/falto.colordrop.pl\/wp-content\/uploads\/2025\/10\/GX-10-GX-30-WohnR-1536x1152.jpg 1536w, https:\/\/falto.colordrop.pl\/wp-content\/uploads\/2025\/10\/GX-10-GX-30-WohnR.jpg 1600w\" sizes=\"auto, (max-width: 768px) 100vw, 768px\" loading=\"lazy\" fetchpriority=\"low\" \/>\n\t\t\t<\/div><\/figure><figure class='gallery-item'>\n\t\t\t<div class='gallery-icon landscape'>\n\t\t\t\t<img loading=\"lazy\" decoding=\"async\" width=\"768\" height=\"512\" src=\"https:\/\/falto.colordrop.pl\/wp-content\/uploads\/2025\/12\/falto-1125.jpg\" class=\"attachment-medium_large size-medium_large\" alt=\"\" srcset=\"https:\/\/falto.colordrop.pl\/wp-content\/uploads\/2025\/12\/falto-1125.jpg 1800w, https:\/\/falto.colordrop.pl\/wp-content\/uploads\/2025\/12\/falto-1125-500x333.jpg 500w\" sizes=\"auto, (max-width: 768px) 100vw, 768px\" loading=\"lazy\" fetchpriority=\"low\" \/>\n\t\t\t<\/div><\/figure>\n\t\t<\/div>\n\t\t<\/div>\n\t\t\t\t\t\t<\/div>\n\t\t\t\t<\/div>\n\t\t\t\t<\/div>\n\t\t\n","protected":false},"excerpt":{"rendered":"<p><span class=\"LineBreakBlob BlobObject DragDrop SCXW254790285 BCX8\"><strong><span class=\"TextRun SCXW8142718 BCX8\" lang=\"PL-PL\" xml:lang=\"PL-PL\" data-contrast=\"none\"><span class=\"NormalTextRun SCXW8142718 BCX8\">Galaxy ist ein Gef\u00fchl der Leichtigkeit in Form und Funktion<\/span><\/span><span class=\"LineBreakBlob BlobObject DragDrop SCXW8142718 BCX8\"> <br class=\"SCXW8142718 BCX8\" \/><\/span><\/strong><span class=\"TextRun SCXW8142718 BCX8\" lang=\"PL-PL\" xml:lang=\"PL-PL\" data-contrast=\"none\"><span class=\"NormalTextRun SCXW8142718 BCX8\" data-ccp-charstyle=\"required\" data-ccp-charstyle-defn=\"{\">Die Leichtigkeit von Galaxy birgt ein gro\u00dfes Potenzial f\u00fcr Energie, aber auch f\u00fcr Entspannung. Er schafft die Voraussetzungen f\u00fcr Entspannung und f\u00fcr effektives Arbeiten. Er verbindet Design, solide Handwerkskunst und au\u00dfergew\u00f6hnliche Funktionalit\u00e4t. Sein Zweck sind die menschlichen Bed\u00fcrfnisse. Ja, denn langes Sitzen ist f\u00fcr den Menschen l\u00e4stig geworden.<\/span><\/span><span class=\"LineBreakBlob BlobObject DragDrop SCXW8142718 BCX8\"> <br class=\"SCXW8142718 BCX8\" \/><\/span><\/span><\/p>\n","protected":false},"featured_media":9967,"template":"","meta":{"_acf_changed":false},"product_brand":[351],"product_cat":[400],"product_tag":[],"class_list":{"0":"post-9960","1":"product","2":"type-product","3":"status-publish","4":"has-post-thumbnail","6":"product_brand-falto","7":"product_cat-sessel","8":"tm-has-options","10":"first","11":"instock","12":"shipping-taxable","13":"purchasable","14":"product-type-simple"},"acf":[],"_links":{"self":[{"href":"https:\/\/falto.colordrop.pl\/de\/wp-json\/wp\/v2\/product\/9960","targetHints":{"allow":["GET"]}}],"collection":[{"href":"https:\/\/falto.colordrop.pl\/de\/wp-json\/wp\/v2\/product"}],"about":[{"href":"https:\/\/falto.colordrop.pl\/de\/wp-json\/wp\/v2\/types\/product"}],"wp:featuredmedia":[{"embeddable":true,"href":"https:\/\/falto.colordrop.pl\/de\/wp-json\/wp\/v2\/media\/9967"}],"wp:attachment":[{"href":"https:\/\/falto.colordrop.pl\/de\/wp-json\/wp\/v2\/media?parent=9960"}],"wp:term":[{"taxonomy":"product_brand","embeddable":true,"href":"https:\/\/falto.colordrop.pl\/de\/wp-json\/wp\/v2\/product_brand?post=9960"},{"taxonomy":"product_cat","embeddable":true,"href":"https:\/\/falto.colordrop.pl\/de\/wp-json\/wp\/v2\/product_cat?post=9960"},{"taxonomy":"product_tag","embeddable":true,"href":"https:\/\/falto.colordrop.pl\/de\/wp-json\/wp\/v2\/product_tag?post=9960"}],"curies":[{"name":"wp","href":"https:\/\/api.w.org\/{rel}","templated":true}]}}