{"id":9955,"date":"2025-12-11T15:28:55","date_gmt":"2025-12-11T14:28:55","guid":{"rendered":"https:\/\/falto.colordrop.pl\/product\/hocker-70\/"},"modified":"2025-12-18T14:37:16","modified_gmt":"2025-12-18T13:37:16","slug":"hocker-70","status":"publish","type":"product","link":"https:\/\/falto.colordrop.pl\/de\/produkt\/hocker-70\/","title":{"rendered":"Hocker 70"},"content":{"rendered":"<style>.elementor-10015 .elementor-element.elementor-element-056ff54{--display:grid;--e-con-grid-template-columns:1fr 1fr;--e-con-grid-template-rows:repeat(1, 1fr);--grid-auto-flow:row;}.elementor-10015 .elementor-element.elementor-element-8cccc57{text-align:start;font-size:16px;}.elementor-10015 .elementor-element.elementor-element-8cccc57 p{margin-block-end:16px;}.elementor-10015 .elementor-element.elementor-element-1a856f1{--display:flex;}.elementor-10015 .elementor-element.elementor-element-05a2456 .gallery-item{padding:0 15px 15px 0;}.elementor-10015 .elementor-element.elementor-element-05a2456 .gallery{margin:0 -15px -15px 0;}.elementor-10015 .elementor-element.elementor-element-05a2456 .gallery-item img{border-radius:20px 20px 20px 20px;}.elementor-10015 .elementor-element.elementor-element-05a2456 .gallery-item .gallery-caption{text-align:center;} .tf-topbar{display:block;} #header{display:block;} #mobileMenu{display:block;} #footer{display:block;} .info-footer{display:block;} #bottom{display:block;} .tf-page-title{display:block;}@media(max-width:1024px){.elementor-10015 .elementor-element.elementor-element-056ff54{--grid-auto-flow:row;}}@media(max-width:767px){.elementor-10015 .elementor-element.elementor-element-056ff54{--e-con-grid-template-columns:1;--grid-auto-flow:row;}}<\/style>\t\t<div data-elementor-type=\"section\" data-elementor-id=\"10015\" class=\"elementor elementor-10015 elementor-9790\">\n\t\t\t\t<div class=\"elementor-element elementor-element-056ff54 e-grid e-con-full e-con e-parent\" data-id=\"056ff54\" data-element_type=\"container\" data-settings=\"{&quot;background_background&quot;:&quot;classic&quot;}\">\n\t\t\t\t<div class=\"elementor-element elementor-element-8cccc57 elementor-widget elementor-widget-text-editor\" data-id=\"8cccc57\" data-element_type=\"widget\" data-widget_type=\"text-editor.default\">\n\t\t\t\t\t\t\t\t\t<p>Der Hocker 70, der flexibel jeder Bewegung folgt, als Einzelhocker oder Trainingsger\u00e4t, wie bei einem Gymnastikball&#8230;. erg\u00e4nzt die Galaxy-Bewegung perfekt.<\/p>\t\t\t\t\t\t\t\t<\/div>\n\t\t\t\t<\/div>\n\t\t<div class=\"elementor-element elementor-element-1a856f1 e-con-full e-flex e-con e-parent\" data-id=\"1a856f1\" data-element_type=\"container\">\n\t\t\t\t<div class=\"elementor-element elementor-element-05a2456 gallery-spacing-custom elementor-widget elementor-widget-image-gallery\" data-id=\"05a2456\" data-element_type=\"widget\" data-widget_type=\"image-gallery.default\">\n\t\t\t\t\t\t\t<div class=\"elementor-image-gallery\">\n\t\t\t<div id='gallery-1' class='gallery galleryid-9955 gallery-columns-2 gallery-size-medium_large'><figure class='gallery-item'>\n\t\t\t<div class='gallery-icon landscape'>\n\t\t\t\t<img loading=\"lazy\" decoding=\"async\" width=\"768\" height=\"768\" src=\"https:\/\/falto.colordrop.pl\/wp-content\/uploads\/2025\/12\/gx30h70-768x768.jpg\" class=\"attachment-medium_large size-medium_large\" alt=\"\" srcset=\"https:\/\/falto.colordrop.pl\/wp-content\/uploads\/2025\/12\/gx30h70-768x768.jpg 768w, https:\/\/falto.colordrop.pl\/wp-content\/uploads\/2025\/12\/gx30h70-300x300.jpg 300w, https:\/\/falto.colordrop.pl\/wp-content\/uploads\/2025\/12\/gx30h70-150x150.jpg 150w, https:\/\/falto.colordrop.pl\/wp-content\/uploads\/2025\/12\/gx30h70-928x928.jpg 928w, https:\/\/falto.colordrop.pl\/wp-content\/uploads\/2025\/12\/gx30h70-780x780.jpg 780w, https:\/\/falto.colordrop.pl\/wp-content\/uploads\/2025\/12\/gx30h70-96x96.jpg 96w, https:\/\/falto.colordrop.pl\/wp-content\/uploads\/2025\/12\/gx30h70-408x408.jpg 408w, https:\/\/falto.colordrop.pl\/wp-content\/uploads\/2025\/12\/gx30h70-513x513.jpg 513w, https:\/\/falto.colordrop.pl\/wp-content\/uploads\/2025\/12\/gx30h70-198x198.jpg 198w, https:\/\/falto.colordrop.pl\/wp-content\/uploads\/2025\/12\/gx30h70-200x200.jpg 200w, https:\/\/falto.colordrop.pl\/wp-content\/uploads\/2025\/12\/gx30h70-500x500.jpg 500w, https:\/\/falto.colordrop.pl\/wp-content\/uploads\/2025\/12\/gx30h70-100x100.jpg 100w, https:\/\/falto.colordrop.pl\/wp-content\/uploads\/2025\/12\/gx30h70.jpg 1000w\" sizes=\"auto, (max-width: 768px) 100vw, 768px\" loading=\"lazy\" fetchpriority=\"low\" \/>\n\t\t\t<\/div><\/figure><figure class='gallery-item'>\n\t\t\t<div class='gallery-icon landscape'>\n\t\t\t\t<img loading=\"lazy\" decoding=\"async\" width=\"768\" height=\"768\" src=\"https:\/\/falto.colordrop.pl\/wp-content\/uploads\/2025\/12\/falto_dom_salon-16-sq-1-768x768.jpg\" class=\"attachment-medium_large size-medium_large\" alt=\"\" srcset=\"https:\/\/falto.colordrop.pl\/wp-content\/uploads\/2025\/12\/falto_dom_salon-16-sq-1-768x768.jpg 768w, https:\/\/falto.colordrop.pl\/wp-content\/uploads\/2025\/12\/falto_dom_salon-16-sq-1-300x300.jpg 300w, https:\/\/falto.colordrop.pl\/wp-content\/uploads\/2025\/12\/falto_dom_salon-16-sq-1-150x150.jpg 150w, https:\/\/falto.colordrop.pl\/wp-content\/uploads\/2025\/12\/falto_dom_salon-16-sq-1-928x928.jpg 928w, https:\/\/falto.colordrop.pl\/wp-content\/uploads\/2025\/12\/falto_dom_salon-16-sq-1-780x780.jpg 780w, https:\/\/falto.colordrop.pl\/wp-content\/uploads\/2025\/12\/falto_dom_salon-16-sq-1-96x96.jpg 96w, https:\/\/falto.colordrop.pl\/wp-content\/uploads\/2025\/12\/falto_dom_salon-16-sq-1-408x408.jpg 408w, https:\/\/falto.colordrop.pl\/wp-content\/uploads\/2025\/12\/falto_dom_salon-16-sq-1-513x513.jpg 513w, https:\/\/falto.colordrop.pl\/wp-content\/uploads\/2025\/12\/falto_dom_salon-16-sq-1-198x198.jpg 198w, https:\/\/falto.colordrop.pl\/wp-content\/uploads\/2025\/12\/falto_dom_salon-16-sq-1-200x200.jpg 200w, https:\/\/falto.colordrop.pl\/wp-content\/uploads\/2025\/12\/falto_dom_salon-16-sq-1-500x500.jpg 500w, https:\/\/falto.colordrop.pl\/wp-content\/uploads\/2025\/12\/falto_dom_salon-16-sq-1-100x100.jpg 100w, https:\/\/falto.colordrop.pl\/wp-content\/uploads\/2025\/12\/falto_dom_salon-16-sq-1.jpg 1000w\" sizes=\"auto, (max-width: 768px) 100vw, 768px\" loading=\"lazy\" fetchpriority=\"low\" \/>\n\t\t\t<\/div><\/figure>\n\t\t<\/div>\n\t\t<\/div>\n\t\t\t\t\t\t<\/div>\n\t\t\t\t<\/div>\n\t\t\t\t<\/div>\n\t\t\n","protected":false},"excerpt":{"rendered":"<p><span class=\"TextRun SCXW165973765 BCX8\" lang=\"PL-PL\" xml:lang=\"PL-PL\" data-contrast=\"auto\"><span class=\"NormalTextRun SpellingErrorV2Themed SCXW165973765 BCX8\">Hocker<\/span> <span class=\"NormalTextRun SCXW165973765 BCX8\">70, der flexibel jeder Bewegung folgt, als einzelner <\/span><span class=\"NormalTextRun SCXW165973765 BCX8\">Hocker oder<\/span><span class=\"NormalTextRun SCXW165973765 BCX8\"> \u00dcbungsger\u00e4t, \u00e4hnlich<\/span><span class=\"NormalTextRun SCXW165973765 BCX8\">wie bei<\/span><span class=\"NormalTextRun SCXW165973765 BCX8\"> Ball<\/span><span class=\"NormalTextRun SCXW165973765 BCX8\">a<\/span> <span class=\"NormalTextRun SCXW165973765 BCX8\">Gymnastikball<\/span><span class=\"NormalTextRun SCXW165973765 BCX8\">&#8230; erg\u00e4nzt perfekt die Bewegung des Galaxy.<\/span><\/span><\/p>\n","protected":false},"featured_media":9956,"template":"","meta":{"_acf_changed":false},"product_brand":[351],"product_cat":[400],"product_tag":[],"class_list":{"0":"post-9955","1":"product","2":"type-product","3":"status-publish","4":"has-post-thumbnail","6":"product_brand-falto","7":"product_cat-sessel","8":"tm-has-options","10":"first","11":"instock","12":"shipping-taxable","13":"purchasable","14":"product-type-simple"},"acf":[],"_links":{"self":[{"href":"https:\/\/falto.colordrop.pl\/de\/wp-json\/wp\/v2\/product\/9955","targetHints":{"allow":["GET"]}}],"collection":[{"href":"https:\/\/falto.colordrop.pl\/de\/wp-json\/wp\/v2\/product"}],"about":[{"href":"https:\/\/falto.colordrop.pl\/de\/wp-json\/wp\/v2\/types\/product"}],"wp:featuredmedia":[{"embeddable":true,"href":"https:\/\/falto.colordrop.pl\/de\/wp-json\/wp\/v2\/media\/9956"}],"wp:attachment":[{"href":"https:\/\/falto.colordrop.pl\/de\/wp-json\/wp\/v2\/media?parent=9955"}],"wp:term":[{"taxonomy":"product_brand","embeddable":true,"href":"https:\/\/falto.colordrop.pl\/de\/wp-json\/wp\/v2\/product_brand?post=9955"},{"taxonomy":"product_cat","embeddable":true,"href":"https:\/\/falto.colordrop.pl\/de\/wp-json\/wp\/v2\/product_cat?post=9955"},{"taxonomy":"product_tag","embeddable":true,"href":"https:\/\/falto.colordrop.pl\/de\/wp-json\/wp\/v2\/product_tag?post=9955"}],"curies":[{"name":"wp","href":"https:\/\/api.w.org\/{rel}","templated":true}]}}