{"id":9948,"date":"2025-12-08T13:55:53","date_gmt":"2025-12-08T12:55:53","guid":{"rendered":"https:\/\/falto.colordrop.pl\/product\/todo-45\/"},"modified":"2025-12-23T14:44:50","modified_gmt":"2025-12-23T13:44:50","slug":"todo-45","status":"publish","type":"product","link":"https:\/\/falto.colordrop.pl\/de\/produkt\/todo-45\/","title":{"rendered":"ToDo 45"},"content":{"rendered":"<style>.elementor-10002 .elementor-element.elementor-element-056ff54{--display:grid;--e-con-grid-template-columns:repeat(2, 1fr);--e-con-grid-template-rows:repeat(1, 1fr);--grid-auto-flow:row;}.elementor-10002 .elementor-element.elementor-element-8cccc57{text-align:start;}.elementor-10002 .elementor-element.elementor-element-8cccc57 p{margin-block-end:16px;}.elementor-10002 .elementor-element.elementor-element-3be2796{background-color:#FFFFFF;border-style:none;border-radius:20px 20px 20px 20px;}.elementor-10002 .elementor-element.elementor-element-3be2796 .elementor-wrapper{--video-aspect-ratio:1;filter:brightness( 100% ) contrast( 100% ) saturate( 100% ) blur( 0px ) hue-rotate( 0deg );}.elementor-10002 .elementor-element.elementor-element-1a856f1{--display:flex;}.elementor-10002 .elementor-element.elementor-element-05a2456 .gallery-item{padding:0 15px 15px 0;}.elementor-10002 .elementor-element.elementor-element-05a2456 .gallery{margin:0 -15px -15px 0;}.elementor-10002 .elementor-element.elementor-element-05a2456 .gallery-item img{border-radius:20px 20px 20px 20px;}.elementor-10002 .elementor-element.elementor-element-05a2456 .gallery-item .gallery-caption{text-align:center;} .tf-topbar{display:block;} #header{display:block;} #mobileMenu{display:block;} #footer{display:block;} .info-footer{display:block;} #bottom{display:block;} .tf-page-title{display:block;}@media(max-width:1024px){.elementor-10002 .elementor-element.elementor-element-056ff54{--grid-auto-flow:row;}}@media(max-width:767px){.elementor-10002 .elementor-element.elementor-element-056ff54{--e-con-grid-template-columns:repeat(1, 1fr);--grid-auto-flow:row;}}<\/style>\t\t<div data-elementor-type=\"section\" data-elementor-id=\"10002\" class=\"elementor elementor-10002 elementor-9801\">\n\t\t\t\t<div class=\"elementor-element elementor-element-056ff54 e-grid e-con-boxed e-con e-parent\" data-id=\"056ff54\" data-element_type=\"container\" data-settings=\"{&quot;background_background&quot;:&quot;classic&quot;}\">\n\t\t\t\t\t<div class=\"e-con-inner\">\n\t\t\t\t<div class=\"elementor-element elementor-element-8cccc57 elementor-widget elementor-widget-text-editor\" data-id=\"8cccc57\" data-element_type=\"widget\" data-widget_type=\"text-editor.default\">\n\t\t\t\t\t\t\t\t\t<p><strong>Wir definieren &#8218;gutes Design&#8216; tiefer: Es ist nicht nur eine Form - wir haben eine Funktion hinzugef\u00fcgt.  <\/strong><\/p><p><span data-contrast=\"auto\">Der neue ToDo 45 l\u00e4sst sich beim Arbeiten, Essen und Ausruhen m\u00fchelos anpassen. Er bietet dem R\u00fccken eine gute Unterst\u00fctzung und Druckentlastung. Er ist vielseitig einsetzbar und wird standardm\u00e4\u00dfig mit Armlehnen, die auf Wunsch auch gepolstert werden k\u00f6nnen, und einer Kopfst\u00fctze geliefert.  <\/span><span data-ccp-props=\"{\"201341983\":0,\"335551550\":1,\"335551620\":1,\"335559738\":100,\"335559739\":100,\"335559740\":240}\"> <\/span><\/p>\t\t\t\t\t\t\t\t<\/div>\n\t\t\t\t<div class=\"elementor-element elementor-element-3be2796 elementor-widget elementor-widget-video\" data-id=\"3be2796\" data-element_type=\"widget\" data-settings=\"{&quot;video_type&quot;:&quot;hosted&quot;,&quot;autoplay&quot;:&quot;yes&quot;,&quot;play_on_mobile&quot;:&quot;yes&quot;,&quot;mute&quot;:&quot;yes&quot;,&quot;loop&quot;:&quot;yes&quot;,&quot;controls&quot;:&quot;yes&quot;}\" data-widget_type=\"video.default\">\n\t\t\t\t\t\t\t<div class=\"e-hosted-video elementor-wrapper elementor-open-inline\">\n\t\t\t\t\t<video class=\"elementor-video\" src=\"https:\/\/falto.colordrop.pl\/wp-content\/uploads\/2025\/12\/falto-td45-opt.mp4\" autoplay=\"\" loop=\"\" controls=\"\" muted=\"muted\" playsinline=\"\" controlsList=\"nodownload\"><\/video>\n\t\t\t\t<\/div>\n\t\t\t\t\t\t<\/div>\n\t\t\t\t\t<\/div>\n\t\t\t\t<\/div>\n\t\t<div class=\"elementor-element elementor-element-1a856f1 e-flex e-con-boxed e-con e-parent\" data-id=\"1a856f1\" data-element_type=\"container\">\n\t\t\t\t\t<div class=\"e-con-inner\">\n\t\t\t\t<div class=\"elementor-element elementor-element-05a2456 gallery-spacing-custom elementor-widget elementor-widget-image-gallery\" data-id=\"05a2456\" data-element_type=\"widget\" data-widget_type=\"image-gallery.default\">\n\t\t\t\t\t\t\t<div class=\"elementor-image-gallery\">\n\t\t\t<div id='gallery-1' class='gallery galleryid-9948 gallery-columns-2 gallery-size-medium_large'><figure class='gallery-item'>\n\t\t\t<div class='gallery-icon landscape'>\n\t\t\t\t<img loading=\"lazy\" decoding=\"async\" width=\"768\" height=\"576\" src=\"https:\/\/falto.colordrop.pl\/wp-content\/uploads\/2025\/11\/240725_office2_fotel_jeden1_002color-768x576.jpg\" class=\"attachment-medium_large size-medium_large\" alt=\"\" srcset=\"https:\/\/falto.colordrop.pl\/wp-content\/uploads\/2025\/11\/240725_office2_fotel_jeden1_002color-768x576.jpg 768w, https:\/\/falto.colordrop.pl\/wp-content\/uploads\/2025\/11\/240725_office2_fotel_jeden1_002color-500x375.jpg 500w, https:\/\/falto.colordrop.pl\/wp-content\/uploads\/2025\/11\/240725_office2_fotel_jeden1_002color-300x225.jpg 300w, https:\/\/falto.colordrop.pl\/wp-content\/uploads\/2025\/11\/240725_office2_fotel_jeden1_002color-1024x768.jpg 1024w, https:\/\/falto.colordrop.pl\/wp-content\/uploads\/2025\/11\/240725_office2_fotel_jeden1_002color-1536x1152.jpg 1536w, https:\/\/falto.colordrop.pl\/wp-content\/uploads\/2025\/11\/240725_office2_fotel_jeden1_002color.jpg 1920w\" sizes=\"auto, (max-width: 768px) 100vw, 768px\" loading=\"lazy\" fetchpriority=\"low\" \/>\n\t\t\t<\/div><\/figure><figure class='gallery-item'>\n\t\t\t<div class='gallery-icon landscape'>\n\t\t\t\t<img loading=\"lazy\" decoding=\"async\" width=\"768\" height=\"576\" src=\"https:\/\/falto.colordrop.pl\/wp-content\/uploads\/2025\/11\/falto_dom_stol_b-1-768x576.jpg\" class=\"attachment-medium_large size-medium_large\" alt=\"\" srcset=\"https:\/\/falto.colordrop.pl\/wp-content\/uploads\/2025\/11\/falto_dom_stol_b-1-768x576.jpg 768w, https:\/\/falto.colordrop.pl\/wp-content\/uploads\/2025\/11\/falto_dom_stol_b-1-500x375.jpg 500w, https:\/\/falto.colordrop.pl\/wp-content\/uploads\/2025\/11\/falto_dom_stol_b-1-300x225.jpg 300w, https:\/\/falto.colordrop.pl\/wp-content\/uploads\/2025\/11\/falto_dom_stol_b-1-1024x768.jpg 1024w, https:\/\/falto.colordrop.pl\/wp-content\/uploads\/2025\/11\/falto_dom_stol_b-1-1536x1152.jpg 1536w, https:\/\/falto.colordrop.pl\/wp-content\/uploads\/2025\/11\/falto_dom_stol_b-1.jpg 1920w\" sizes=\"auto, (max-width: 768px) 100vw, 768px\" loading=\"lazy\" fetchpriority=\"low\" \/>\n\t\t\t<\/div><\/figure><figure class='gallery-item'>\n\t\t\t<div class='gallery-icon landscape'>\n\t\t\t\t<img loading=\"lazy\" decoding=\"async\" width=\"768\" height=\"576\" src=\"https:\/\/falto.colordrop.pl\/wp-content\/uploads\/2025\/11\/falto_dom_salon-9-768x576.jpg\" class=\"attachment-medium_large size-medium_large\" alt=\"\" srcset=\"https:\/\/falto.colordrop.pl\/wp-content\/uploads\/2025\/11\/falto_dom_salon-9-768x576.jpg 768w, https:\/\/falto.colordrop.pl\/wp-content\/uploads\/2025\/11\/falto_dom_salon-9-500x375.jpg 500w, https:\/\/falto.colordrop.pl\/wp-content\/uploads\/2025\/11\/falto_dom_salon-9-300x225.jpg 300w, https:\/\/falto.colordrop.pl\/wp-content\/uploads\/2025\/11\/falto_dom_salon-9-1024x768.jpg 1024w, https:\/\/falto.colordrop.pl\/wp-content\/uploads\/2025\/11\/falto_dom_salon-9-1536x1152.jpg 1536w, https:\/\/falto.colordrop.pl\/wp-content\/uploads\/2025\/11\/falto_dom_salon-9.jpg 1920w\" sizes=\"auto, (max-width: 768px) 100vw, 768px\" loading=\"lazy\" fetchpriority=\"low\" \/>\n\t\t\t<\/div><\/figure>\n\t\t<\/div>\n\t\t<\/div>\n\t\t\t\t\t\t<\/div>\n\t\t\t\t\t<\/div>\n\t\t\t\t<\/div>\n\t\t\t\t<\/div>\n\t\t\n","protected":false},"excerpt":{"rendered":"<p><span class=\"TextRun SCXW197970893 BCX8\" lang=\"PL-PL\" data-contrast=\"auto\" xml:lang=\"PL-PL\"><span class=\"NormalTextRun SpellingErrorV2Themed SCXW197970893 BCX8\">ToDo<\/span><span class=\"NormalTextRun SCXW197970893 BCX8\"> 45 l\u00e4sst sich beim Arbeiten, Essen und Ausruhen m\u00fchelos anpassen. Er bietet dem R\u00fccken eine gute Unterst\u00fctzung und Druckentlastung. Vielseitig einsetzbar, standardm\u00e4\u00dfig mit Armlehnen, auf Wunsch auch gepolstert, und einer Kopfst\u00fctze ausgestattet.<\/span><\/span><span class=\"EOP SCXW197970893 BCX8\" data-ccp-props=\"{\"201341983\":0,\"335551550\":1,\"335551620\":1,\"335559738\":100,\"335559739\":100,\"335559740\":240}\"> <\/span><\/p>\n","protected":false},"featured_media":9950,"template":"","meta":{"_acf_changed":false},"product_brand":[351],"product_cat":[352],"product_tag":[],"class_list":{"0":"post-9948","1":"product","2":"type-product","3":"status-publish","4":"has-post-thumbnail","6":"product_brand-falto","7":"product_cat-stuhle","8":"tm-has-options","10":"first","11":"instock","12":"shipping-taxable","13":"purchasable","14":"product-type-simple"},"acf":[],"_links":{"self":[{"href":"https:\/\/falto.colordrop.pl\/de\/wp-json\/wp\/v2\/product\/9948","targetHints":{"allow":["GET"]}}],"collection":[{"href":"https:\/\/falto.colordrop.pl\/de\/wp-json\/wp\/v2\/product"}],"about":[{"href":"https:\/\/falto.colordrop.pl\/de\/wp-json\/wp\/v2\/types\/product"}],"wp:featuredmedia":[{"embeddable":true,"href":"https:\/\/falto.colordrop.pl\/de\/wp-json\/wp\/v2\/media\/9950"}],"wp:attachment":[{"href":"https:\/\/falto.colordrop.pl\/de\/wp-json\/wp\/v2\/media?parent=9948"}],"wp:term":[{"taxonomy":"product_brand","embeddable":true,"href":"https:\/\/falto.colordrop.pl\/de\/wp-json\/wp\/v2\/product_brand?post=9948"},{"taxonomy":"product_cat","embeddable":true,"href":"https:\/\/falto.colordrop.pl\/de\/wp-json\/wp\/v2\/product_cat?post=9948"},{"taxonomy":"product_tag","embeddable":true,"href":"https:\/\/falto.colordrop.pl\/de\/wp-json\/wp\/v2\/product_tag?post=9948"}],"curies":[{"name":"wp","href":"https:\/\/api.w.org\/{rel}","templated":true}]}}