{"id":9829,"date":"2025-12-08T17:12:40","date_gmt":"2025-12-08T16:12:40","guid":{"rendered":"https:\/\/falto.colordrop.pl\/product\/tanz-25\/"},"modified":"2025-12-30T17:48:46","modified_gmt":"2025-12-30T16:48:46","slug":"dance-25","status":"publish","type":"product","link":"https:\/\/falto.colordrop.pl\/de\/produkt\/dance-25\/","title":{"rendered":"Dance 25"},"content":{"rendered":"<style>.elementor-9846 .elementor-element.elementor-element-056ff54{--display:grid;--e-con-grid-template-columns:1fr 1fr;--e-con-grid-template-rows:repeat(1, 1fr);--grid-auto-flow:row;}.elementor-9846 .elementor-element.elementor-element-8cccc57{text-align:start;font-size:16px;}.elementor-9846 .elementor-element.elementor-element-8cccc57 p{margin-block-end:16px;}.elementor-9846 .elementor-element.elementor-element-3be2796{background-color:#FFFFFF;border-style:none;border-radius:20px 20px 20px 20px;}.elementor-9846 .elementor-element.elementor-element-3be2796 .elementor-wrapper{--video-aspect-ratio:1;filter:brightness( 100% ) contrast( 100% ) saturate( 100% ) blur( 0px ) hue-rotate( 0deg );}.elementor-9846 .elementor-element.elementor-element-1a856f1{--display:flex;}.elementor-9846 .elementor-element.elementor-element-05a2456 .gallery-item .gallery-caption{display:none;}.elementor-9846 .elementor-element.elementor-element-05a2456 .gallery-item{padding:0 15px 15px 0;}.elementor-9846 .elementor-element.elementor-element-05a2456 .gallery{margin:0 -15px -15px 0;}.elementor-9846 .elementor-element.elementor-element-05a2456 .gallery-item img{border-radius:20px 20px 20px 20px;} .tf-topbar{display:block;} #header{display:block;} #mobileMenu{display:block;} #footer{display:block;} .info-footer{display:block;} #bottom{display:block;} .tf-page-title{display:block;}@media(max-width:1024px){.elementor-9846 .elementor-element.elementor-element-056ff54{--grid-auto-flow:row;}}@media(max-width:767px){.elementor-9846 .elementor-element.elementor-element-056ff54{--e-con-grid-template-columns:1;--grid-auto-flow:row;}}<\/style>\t\t<div data-elementor-type=\"section\" data-elementor-id=\"9846\" class=\"elementor elementor-9846 elementor-9732\">\n\t\t\t\t<div class=\"elementor-element elementor-element-056ff54 e-grid e-con-full e-con e-parent\" data-id=\"056ff54\" data-element_type=\"container\" data-settings=\"{&quot;background_background&quot;:&quot;classic&quot;}\">\n\t\t\t\t<div class=\"elementor-element elementor-element-8cccc57 elementor-widget elementor-widget-text-editor\" data-id=\"8cccc57\" data-element_type=\"widget\" data-widget_type=\"text-editor.default\">\n\t\t\t\t\t\t\t\t\t<p data-ccp-border-bottom=\"0px none #000000\" data-ccp-padding-bottom=\"0px\" data-ccp-border-between=\"0px none #000000\" data-ccp-padding-between=\"0px\"><span data-contrast=\"none\"><strong>Aktiv am Schreibtisch<\/strong> - sitzend und frei in jede Richtung bewegend. Die dynamischen Eigenschaften des Tanzes garantieren maximale Konzentration und Ausdauer mit einem Gef\u00fchl der Leichtigkeit. Das l\u00f6st Blockaden und \u00fcberwindet das Gef\u00fchl, an den Schreibtisch &#8222;gefesselt&#8220; zu sein.  <\/span><span data-ccp-props=\"{\"201341983\":0,\"335551550\":1,\"335551620\":1,\"335559739\":0,\"335559740\":240,\"335572071\":0,\"335572072\":0,\"335572073\":4278190080,\"335572075\":0,\"335572076\":0,\"335572077\":4278190080,\"335572079\":0,\"335572080\":0,\"335572081\":4278190080,\"335572083\":0,\"335572084\":0,\"335572085\":4278190080,\"335572087\":0,\"335572088\":0,\"335572089\":4278190080,\"469789798\":\"nil\",\"469789802\":\"nil\",\"469789806\":\"nil\",\"469789810\":\"nil\",\"469789814\":\"nil\"}\"> <\/span><\/p><p data-ccp-border-between=\"0px none #000000\" data-ccp-padding-between=\"0px\"><span data-contrast=\"none\"><strong>Der Dance-Sitz<\/strong> kombiniert mehrere einzigartige Funktionen: Die so genannte 3D-Sitzmobilit\u00e4t wird von einem <strong>System<\/strong> begleitet, das die Tiefe der R\u00fcckenlehne an die aktuelle Position und den Bedarf anpasst: Wenn Sie arbeiten, lehnen Sie Ihren Oberk\u00f6rper nach vorne und ziehen gleichzeitig die R\u00fcckenlehne nach oben; wenn Sie entspannen, schieben Sie die R\u00fcckenlehne zur\u00fcck. Auf diese Weise wird eine stabile Unterst\u00fctzung und Druckentlastung der Wirbels\u00e4ule gew\u00e4hrleistet, w\u00e4hrend die richtige Haltung beibehalten wird. Erleichtert wird dies durch die h\u00f6henverstellbare, flexible Kopfst\u00fctze. Da sie unabh\u00e4ngig von der beweglichen R\u00fcckenlehne positioniert ist, garantiert sie v\u00f6llige Bewegungsfreiheit und entlastet die Arme.   <\/span><span data-ccp-props=\"{\"201341983\":0,\"335551550\":1,\"335551620\":1,\"335559739\":0,\"335559740\":240,\"335572071\":0,\"335572072\":0,\"335572073\":4278190080,\"335572075\":0,\"335572076\":0,\"335572077\":4278190080,\"335572079\":0,\"335572080\":0,\"335572081\":4278190080,\"335572083\":0,\"335572084\":0,\"335572085\":4278190080,\"335572087\":0,\"335572088\":0,\"335572089\":4278190080,\"469789798\":\"nil\",\"469789802\":\"nil\",\"469789806\":\"nil\",\"469789810\":\"nil\",\"469789814\":\"nil\"}\"> <\/span><\/p>\t\t\t\t\t\t\t\t<\/div>\n\t\t\t\t<div class=\"elementor-element elementor-element-3be2796 elementor-widget elementor-widget-video\" data-id=\"3be2796\" data-element_type=\"widget\" data-settings=\"{&quot;video_type&quot;:&quot;hosted&quot;,&quot;autoplay&quot;:&quot;yes&quot;,&quot;play_on_mobile&quot;:&quot;yes&quot;,&quot;mute&quot;:&quot;yes&quot;,&quot;loop&quot;:&quot;yes&quot;,&quot;controls&quot;:&quot;yes&quot;}\" data-widget_type=\"video.default\">\n\t\t\t\t\t\t\t<div class=\"e-hosted-video elementor-wrapper elementor-open-inline\">\n\t\t\t\t\t<video class=\"elementor-video\" src=\"https:\/\/falto.colordrop.pl\/wp-content\/uploads\/2025\/12\/Falto-Dance-25-Pl-opt.mp4\" autoplay=\"\" loop=\"\" controls=\"\" muted=\"muted\" playsinline=\"\" controlsList=\"nodownload\"><\/video>\n\t\t\t\t<\/div>\n\t\t\t\t\t\t<\/div>\n\t\t\t\t<\/div>\n\t\t<div class=\"elementor-element elementor-element-1a856f1 e-con-full e-flex e-con e-parent\" data-id=\"1a856f1\" data-element_type=\"container\">\n\t\t\t\t<div class=\"elementor-element elementor-element-05a2456 gallery-spacing-custom elementor-widget elementor-widget-image-gallery\" data-id=\"05a2456\" data-element_type=\"widget\" data-widget_type=\"image-gallery.default\">\n\t\t\t\t\t\t\t<div class=\"elementor-image-gallery\">\n\t\t\t<div id='gallery-1' class='gallery galleryid-9829 gallery-columns-2 gallery-size-medium_large'><figure class='gallery-item'>\n\t\t\t<div class='gallery-icon landscape'>\n\t\t\t\t<img loading=\"lazy\" decoding=\"async\" width=\"768\" height=\"576\" src=\"https:\/\/falto.colordrop.pl\/wp-content\/uploads\/2025\/11\/240724_office1_gabinet2_001_color-768x576.jpg\" class=\"attachment-medium_large size-medium_large\" alt=\"\" srcset=\"https:\/\/falto.colordrop.pl\/wp-content\/uploads\/2025\/11\/240724_office1_gabinet2_001_color-768x576.jpg 768w, https:\/\/falto.colordrop.pl\/wp-content\/uploads\/2025\/11\/240724_office1_gabinet2_001_color-500x375.jpg 500w, https:\/\/falto.colordrop.pl\/wp-content\/uploads\/2025\/11\/240724_office1_gabinet2_001_color-300x225.jpg 300w, https:\/\/falto.colordrop.pl\/wp-content\/uploads\/2025\/11\/240724_office1_gabinet2_001_color-1024x768.jpg 1024w, https:\/\/falto.colordrop.pl\/wp-content\/uploads\/2025\/11\/240724_office1_gabinet2_001_color-1536x1152.jpg 1536w, https:\/\/falto.colordrop.pl\/wp-content\/uploads\/2025\/11\/240724_office1_gabinet2_001_color.jpg 1920w\" sizes=\"auto, (max-width: 768px) 100vw, 768px\" loading=\"lazy\" fetchpriority=\"low\" \/>\n\t\t\t<\/div><\/figure><figure class='gallery-item'>\n\t\t\t<div class='gallery-icon landscape'>\n\t\t\t\t<img loading=\"lazy\" decoding=\"async\" width=\"768\" height=\"576\" src=\"https:\/\/falto.colordrop.pl\/wp-content\/uploads\/2025\/12\/240725_office2_fotel_jeden3_001-1-768x576.jpg\" class=\"attachment-medium_large size-medium_large\" alt=\"\" srcset=\"https:\/\/falto.colordrop.pl\/wp-content\/uploads\/2025\/12\/240725_office2_fotel_jeden3_001-1-768x576.jpg 768w, https:\/\/falto.colordrop.pl\/wp-content\/uploads\/2025\/12\/240725_office2_fotel_jeden3_001-1-500x375.jpg 500w, https:\/\/falto.colordrop.pl\/wp-content\/uploads\/2025\/12\/240725_office2_fotel_jeden3_001-1-300x225.jpg 300w, https:\/\/falto.colordrop.pl\/wp-content\/uploads\/2025\/12\/240725_office2_fotel_jeden3_001-1-1024x768.jpg 1024w, https:\/\/falto.colordrop.pl\/wp-content\/uploads\/2025\/12\/240725_office2_fotel_jeden3_001-1-1536x1152.jpg 1536w, https:\/\/falto.colordrop.pl\/wp-content\/uploads\/2025\/12\/240725_office2_fotel_jeden3_001-1.jpg 1920w\" sizes=\"auto, (max-width: 768px) 100vw, 768px\" loading=\"lazy\" fetchpriority=\"low\" \/>\n\t\t\t<\/div><\/figure><figure class='gallery-item'>\n\t\t\t<div class='gallery-icon portrait'>\n\t\t\t\t<img loading=\"lazy\" decoding=\"async\" width=\"768\" height=\"1024\" src=\"https:\/\/falto.colordrop.pl\/wp-content\/uploads\/2025\/12\/240726_office2_fotele1.001_002-768x1024.jpg\" class=\"attachment-medium_large size-medium_large\" alt=\"\" srcset=\"https:\/\/falto.colordrop.pl\/wp-content\/uploads\/2025\/12\/240726_office2_fotele1.001_002-768x1024.jpg 768w, https:\/\/falto.colordrop.pl\/wp-content\/uploads\/2025\/12\/240726_office2_fotele1.001_002-500x667.jpg 500w, https:\/\/falto.colordrop.pl\/wp-content\/uploads\/2025\/12\/240726_office2_fotele1.001_002-225x300.jpg 225w, https:\/\/falto.colordrop.pl\/wp-content\/uploads\/2025\/12\/240726_office2_fotele1.001_002-1152x1536.jpg 1152w, https:\/\/falto.colordrop.pl\/wp-content\/uploads\/2025\/12\/240726_office2_fotele1.001_002-196x260.jpg 196w, https:\/\/falto.colordrop.pl\/wp-content\/uploads\/2025\/12\/240726_office2_fotele1.001_002.jpg 1440w\" sizes=\"auto, (max-width: 768px) 100vw, 768px\" loading=\"lazy\" fetchpriority=\"low\" \/>\n\t\t\t<\/div><\/figure><figure class='gallery-item'>\n\t\t\t<div class='gallery-icon portrait'>\n\t\t\t\t<img loading=\"lazy\" decoding=\"async\" width=\"768\" height=\"1024\" src=\"https:\/\/falto.colordrop.pl\/wp-content\/uploads\/2025\/12\/240725_office1_fotele2_pion_002-768x1024.jpg\" class=\"attachment-medium_large size-medium_large\" alt=\"\" srcset=\"https:\/\/falto.colordrop.pl\/wp-content\/uploads\/2025\/12\/240725_office1_fotele2_pion_002-768x1024.jpg 768w, https:\/\/falto.colordrop.pl\/wp-content\/uploads\/2025\/12\/240725_office1_fotele2_pion_002-500x667.jpg 500w, https:\/\/falto.colordrop.pl\/wp-content\/uploads\/2025\/12\/240725_office1_fotele2_pion_002-225x300.jpg 225w, https:\/\/falto.colordrop.pl\/wp-content\/uploads\/2025\/12\/240725_office1_fotele2_pion_002-1152x1536.jpg 1152w, https:\/\/falto.colordrop.pl\/wp-content\/uploads\/2025\/12\/240725_office1_fotele2_pion_002-196x260.jpg 196w, https:\/\/falto.colordrop.pl\/wp-content\/uploads\/2025\/12\/240725_office1_fotele2_pion_002.jpg 1440w\" sizes=\"auto, (max-width: 768px) 100vw, 768px\" loading=\"lazy\" fetchpriority=\"low\" \/>\n\t\t\t<\/div><\/figure><figure class='gallery-item'>\n\t\t\t<div class='gallery-icon landscape'>\n\t\t\t\t<img loading=\"lazy\" decoding=\"async\" width=\"768\" height=\"768\" src=\"https:\/\/falto.colordrop.pl\/wp-content\/uploads\/2025\/12\/DA-20-M-Lacht-2-768x768.jpg\" class=\"attachment-medium_large size-medium_large\" alt=\"\" srcset=\"https:\/\/falto.colordrop.pl\/wp-content\/uploads\/2025\/12\/DA-20-M-Lacht-2-768x768.jpg 768w, https:\/\/falto.colordrop.pl\/wp-content\/uploads\/2025\/12\/DA-20-M-Lacht-2-150x150.jpg 150w, https:\/\/falto.colordrop.pl\/wp-content\/uploads\/2025\/12\/DA-20-M-Lacht-2-100x100.jpg 100w, https:\/\/falto.colordrop.pl\/wp-content\/uploads\/2025\/12\/DA-20-M-Lacht-2-500x500.jpg 500w, https:\/\/falto.colordrop.pl\/wp-content\/uploads\/2025\/12\/DA-20-M-Lacht-2-300x300.jpg 300w, https:\/\/falto.colordrop.pl\/wp-content\/uploads\/2025\/12\/DA-20-M-Lacht-2-928x928.jpg 928w, https:\/\/falto.colordrop.pl\/wp-content\/uploads\/2025\/12\/DA-20-M-Lacht-2-780x780.jpg 780w, https:\/\/falto.colordrop.pl\/wp-content\/uploads\/2025\/12\/DA-20-M-Lacht-2-96x96.jpg 96w, https:\/\/falto.colordrop.pl\/wp-content\/uploads\/2025\/12\/DA-20-M-Lacht-2-408x408.jpg 408w, https:\/\/falto.colordrop.pl\/wp-content\/uploads\/2025\/12\/DA-20-M-Lacht-2-513x513.jpg 513w, https:\/\/falto.colordrop.pl\/wp-content\/uploads\/2025\/12\/DA-20-M-Lacht-2-198x198.jpg 198w, https:\/\/falto.colordrop.pl\/wp-content\/uploads\/2025\/12\/DA-20-M-Lacht-2-200x200.jpg 200w, https:\/\/falto.colordrop.pl\/wp-content\/uploads\/2025\/12\/DA-20-M-Lacht-2.jpg 1000w\" sizes=\"auto, (max-width: 768px) 100vw, 768px\" loading=\"lazy\" fetchpriority=\"low\" \/>\n\t\t\t<\/div><\/figure><figure class='gallery-item'>\n\t\t\t<div class='gallery-icon landscape'>\n\t\t\t\t<img loading=\"lazy\" decoding=\"async\" width=\"768\" height=\"768\" src=\"https:\/\/falto.colordrop.pl\/wp-content\/uploads\/2025\/12\/falto-0645-1-768x768.jpg\" class=\"attachment-medium_large size-medium_large\" alt=\"\" srcset=\"https:\/\/falto.colordrop.pl\/wp-content\/uploads\/2025\/12\/falto-0645-1-768x768.jpg 768w, https:\/\/falto.colordrop.pl\/wp-content\/uploads\/2025\/12\/falto-0645-1-150x150.jpg 150w, https:\/\/falto.colordrop.pl\/wp-content\/uploads\/2025\/12\/falto-0645-1-100x100.jpg 100w, https:\/\/falto.colordrop.pl\/wp-content\/uploads\/2025\/12\/falto-0645-1-500x500.jpg 500w, https:\/\/falto.colordrop.pl\/wp-content\/uploads\/2025\/12\/falto-0645-1-300x300.jpg 300w, https:\/\/falto.colordrop.pl\/wp-content\/uploads\/2025\/12\/falto-0645-1-928x928.jpg 928w, https:\/\/falto.colordrop.pl\/wp-content\/uploads\/2025\/12\/falto-0645-1-780x780.jpg 780w, https:\/\/falto.colordrop.pl\/wp-content\/uploads\/2025\/12\/falto-0645-1-96x96.jpg 96w, https:\/\/falto.colordrop.pl\/wp-content\/uploads\/2025\/12\/falto-0645-1-408x408.jpg 408w, https:\/\/falto.colordrop.pl\/wp-content\/uploads\/2025\/12\/falto-0645-1-513x513.jpg 513w, https:\/\/falto.colordrop.pl\/wp-content\/uploads\/2025\/12\/falto-0645-1-198x198.jpg 198w, https:\/\/falto.colordrop.pl\/wp-content\/uploads\/2025\/12\/falto-0645-1-200x200.jpg 200w, https:\/\/falto.colordrop.pl\/wp-content\/uploads\/2025\/12\/falto-0645-1.jpg 1000w\" sizes=\"auto, (max-width: 768px) 100vw, 768px\" loading=\"lazy\" fetchpriority=\"low\" \/>\n\t\t\t<\/div><\/figure>\n\t\t<\/div>\n\t\t<\/div>\n\t\t\t\t\t\t<\/div>\n\t\t\t\t<\/div>\n\t\t\t\t<\/div>\n\t\t\n","protected":false},"excerpt":{"rendered":"<p><span class=\"TextRun SCXW25051306 BCX8\" lang=\"PL-PL\" data-contrast=\"none\" xml:lang=\"PL-PL\"><span class=\"NormalTextRun SCXW25051306 BCX8\" data-ccp-charstyle=\"required\" data-ccp-charstyle-defn=\"{\"ObjectId\":\"39c817cb-c5eb-5a61-b930-deafd1f3f6fa|1\",\"ClassId\":1073872969,\"Properties\":[469775450,\"required\",201340122,\"1\",134233614,\"true\",469778129,\"required\",335572020,\"1\",201342446,\"1\",201342447,\"5\",201342448,\"1\",201342449,\"1\",469777841,\"Calibri\",469777842,\"\",469777843,\"Calibri\",469777844,\"Calibri\",201341986,\"1\",469769226,\"Calibri\",268442635,\"22\"]}\">Aktiv am Schreibtisch - sitzend und frei in jede Richtung bewegend. Die dynamischen Eigenschaften vom Dance 25 garantieren maximale Konzentration und Ausdauer mit einem Gef\u00fchl der Leichtigkeit. Das l\u00f6st Blockaden und \u00fcberwindet das Gef\u00fchl, an den Schreibtisch \u201egefesselt\u201c zu sein.  <\/span><\/span><span class=\"EOP SCXW25051306 BCX8\" data-ccp-props=\"{\"201341983\":0,\"335551550\":1,\"335551620\":1,\"335559739\":0,\"335559740\":240,\"335572071\":0,\"335572072\":0,\"335572073\":4278190080,\"335572075\":0,\"335572076\":0,\"335572077\":4278190080,\"335572079\":0,\"335572080\":0,\"335572081\":4278190080,\"335572083\":0,\"335572084\":0,\"335572085\":4278190080,\"335572087\":0,\"335572088\":0,\"335572089\":4278190080,\"469789798\":\"nil\",\"469789802\":\"nil\",\"469789806\":\"nil\",\"469789810\":\"nil\",\"469789814\":\"nil\"}\"> <\/span><\/p>\n","protected":false},"featured_media":9836,"template":"","meta":{"_acf_changed":false},"product_brand":[351],"product_cat":[398],"product_tag":[],"class_list":{"0":"post-9829","1":"product","2":"type-product","3":"status-publish","4":"has-post-thumbnail","6":"product_brand-falto","7":"product_cat-buro","8":"tm-has-options","10":"first","11":"instock","12":"shipping-taxable","13":"purchasable","14":"product-type-simple"},"acf":[],"_links":{"self":[{"href":"https:\/\/falto.colordrop.pl\/de\/wp-json\/wp\/v2\/product\/9829","targetHints":{"allow":["GET"]}}],"collection":[{"href":"https:\/\/falto.colordrop.pl\/de\/wp-json\/wp\/v2\/product"}],"about":[{"href":"https:\/\/falto.colordrop.pl\/de\/wp-json\/wp\/v2\/types\/product"}],"wp:featuredmedia":[{"embeddable":true,"href":"https:\/\/falto.colordrop.pl\/de\/wp-json\/wp\/v2\/media\/9836"}],"wp:attachment":[{"href":"https:\/\/falto.colordrop.pl\/de\/wp-json\/wp\/v2\/media?parent=9829"}],"wp:term":[{"taxonomy":"product_brand","embeddable":true,"href":"https:\/\/falto.colordrop.pl\/de\/wp-json\/wp\/v2\/product_brand?post=9829"},{"taxonomy":"product_cat","embeddable":true,"href":"https:\/\/falto.colordrop.pl\/de\/wp-json\/wp\/v2\/product_cat?post=9829"},{"taxonomy":"product_tag","embeddable":true,"href":"https:\/\/falto.colordrop.pl\/de\/wp-json\/wp\/v2\/product_tag?post=9829"}],"curies":[{"name":"wp","href":"https:\/\/api.w.org\/{rel}","templated":true}]}}