{"id":10359,"date":"2025-11-26T10:02:10","date_gmt":"2025-11-26T10:02:10","guid":{"rendered":"https:\/\/falto.colordrop.pl\/product\/todo-15\/"},"modified":"2026-01-14T09:18:16","modified_gmt":"2026-01-14T08:18:16","slug":"todo-15","status":"publish","type":"product","link":"https:\/\/falto.colordrop.pl\/de\/produkt\/todo-15\/","title":{"rendered":"ToDo 15"},"content":{"rendered":"<style>.elementor-10012 .elementor-element.elementor-element-056ff54{--display:grid;--e-con-grid-template-columns:repeat(2, 1fr);--e-con-grid-template-rows:repeat(1, 1fr);--grid-auto-flow:row;}.elementor-10012 .elementor-element.elementor-element-8cccc57{text-align:start;}.elementor-10012 .elementor-element.elementor-element-3be2796{background-color:#FFFFFF;border-style:none;border-radius:20px 20px 20px 20px;}.elementor-10012 .elementor-element.elementor-element-3be2796 .elementor-wrapper{--video-aspect-ratio:1;filter:brightness( 100% ) contrast( 100% ) saturate( 100% ) blur( 0px ) hue-rotate( 0deg );}.elementor-10012 .elementor-element.elementor-element-1a856f1{--display:flex;}.elementor-10012 .elementor-element.elementor-element-05a2456 .gallery-item{padding:0 15px 15px 0;}.elementor-10012 .elementor-element.elementor-element-05a2456 .gallery{margin:0 -15px -15px 0;}.elementor-10012 .elementor-element.elementor-element-05a2456 .gallery-item img{border-radius:20px 20px 20px 20px;}.elementor-10012 .elementor-element.elementor-element-05a2456 .gallery-item .gallery-caption{text-align:center;} .tf-topbar{display:block;} #header{display:block;} #mobileMenu{display:block;} #footer{display:block;} .info-footer{display:block;} #bottom{display:block;} .tf-page-title{display:block;}@media(max-width:1024px){.elementor-10012 .elementor-element.elementor-element-056ff54{--grid-auto-flow:row;}}@media(max-width:767px){.elementor-10012 .elementor-element.elementor-element-056ff54{--e-con-grid-template-columns:repeat(1, 1fr);--grid-auto-flow:row;}}<\/style>\t\t<div data-elementor-type=\"section\" data-elementor-id=\"10012\" class=\"elementor elementor-10012 elementor-8973\">\n\t\t\t\t<div class=\"elementor-element elementor-element-056ff54 e-grid e-con-boxed e-con e-parent\" data-id=\"056ff54\" data-element_type=\"container\" data-settings=\"{&quot;background_background&quot;:&quot;classic&quot;}\">\n\t\t\t\t\t<div class=\"e-con-inner\">\n\t\t\t\t<div class=\"elementor-element elementor-element-8cccc57 elementor-widget elementor-widget-text-editor\" data-id=\"8cccc57\" data-element_type=\"widget\" data-widget_type=\"text-editor.default\">\n\t\t\t\t\t\t\t\t\t<p><strong>Gut f\u00fcr jede Gelegenheit: f\u00fcr Arbeit und Freizeit. Aktiv bei Tisch: belebend am Morgen und &#8222;dynamisch&#8220; beim Schlemmen mit Freunden am Abend. <\/strong><\/p><p>Absolute Bewegungsfreiheit bei gleichzeitig perfekter Unterst\u00fctzung der Wirbels\u00e4ule sind Qualit\u00e4ten, f\u00fcr die FALTO seit Jahren bekannt ist.<br>ToDo 15 und alle nachfolgenden ToDo-Modelle sind das ADS-System schlechthin mit Anwendungen f\u00fcr alle Lebenslagen. Diese leichten St\u00fchle garantieren dank ihrer Metallkonstruktion Bewegungsfreiheit und Finesse sowohl am Tisch als auch am Schreibtisch. Diese besteht aus der dreidimensionalen Beweglichkeit des Sitzes im Zusammenspiel mit der Beweglichkeit der R\u00fcckenlehne und ihrem &#8218;to back&#8216;-System.<br>Die Montage mit Kufen ist hier der Schl\u00fcssel, obwohl alternativ eine stehende Version auf \u00e4sthetisch ansprechenden Holzf\u00fc\u00dfen angeboten wird, nur wenn es n\u00f6tig ist.<\/p>\t\t\t\t\t\t\t\t<\/div>\n\t\t\t\t<div class=\"elementor-element elementor-element-3be2796 elementor-widget elementor-widget-video\" data-id=\"3be2796\" data-element_type=\"widget\" data-settings=\"{&quot;video_type&quot;:&quot;hosted&quot;,&quot;autoplay&quot;:&quot;yes&quot;,&quot;play_on_mobile&quot;:&quot;yes&quot;,&quot;mute&quot;:&quot;yes&quot;,&quot;loop&quot;:&quot;yes&quot;,&quot;controls&quot;:&quot;yes&quot;}\" data-widget_type=\"video.default\">\n\t\t\t\t\t\t\t<div class=\"e-hosted-video elementor-wrapper elementor-open-inline\">\n\t\t\t\t\t<video class=\"elementor-video\" src=\"https:\/\/falto.colordrop.pl\/wp-content\/uploads\/2025\/11\/falto-idea-td15-opt-1.mp4\" autoplay=\"\" loop=\"\" controls=\"\" muted=\"muted\" playsinline=\"\" controlsList=\"nodownload\"><\/video>\n\t\t\t\t<\/div>\n\t\t\t\t\t\t<\/div>\n\t\t\t\t\t<\/div>\n\t\t\t\t<\/div>\n\t\t<div class=\"elementor-element elementor-element-1a856f1 e-flex e-con-boxed e-con e-parent\" data-id=\"1a856f1\" data-element_type=\"container\">\n\t\t\t\t\t<div class=\"e-con-inner\">\n\t\t\t\t<div class=\"elementor-element elementor-element-05a2456 gallery-spacing-custom elementor-widget elementor-widget-image-gallery\" data-id=\"05a2456\" data-element_type=\"widget\" data-widget_type=\"image-gallery.default\">\n\t\t\t\t\t\t\t<div class=\"elementor-image-gallery\">\n\t\t\t<div id='gallery-1' class='gallery galleryid-10359 gallery-columns-2 gallery-size-medium_large'><figure class='gallery-item'>\n\t\t\t<div class='gallery-icon landscape'>\n\t\t\t\t<img loading=\"lazy\" decoding=\"async\" width=\"768\" height=\"576\" src=\"https:\/\/falto.colordrop.pl\/wp-content\/uploads\/2025\/11\/falto_dom_stol_a-4-768x576.jpg\" class=\"attachment-medium_large size-medium_large\" alt=\"\" srcset=\"https:\/\/falto.colordrop.pl\/wp-content\/uploads\/2025\/11\/falto_dom_stol_a-4-768x576.jpg 768w, https:\/\/falto.colordrop.pl\/wp-content\/uploads\/2025\/11\/falto_dom_stol_a-4-500x375.jpg 500w, https:\/\/falto.colordrop.pl\/wp-content\/uploads\/2025\/11\/falto_dom_stol_a-4-300x225.jpg 300w, https:\/\/falto.colordrop.pl\/wp-content\/uploads\/2025\/11\/falto_dom_stol_a-4-1024x768.jpg 1024w, https:\/\/falto.colordrop.pl\/wp-content\/uploads\/2025\/11\/falto_dom_stol_a-4-1536x1152.jpg 1536w, https:\/\/falto.colordrop.pl\/wp-content\/uploads\/2025\/11\/falto_dom_stol_a-4.jpg 1920w\" sizes=\"auto, (max-width: 768px) 100vw, 768px\" loading=\"lazy\" fetchpriority=\"low\" \/>\n\t\t\t<\/div><\/figure><figure class='gallery-item'>\n\t\t\t<div class='gallery-icon landscape'>\n\t\t\t\t<img loading=\"lazy\" decoding=\"async\" width=\"768\" height=\"576\" src=\"https:\/\/falto.colordrop.pl\/wp-content\/uploads\/2025\/11\/falto_dom_stol_b-1-768x576.jpg\" class=\"attachment-medium_large size-medium_large\" alt=\"\" srcset=\"https:\/\/falto.colordrop.pl\/wp-content\/uploads\/2025\/11\/falto_dom_stol_b-1-768x576.jpg 768w, https:\/\/falto.colordrop.pl\/wp-content\/uploads\/2025\/11\/falto_dom_stol_b-1-500x375.jpg 500w, https:\/\/falto.colordrop.pl\/wp-content\/uploads\/2025\/11\/falto_dom_stol_b-1-300x225.jpg 300w, https:\/\/falto.colordrop.pl\/wp-content\/uploads\/2025\/11\/falto_dom_stol_b-1-1024x768.jpg 1024w, https:\/\/falto.colordrop.pl\/wp-content\/uploads\/2025\/11\/falto_dom_stol_b-1-1536x1152.jpg 1536w, https:\/\/falto.colordrop.pl\/wp-content\/uploads\/2025\/11\/falto_dom_stol_b-1.jpg 1920w\" sizes=\"auto, (max-width: 768px) 100vw, 768px\" loading=\"lazy\" fetchpriority=\"low\" \/>\n\t\t\t<\/div><\/figure><figure class='gallery-item'>\n\t\t\t<div class='gallery-icon portrait'>\n\t\t\t\t<img loading=\"lazy\" decoding=\"async\" width=\"768\" height=\"852\" src=\"https:\/\/falto.colordrop.pl\/wp-content\/uploads\/2025\/11\/falto-0597-768x852.jpg\" class=\"attachment-medium_large size-medium_large\" alt=\"\" srcset=\"https:\/\/falto.colordrop.pl\/wp-content\/uploads\/2025\/11\/falto-0597-768x852.jpg 768w, https:\/\/falto.colordrop.pl\/wp-content\/uploads\/2025\/11\/falto-0597-500x555.jpg 500w, https:\/\/falto.colordrop.pl\/wp-content\/uploads\/2025\/11\/falto-0597-270x300.jpg 270w, https:\/\/falto.colordrop.pl\/wp-content\/uploads\/2025\/11\/falto-0597-923x1024.jpg 923w, https:\/\/falto.colordrop.pl\/wp-content\/uploads\/2025\/11\/falto-0597.jpg 1000w\" sizes=\"auto, (max-width: 768px) 100vw, 768px\" loading=\"lazy\" fetchpriority=\"low\" \/>\n\t\t\t<\/div><\/figure><figure class='gallery-item'>\n\t\t\t<div class='gallery-icon portrait'>\n\t\t\t\t<img loading=\"lazy\" decoding=\"async\" width=\"768\" height=\"946\" src=\"https:\/\/falto.colordrop.pl\/wp-content\/uploads\/2025\/11\/falto-0602-768x946.jpg\" class=\"attachment-medium_large size-medium_large\" alt=\"\" srcset=\"https:\/\/falto.colordrop.pl\/wp-content\/uploads\/2025\/11\/falto-0602-768x946.jpg 768w, https:\/\/falto.colordrop.pl\/wp-content\/uploads\/2025\/11\/falto-0602-500x616.jpg 500w, https:\/\/falto.colordrop.pl\/wp-content\/uploads\/2025\/11\/falto-0602-244x300.jpg 244w, https:\/\/falto.colordrop.pl\/wp-content\/uploads\/2025\/11\/falto-0602-831x1024.jpg 831w, https:\/\/falto.colordrop.pl\/wp-content\/uploads\/2025\/11\/falto-0602-164x202.jpg 164w, https:\/\/falto.colordrop.pl\/wp-content\/uploads\/2025\/11\/falto-0602.jpg 1000w\" sizes=\"auto, (max-width: 768px) 100vw, 768px\" loading=\"lazy\" fetchpriority=\"low\" \/>\n\t\t\t<\/div><\/figure><figure class='gallery-item'>\n\t\t\t<div class='gallery-icon landscape'>\n\t\t\t\t<img loading=\"lazy\" decoding=\"async\" width=\"768\" height=\"576\" src=\"https:\/\/falto.colordrop.pl\/wp-content\/uploads\/2025\/11\/falto_dom_biurko_b-2-768x576.jpg\" class=\"attachment-medium_large size-medium_large\" alt=\"\" srcset=\"https:\/\/falto.colordrop.pl\/wp-content\/uploads\/2025\/11\/falto_dom_biurko_b-2-768x576.jpg 768w, https:\/\/falto.colordrop.pl\/wp-content\/uploads\/2025\/11\/falto_dom_biurko_b-2-500x375.jpg 500w, https:\/\/falto.colordrop.pl\/wp-content\/uploads\/2025\/11\/falto_dom_biurko_b-2-300x225.jpg 300w, https:\/\/falto.colordrop.pl\/wp-content\/uploads\/2025\/11\/falto_dom_biurko_b-2-1024x768.jpg 1024w, https:\/\/falto.colordrop.pl\/wp-content\/uploads\/2025\/11\/falto_dom_biurko_b-2-1536x1152.jpg 1536w, https:\/\/falto.colordrop.pl\/wp-content\/uploads\/2025\/11\/falto_dom_biurko_b-2.jpg 1920w\" sizes=\"auto, (max-width: 768px) 100vw, 768px\" loading=\"lazy\" fetchpriority=\"low\" \/>\n\t\t\t<\/div><\/figure><figure class='gallery-item'>\n\t\t\t<div class='gallery-icon landscape'>\n\t\t\t\t<img loading=\"lazy\" decoding=\"async\" width=\"768\" height=\"576\" src=\"https:\/\/falto.colordrop.pl\/wp-content\/uploads\/2025\/11\/falto_dom_stol_d-2-768x576.jpg\" class=\"attachment-medium_large size-medium_large\" alt=\"\" srcset=\"https:\/\/falto.colordrop.pl\/wp-content\/uploads\/2025\/11\/falto_dom_stol_d-2-768x576.jpg 768w, https:\/\/falto.colordrop.pl\/wp-content\/uploads\/2025\/11\/falto_dom_stol_d-2-500x375.jpg 500w, https:\/\/falto.colordrop.pl\/wp-content\/uploads\/2025\/11\/falto_dom_stol_d-2-300x225.jpg 300w, https:\/\/falto.colordrop.pl\/wp-content\/uploads\/2025\/11\/falto_dom_stol_d-2-1024x768.jpg 1024w, https:\/\/falto.colordrop.pl\/wp-content\/uploads\/2025\/11\/falto_dom_stol_d-2-1536x1152.jpg 1536w, https:\/\/falto.colordrop.pl\/wp-content\/uploads\/2025\/11\/falto_dom_stol_d-2.jpg 1920w\" sizes=\"auto, (max-width: 768px) 100vw, 768px\" loading=\"lazy\" fetchpriority=\"low\" \/>\n\t\t\t<\/div><\/figure>\n\t\t<\/div>\n\t\t<\/div>\n\t\t\t\t\t\t<\/div>\n\t\t\t\t\t<\/div>\n\t\t\t\t<\/div>\n\t\t\t\t<\/div>\n\t\t\n","protected":false},"excerpt":{"rendered":"<p>ToDo 15 und alle nachfolgenden ToDo-Modelle sind das ADS-System schlechthin mit Anwendungen f\u00fcr alle Lebenslagen. Diese leichten St\u00fchle garantieren dank ihrer Metallkonstruktion Bewegungsfreiheit und Finesse, sowohl am Tisch als auch am Schreibtisch. Dies ist auf die dreidimensionale Beweglichkeit des Sitzes zur\u00fcckzuf\u00fchren, die mit der Beweglichkeit der R\u00fcckenlehne und dem &#8222;to back&#8220;-System harmoniert.<\/p>\n","protected":false},"featured_media":10376,"template":"","meta":{"_acf_changed":false},"product_brand":[351],"product_cat":[352],"product_tag":[],"class_list":{"0":"post-10359","1":"product","2":"type-product","3":"status-publish","4":"has-post-thumbnail","6":"product_brand-falto","7":"product_cat-stuhle","8":"tm-has-options","10":"first","11":"instock","12":"shipping-taxable","13":"purchasable","14":"product-type-simple"},"acf":[],"_links":{"self":[{"href":"https:\/\/falto.colordrop.pl\/de\/wp-json\/wp\/v2\/product\/10359","targetHints":{"allow":["GET"]}}],"collection":[{"href":"https:\/\/falto.colordrop.pl\/de\/wp-json\/wp\/v2\/product"}],"about":[{"href":"https:\/\/falto.colordrop.pl\/de\/wp-json\/wp\/v2\/types\/product"}],"wp:featuredmedia":[{"embeddable":true,"href":"https:\/\/falto.colordrop.pl\/de\/wp-json\/wp\/v2\/media\/10376"}],"wp:attachment":[{"href":"https:\/\/falto.colordrop.pl\/de\/wp-json\/wp\/v2\/media?parent=10359"}],"wp:term":[{"taxonomy":"product_brand","embeddable":true,"href":"https:\/\/falto.colordrop.pl\/de\/wp-json\/wp\/v2\/product_brand?post=10359"},{"taxonomy":"product_cat","embeddable":true,"href":"https:\/\/falto.colordrop.pl\/de\/wp-json\/wp\/v2\/product_cat?post=10359"},{"taxonomy":"product_tag","embeddable":true,"href":"https:\/\/falto.colordrop.pl\/de\/wp-json\/wp\/v2\/product_tag?post=10359"}],"curies":[{"name":"wp","href":"https:\/\/api.w.org\/{rel}","templated":true}]}}