{"id":10155,"date":"2025-10-21T12:25:16","date_gmt":"2025-10-21T12:25:16","guid":{"rendered":"https:\/\/falto.colordrop.pl\/product\/todo-35\/"},"modified":"2025-12-18T15:38:42","modified_gmt":"2025-12-18T14:38:42","slug":"todo-35","status":"publish","type":"product","link":"https:\/\/falto.colordrop.pl\/de\/produkt\/todo-35\/","title":{"rendered":"ToDo 35"},"content":{"rendered":"","protected":false},"excerpt":{"rendered":"<p>Das Modell 35 ist das n\u00e4chste Mitglied der ToDo-Kollektion. Es hat dank einer anderen Aufh\u00e4ngung und der Form und Konstruktion der R\u00fcckenlehne an Qualit\u00e4t gewonnen: Das macht den Unterschied aus und bereichert optisch mit Leichtigkeit. Komfort und Bequemlichkeit werden durch die Polsterung gew\u00e4hrleistet.<\/p>\n","protected":false},"featured_media":6479,"template":"","meta":{"_acf_changed":false},"product_brand":[351],"product_cat":[352],"product_tag":[],"class_list":{"0":"post-10155","1":"product","2":"type-product","3":"status-publish","4":"has-post-thumbnail","6":"product_brand-falto","7":"product_cat-stuhle","8":"tm-has-options","10":"first","11":"instock","12":"shipping-taxable","13":"purchasable","14":"product-type-simple"},"acf":[],"_links":{"self":[{"href":"https:\/\/falto.colordrop.pl\/de\/wp-json\/wp\/v2\/product\/10155","targetHints":{"allow":["GET"]}}],"collection":[{"href":"https:\/\/falto.colordrop.pl\/de\/wp-json\/wp\/v2\/product"}],"about":[{"href":"https:\/\/falto.colordrop.pl\/de\/wp-json\/wp\/v2\/types\/product"}],"wp:featuredmedia":[{"embeddable":true,"href":"https:\/\/falto.colordrop.pl\/de\/wp-json\/wp\/v2\/media\/6479"}],"wp:attachment":[{"href":"https:\/\/falto.colordrop.pl\/de\/wp-json\/wp\/v2\/media?parent=10155"}],"wp:term":[{"taxonomy":"product_brand","embeddable":true,"href":"https:\/\/falto.colordrop.pl\/de\/wp-json\/wp\/v2\/product_brand?post=10155"},{"taxonomy":"product_cat","embeddable":true,"href":"https:\/\/falto.colordrop.pl\/de\/wp-json\/wp\/v2\/product_cat?post=10155"},{"taxonomy":"product_tag","embeddable":true,"href":"https:\/\/falto.colordrop.pl\/de\/wp-json\/wp\/v2\/product_tag?post=10155"}],"curies":[{"name":"wp","href":"https:\/\/api.w.org\/{rel}","templated":true}]}}