{"id":9867,"date":"2025-10-17T14:29:46","date_gmt":"2025-10-17T12:29:46","guid":{"rendered":"https:\/\/falto.colordrop.pl\/datenschutzbestimmungen\/"},"modified":"2026-01-05T17:23:09","modified_gmt":"2026-01-05T16:23:09","slug":"datenschutzbestimmungen","status":"publish","type":"page","link":"https:\/\/falto.colordrop.pl\/de\/datenschutzbestimmungen\/","title":{"rendered":"Datenschutzbestimmungen"},"content":{"rendered":"\t\t<div data-elementor-type=\"wp-page\" data-elementor-id=\"9867\" class=\"elementor elementor-9867 elementor-3\">\n\t\t\t\t<div class=\"elementor-element elementor-element-5c695dc0 e-flex e-con-boxed e-con e-parent\" data-id=\"5c695dc0\" data-element_type=\"container\">\n\t\t\t\t\t<div class=\"e-con-inner\">\n\t\t\t\t<div class=\"elementor-element elementor-element-323b1fd1 elementor-widget elementor-widget-text-editor\" data-id=\"323b1fd1\" data-element_type=\"widget\" data-widget_type=\"text-editor.default\">\n\t\t\t\t\t\t\t\t\t<h3>Datenschutzerkl\u00e4rung RODO<\/h3>\n<p><\/p>\n<h4 class=\"wp-block-heading\">1. datenschutz auf einen Blick<\/h4>\n<p><\/p>\n<h6 class=\"wp-block-heading\">Allgemeine Informationen<\/h6>\n<p><\/p>\n<p>Die folgenden Hinweise geben einen einfachen \u00dcberblick dar\u00fcber, was mit Ihren pers\u00f6nlichen Daten geschieht, wenn Sie unsere Website besuchen. <strong>Personenbezogene Daten<\/strong> sind alle Daten, die eine pers\u00f6nliche Identifizierung erm\u00f6glichen. Ausf\u00fchrliche Informationen zum Datenschutz finden Sie in unserer in diesem Text erw\u00e4hnten Datenschutzrichtlinie. <\/p>\n<p><\/p>\n<h6 class=\"wp-block-heading\">Analysetools und Tools von Drittanbietern<\/h6>\n<p><\/p>\n<p>Wenn Sie unsere Website besuchen, kann Ihr Surfverhalten statistisch ausgewertet werden. Dies geschieht haupts\u00e4chlich mit Cookies und sogenannten Analyseprogrammen. Die Analyse Ihres Surfverhaltens ist in der Regel anonym; das Surfverhalten kann nicht mit Ihnen in Verbindung gebracht werden.  <\/p>\n<p><\/p>\n<p>Sie k\u00f6nnen dieser Analyse widersprechen oder sie verhindern, indem Sie bestimmte Tools nicht verwenden. Einzelheiten hierzu finden Sie in unserer Datenschutzrichtlinie unter der \u00dcberschrift &#8222;Analysetools und Werbung&#8220;. <\/p>\n<p><\/p>\n<p>Wir werden Sie \u00fcber Ihre M\u00f6glichkeiten zum Widerspruch gegen diese Datenschutzrichtlinie informieren.<\/p>\n<p><\/p>\n<hr class=\"wp-block-separator has-alpha-channel-opacity is-style-dots\">\n<p><\/p>\n<h4 class=\"wp-block-heading\">2. allgemeine und obligatorische Informationen<\/h4>\n<p><\/p>\n<h6 class=\"wp-block-heading\">Datenschutzbestimmungen<\/h6>\n<p><\/p>\n<p>Die Betreiber dieser Seiten nehmen den Schutz Ihrer pers\u00f6nlichen Daten sehr ernst. Wir behandeln Ihre personenbezogenen Daten vertraulich und entsprechend der gesetzlichen Datenschutzvorschriften sowie dieser Datenschutzerkl\u00e4rung. <\/p>\n<p><\/p>\n<p>Wenn Sie diese Website nutzen, werden verschiedene pers\u00f6nliche Daten erhoben. Personenbezogene Daten sind Informationen, mit denen Sie pers\u00f6nlich identifiziert werden k\u00f6nnen. Diese Datenschutzerkl\u00e4rung erl\u00e4utert, welche Informationen wir sammeln und wof\u00fcr wir sie verwenden. Sie erkl\u00e4rt auch, wie und zu welchem Zweck dies geschieht.   <\/p>\n<p><\/p>\n<p>Wir weisen darauf hin, dass die Daten\u00fcbertragung im Internet (z.B. bei der Kommunikation per E-Mail) Sicherheitsl\u00fccken aufweisen kann.  <strong>Ein vollst\u00e4ndiger Schutz der Daten vor dem Zugriff durch Dritte ist nicht m\u00f6glich.<\/strong><\/p>\n<p><\/p>\n<h6 class=\"wp-block-heading\">Hinweis an die zust\u00e4ndige Beh\u00f6rde<\/h6>\n<p><\/p>\n<p><strong>Die verantwortliche Stelle<\/strong> ist die nat\u00fcrliche oder juristische Person, die allein oder gemeinsam mit anderen \u00fcber die Zwecke und Mittel der Verarbeitung personenbezogener Daten (z. B. Namen, E-Mail-Adressen usw.) entscheidet.<\/p>\n<p><\/p>\n<p>Die verantwortliche Datenverarbeitungsstelle f\u00fcr diese Website ist:<\/p>\n<p><\/p>\n<div class=\"wp-block-group\">\n<p><\/p>\n<div class=\"wp-block-group\">\n<p><\/p>\n<p><strong>Zenon Szczurek<br><\/strong><strong style=\"font-size: 14px; letter-spacing: 0px;\">FALTO<\/strong><span style=\"font-size: 14px; letter-spacing: 0px;\"> Wroc\u0142awska Stra\u00dfe 70<br><\/span><span style=\"font-size: 14px; letter-spacing: 0px;\">55-010 Radwanice<br><\/span><span style=\"font-size: 14px; letter-spacing: 0px;\">Telefon: *48 71 311 7592<br><\/span><span style=\"font-size: 14px; letter-spacing: 0px;\">E-Mail: pz-natura@wp.pl<\/span><\/p>\n<div class=\"wp-block-group\">\n<p><\/p>\n<\/div>\n<p><\/p>\n<\/div>\n<p><\/p>\n<\/div>\n<p><\/p>\n<h6 class=\"wp-block-heading\">R\u00fccknahme der Zustimmung zur Datenverarbeitung<\/h6>\n<p><\/p>\n<p>Viele Datenverarbeitungsvorg\u00e4nge sind nur mit Ihrer ausdr\u00fccklichen Zustimmung m\u00f6glich. Sie k\u00f6nnen Ihre bestehende Einwilligung jederzeit widerrufen. Eine formlose Mitteilung per E-Mail an uns ist ausreichend. Die Rechtm\u00e4\u00dfigkeit der bis zum Widerruf erfolgten Datenverarbeitung bleibt davon unber\u00fchrt.   <\/p>\n<p><\/p>\n<h6 class=\"wp-block-heading\">Recht auf Beschwerde bei der zust\u00e4ndigen Aufsichtsbeh\u00f6rde<\/h6>\n<p><\/p>\n<p>Im Falle eines Versto\u00dfes gegen das Datenschutzrecht hat eine Person das Recht, sich an die zust\u00e4ndige Aufsichtsbeh\u00f6rde zu wenden. Die zust\u00e4ndige Aufsichtsbeh\u00f6rde f\u00fcr den Datenschutz ist der Datenschutzbeauftragte des Landes, in dem unser Unternehmen seinen Sitz hat.  <\/p>\n<p><\/p>\n<p>Eine Liste der Datenschutzbeauftragten und deren Kontaktdaten finden Sie unter dem folgenden Link:  <code>https:\/\/www.uodo.gov.pl\/pl\/134\/233<\/code><\/p>\n<p><\/p>\n<h6 class=\"wp-block-heading\">Information, Sperrung, L\u00f6schung<\/h6>\n<p><\/p>\n<p>Sie haben das Recht auf unentgeltliche Auskunft \u00fcber Ihre gespeicherten personenbezogenen Daten, deren Herkunft und Empf\u00e4nger und den Zweck der Datenverarbeitung sowie ggf. ein Recht auf Berichtigung, Sperrung oder L\u00f6schung dieser Daten. Hierzu sowie zu weiteren Fragen zum Thema personenbezogene Daten k\u00f6nnen Sie sich jederzeit unter der in den Impressen angegebenen Adresse an uns wenden. <\/p>\n<p><\/p>\n<h6 class=\"wp-block-heading\">Widerspruch zu Werbe-E-Mails<\/h6>\n<p><\/p>\n<p>Der Nutzung von im Rahmen der Impressumspflicht ver\u00f6ffentlichten Kontaktdaten zur \u00dcbersendung von nicht ausdr\u00fccklich angeforderter Werbung und Informationsmaterialien wird hiermit widersprochen. Die Betreiber der Seiten behalten sich ausdr\u00fccklich rechtliche Schritte im Falle der unverlangten Zusendung von Werbeinformationen, etwa durch Spam-Mails, vor. <\/p>\n<p><\/p>\n<hr class=\"wp-block-separator has-alpha-channel-opacity is-style-dots\">\n<p><\/p>\n<h4 class=\"wp-block-heading\">3. die Erfassung von Daten auf unserer Website<\/h4>\n<p><\/p>\n<h6 class=\"wp-block-heading\">Kekse<\/h6>\n<p><\/p>\n<p>Die Websites verwenden teilweise so genannte Cookies. Cookies richten auf Ihrem Computer keinen Schaden an und enthalten keine Viren. Cookies dienen dazu, unser Angebot nutzerfreundlicher, effektiver und sicherer zu machen. Cookies sind kleine Textdateien, die auf Ihrem Computer gespeichert werden und in Ihrem Browser abgelegt werden.   <\/p>\n<p><\/p>\n<p>Die meisten der von uns verwendeten Cookies sind so genannte &#8222;Session-Cookies&#8220;. Diese werden automatisch gel\u00f6scht, wenn Ihr Besuch beendet ist. Andere Cookies bleiben auf Ihrem Ger\u00e4t gespeichert, bis Sie sie l\u00f6schen. Diese Cookies erm\u00f6glichen es uns, Ihren Browser bei Ihrem n\u00e4chsten Besuch wiederzuerkennen.   <\/p>\n<p><\/p>\n<p>Sie k\u00f6nnen Ihren Browser so einstellen, dass Sie \u00fcber die Cookie-Einstellungen informiert werden und Cookies nur von Fall zu Fall zulassen, die Annahme von Cookies f\u00fcr bestimmte F\u00e4lle oder generell ausschlie\u00dfen und das automatische L\u00f6schen von Cookies beim Schlie\u00dfen des Browsers erlauben. Die Deaktivierung von Cookies kann die Funktionalit\u00e4t dieser Website einschr\u00e4nken. <\/p>\n<p><\/p>\n<p>Cookies, die zur Durchf\u00fchrung des Prozesses der elektronischen Kommunikation oder zur Bereitstellung bestimmter Funktionen, die Sie nutzen m\u00f6chten (z.B. Warenkorbfunktion), erforderlich sind, werden auf der Grundlage von Art. 6 Abs. 1 \/ f DSGVO \/RODO gespeichert. Der Dienstanbieter hat ein berechtigtes Interesse an der Speicherung von Cookies, um eine technisch einwandfreie und optimierte Bereitstellung seiner Dienste zu gew\u00e4hrleisten. Sollten weitere Cookies gespeichert werden (z.B. Cookies zur Analyse des Surfverhaltens), werden diese in dieser Datenschutzerkl\u00e4rung gesondert behandelt.   <\/p>\n<p><\/p>\n<h6 class=\"wp-block-heading\">Server-Protokolldateien<\/h6>\n<p><\/p>\n<p>Der Website-Provider erhebt und speichert automatisch Informationen in so genannten Server-Log-Dateien, die Ihr Browser automatisch an uns \u00fcbermittelt. Diese beinhalten: <\/p>\n<p><\/p>\n<ul class=\"wp-block-list\">\n<li style=\"list-style-type: none;\">\n<ul class=\"wp-block-list\"><\/ul>\n<\/li>\n<\/ul>\n<ul class=\"wp-block-list\">\n<li style=\"list-style-type: none;\">\n<ul class=\"wp-block-list\">\n<li>Browsertyp und -version<\/li>\n<\/ul>\n<\/li>\n<\/ul>\n<p><\/p>\n<ul class=\"wp-block-list\">\n<li style=\"list-style-type: none;\">\n<ul class=\"wp-block-list\">\n<li>Verwendetes Betriebssystem<\/li>\n<\/ul>\n<\/li>\n<\/ul>\n<p><\/p>\n<ul class=\"wp-block-list\">\n<li style=\"list-style-type: none;\">\n<ul class=\"wp-block-list\">\n<li>URL der verweisenden Seite<\/li>\n<\/ul>\n<\/li>\n<\/ul>\n<p><\/p>\n<ul class=\"wp-block-list\">\n<li style=\"list-style-type: none;\">\n<ul class=\"wp-block-list\">\n<li>Hostname des zugreifenden Computers<\/li>\n<\/ul>\n<\/li>\n<\/ul>\n<p><\/p>\n<ul class=\"wp-block-list\">\n<li style=\"list-style-type: none;\">\n<ul class=\"wp-block-list\">\n<li>Server-Anfragezeit<\/li>\n<\/ul>\n<\/li>\n<\/ul>\n<p><\/p>\n<ul class=\"wp-block-list\">\n<li style=\"list-style-type: none;\">\n<ul class=\"wp-block-list\">\n<li>IP-Adresse<\/li>\n<\/ul>\n<\/li>\n<\/ul>\n<p><\/p>\n<p><\/p>\n<p>Die Verkn\u00fcpfung dieser Daten mit anderen Datenquellen wird nicht vorgenommen.<\/p>\n<p><\/p>\n<p>Die Grundlage f\u00fcr die Datenverarbeitung ist Artikel 6 Absatz 1 Buchstabe b DSGVO \/RODO, der die Verarbeitung von Daten zur Erf\u00fcllung eines Vertrags oder vorvertraglicher Ma\u00dfnahmen erlaubt. <\/p>\n<p><\/p>\n<h6 class=\"wp-block-heading\">Kontakt<\/h6>\n<p><\/p>\n<p>Wenn Sie uns per Kontaktformular Anfragen zukommen lassen, werden Ihre Angaben aus dem Anfrageformular inklusive der von Ihnen dort angegebenen Kontaktdaten zwecks Bearbeitung der Anfrage und f\u00fcr den Fall von Anschlussfragen bei uns gespeichert. Wir werden diese Daten nicht ohne Ihre Zustimmung weitergeben. <\/p>\n<p><\/p>\n<p>Die Verarbeitung der in das Kontaktformular eingegebenen Daten erfolgt daher ausschlie\u00dflich auf Grundlage Ihrer Einwilligung (Art. 6 (1) lit. RODO.). Sie k\u00f6nnen diese Einwilligung jederzeit widerrufen. Eine formlose Mitteilung per E-Mail an uns ist ausreichend. Die Rechtm\u00e4\u00dfigkeit der bis zum Zeitpunkt des Widerrufs erfolgten Verarbeitungen bleibt davon unber\u00fchrt.<\/p>\n<p><\/p>\n<p>Die von Ihnen im Kontaktformular eingegebenen Daten verbleiben bei uns, bis Sie uns zur L\u00f6schung auffordern, Ihre Einwilligung zur Speicherung widerrufen oder den Zweck der Speicherung aufheben (z.B. nachdem Sie Ihre Anfrage abgeschlossen haben). Zwingende gesetzliche Bestimmungen - insbesondere Aufbewahrungsfristen - bleiben hiervon unber\u00fchrt. <\/p>\n<p><\/p>\n<hr class=\"wp-block-separator has-alpha-channel-opacity is-style-dots\">\n<p><\/p>\n<h4 class=\"wp-block-heading\">4. analytische Werkzeuge und Werbung<\/h4>\n<p><\/p>\n<h6 class=\"wp-block-heading\">Matomo (ehemals Piwik)<\/h6>\n<p><\/p>\n<p>Diese Website verwendet den Open-Source-Webanalysedienst Matomo. Matomo verwendet sogenannte &#8222;Cookies&#8220;. Das sind Textdateien, die auf Ihrem Computer gespeichert werden und die eine Analyse der Benutzung der Website durch Sie erm\u00f6glichen. Zu diesem Zweck werden die von dem Cookie erzeugten Informationen \u00fcber Ihre Nutzung dieser Website auf unserem Server gespeichert. Die IP-Adresse wird vor der Speicherung anonymisiert.    <\/p>\n<p><\/p>\n<p>Matomo-Cookies bleiben auf Ihrem Ger\u00e4t, bis Sie sie l\u00f6schen.<\/p>\n<p><\/p>\n<p>Die Speicherung von Matomo-Cookies erfolgt auf der Grundlage von Artikel 6 Absatz 1 Buchstabe f) DSGVO. Der Websitebetreiber hat ein berechtigtes Interesse daran, das Nutzerverhalten anonym zu analysieren, um sowohl die Website als auch die Werbung zu optimieren.  <\/p>\n<p><\/p>\n<p>Die von dem Cookie erzeugten Informationen \u00fcber Ihre Nutzung dieser Website werden nicht an Dritte weitergegeben. Sie k\u00f6nnen die Speicherung von Cookies verhindern, indem Sie Ihre Browser-Software entsprechend einstellen. Bitte beachten Sie jedoch, dass Sie in diesem Fall m\u00f6glicherweise nicht alle Funktionen dieser Website in vollem Umfang nutzen k\u00f6nnen.  <\/p>\n<p><\/p>\n<p>Wenn Sie mit der Speicherung und Nutzung Ihrer Daten nicht einverstanden sind, k\u00f6nnen Sie die Speicherung und Nutzung hier deaktivieren. In diesem Fall wird ein Opt-Out-Cookie in Ihrem Browser gesetzt, der verhindert, dass Matomo Ihre Nutzungsdaten speichert. Durch das L\u00f6schen der Cookies wird auch das Cookie f\u00fcr die Abmeldung vom Matomo-Dienst gel\u00f6scht. Die Abmeldung muss erneut aktiviert werden, wenn Sie unsere Website erneut besuchen.   <\/p>\n<p><\/p>\n<hr class=\"wp-block-separator has-alpha-channel-opacity is-style-dots\">\n<p><\/p>\n<h4 class=\"wp-block-heading\">5. Plug-Ins und Tools<\/h4>\n<p><\/p>\n<h6 class=\"wp-block-heading\">Google Web Fonts<\/h6>\n<p><\/p>\n<p>Diese Website verwendet sogenannte Web Fonts, die von Google bereitgestellt werden, um eine einheitliche Schriftdarstellung zu gew\u00e4hrleisten. Beim Aufruf der Seite l\u00e4dt der Browser die ben\u00f6tigten Web Fonts in den Browser-Cache, um die Texte und Schriftarten korrekt anzuzeigen. <\/p>\n<p><\/p>\n<p>Dazu muss der von Ihnen verwendete Browser eine Verbindung zu den Servern von Google herstellen. Dadurch erf\u00e4hrt Google, dass unsere Website \u00fcber Ihre IP-Adresse aufgerufen werden kann. Die Verwendung von Google Web Fonts erfolgt im Interesse einer einheitlichen und ansprechenden Darstellung unserer Online-Dienste. Dies stellt ein berechtigtes Interesse im Sinne von Artikel 6(1)(f) der DSGVO dar.    <\/p>\n<p><\/p>\n<p>Wenn Ihr Browser keine Webschriftarten unterst\u00fctzt, wird die Standardschriftart Ihres Computers verwendet.<\/p>\n<p><\/p>\n<p>Weitere Informationen zu Google Web Fonts finden Sie unter <code>https:\/\/developers.google.com\/fonts\/faq<\/code> und in den Datenschutzbestimmungen von Google: <code>https:\/\/www.google.com\/policies\/privacy\/<\/code>.<\/p>\n<p><\/p>\n<h6 class=\"wp-block-heading\">Google Maps<\/h6>\n<p><\/p>\n<p>Diese Website nutzt den Kartendienst Google Maps \u00fcber eine API-Schnittstelle. Der Anbieter ist Google Inc, 1600 Amphitheatre Parkway, Mountain View, CA 94043, USA.<\/p>\n<p><\/p>\n<p>Um die Funktionen von Google Maps nutzen zu k\u00f6nnen, ist es notwendig, Ihre IP-Adresse zu speichern. Diese Informationen werden in der Regel an einen Google-Server in den Vereinigten Staaten \u00fcbertragen und dort gespeichert. Der Anbieter dieser Website hat keinen Einfluss auf diese Daten\u00fcbertragung.  <\/p>\n<p><\/p>\n<p>Die Nutzung von Google Maps erfolgt im Interesse einer ansprechenden Pr\u00e4sentation unserer Online-Angebote und einer einfachen Suche nach den von uns auf der Website angegebenen Orten. Dies stellt ein berechtigtes Interesse im Sinne von Art. 6(1)(F)\/RODO dar.   <\/p>\n<p><\/p>\n<p>Weitere Informationen \u00fcber den Umgang mit Ihren Daten finden Sie in den Datenschutzbestimmungen von Google:  <code>https:\/\/www.google.com\/intl\/pl\/policies\/privacy\/<\/code><\/p>\n<p><\/p>\n<p><\/p>\t\t\t\t\t\t\t\t<\/div>\n\t\t\t\t\t<\/div>\n\t\t\t\t<\/div>\n\t\t\t\t<\/div>\n\t\t","protected":false},"excerpt":{"rendered":"<p>Datenschutzerkl\u00e4rung RODO 1. datenschutz auf einen Blick Allgemeine Informationen Die folgenden Hinweise geben einen einfachen [&hellip;]<\/p>\n","protected":false},"author":1,"featured_media":0,"parent":0,"menu_order":0,"comment_status":"closed","ping_status":"closed","template":"","meta":{"_acf_changed":false,"footnotes":""},"class_list":["post-9867","page","type-page","status-publish","hentry"],"acf":[],"_links":{"self":[{"href":"https:\/\/falto.colordrop.pl\/de\/wp-json\/wp\/v2\/pages\/9867","targetHints":{"allow":["GET"]}}],"collection":[{"href":"https:\/\/falto.colordrop.pl\/de\/wp-json\/wp\/v2\/pages"}],"about":[{"href":"https:\/\/falto.colordrop.pl\/de\/wp-json\/wp\/v2\/types\/page"}],"author":[{"embeddable":true,"href":"https:\/\/falto.colordrop.pl\/de\/wp-json\/wp\/v2\/users\/1"}],"replies":[{"embeddable":true,"href":"https:\/\/falto.colordrop.pl\/de\/wp-json\/wp\/v2\/comments?post=9867"}],"version-history":[{"count":4,"href":"https:\/\/falto.colordrop.pl\/de\/wp-json\/wp\/v2\/pages\/9867\/revisions"}],"predecessor-version":[{"id":10362,"href":"https:\/\/falto.colordrop.pl\/de\/wp-json\/wp\/v2\/pages\/9867\/revisions\/10362"}],"wp:attachment":[{"href":"https:\/\/falto.colordrop.pl\/de\/wp-json\/wp\/v2\/media?parent=9867"}],"curies":[{"name":"wp","href":"https:\/\/api.w.org\/{rel}","templated":true}]}}