{"id":10118,"date":"2025-11-13T15:14:13","date_gmt":"2025-11-13T14:14:13","guid":{"rendered":"https:\/\/falto.colordrop.pl\/produkte-stuehle\/"},"modified":"2025-12-30T14:22:01","modified_gmt":"2025-12-30T13:22:01","slug":"produkte-stuehle","status":"publish","type":"page","link":"https:\/\/falto.colordrop.pl\/de\/produkte-stuehle\/","title":{"rendered":"Produkte - St\u00fchle"},"content":{"rendered":"\t\t<div data-elementor-type=\"wp-page\" data-elementor-id=\"10118\" class=\"elementor elementor-10118 elementor-8850\">\n\t\t\t\t<div class=\"elementor-element elementor-element-563eb27 e-flex e-con-boxed e-con e-child\" data-id=\"563eb27\" data-element_type=\"container\">\n\t\t\t\t\t<div class=\"e-con-inner\">\n\t\t<div class=\"elementor-element elementor-element-e643c05 e-con-full e-flex e-con e-child\" data-id=\"e643c05\" data-element_type=\"container\" data-settings=\"{&quot;background_background&quot;:&quot;slideshow&quot;,&quot;background_slideshow_gallery&quot;:[{&quot;id&quot;:9128,&quot;url&quot;:&quot;https:\\\/\\\/falto.colordrop.pl\\\/wp-content\\\/uploads\\\/2025\\\/11\\\/falto_dom_biurko_b-2.jpg&quot;},{&quot;id&quot;:9131,&quot;url&quot;:&quot;https:\\\/\\\/falto.colordrop.pl\\\/wp-content\\\/uploads\\\/2025\\\/11\\\/falto_dom_stol_b-1.jpg&quot;},{&quot;id&quot;:9095,&quot;url&quot;:&quot;https:\\\/\\\/falto.colordrop.pl\\\/wp-content\\\/uploads\\\/2025\\\/11\\\/falto_dom_stol_a-4.jpg&quot;},{&quot;id&quot;:10008,&quot;url&quot;:&quot;https:\\\/\\\/falto.colordrop.pl\\\/wp-content\\\/uploads\\\/2025\\\/11\\\/falto_dom_stol_d-2.jpg&quot;},{&quot;id&quot;:10122,&quot;url&quot;:&quot;https:\\\/\\\/falto.colordrop.pl\\\/wp-content\\\/uploads\\\/2025\\\/11\\\/falto_dom_stol_c-3.jpg&quot;}],&quot;background_slideshow_ken_burns&quot;:&quot;yes&quot;,&quot;background_slideshow_loop&quot;:&quot;yes&quot;,&quot;background_slideshow_slide_duration&quot;:5000,&quot;background_slideshow_slide_transition&quot;:&quot;fade&quot;,&quot;background_slideshow_transition_duration&quot;:500,&quot;background_slideshow_ken_burns_zoom_direction&quot;:&quot;in&quot;}\">\n\t\t<div class=\"elementor-element elementor-element-5937cdd e-con-full e-flex e-con e-child\" data-id=\"5937cdd\" data-element_type=\"container\" data-settings=\"{&quot;background_background&quot;:&quot;classic&quot;}\">\n\t\t\t\t<div class=\"elementor-element elementor-element-729c107 elementor-widget elementor-widget-heading\" data-id=\"729c107\" data-element_type=\"widget\" data-widget_type=\"heading.default\">\n\t\t\t\t\t<h4 class=\"elementor-heading-title elementor-size-default\">FALTO St\u00fchle vereinen Form und Funktion in einem langlebigen, robusten Design.<\/h4>\t\t\t\t<\/div>\n\t\t\t\t<div class=\"elementor-element elementor-element-f0aef9b elementor-widget elementor-widget-text-editor\" data-id=\"f0aef9b\" data-element_type=\"widget\" data-widget_type=\"text-editor.default\">\n\t\t\t\t\t\t\t\t\t<p>ist auch etwas f\u00fcr den Alltag: ein Morgen mit einem guten Kaffee und ein Abendschmaus mit Familie und Freunden.<\/p><p>Aktivit\u00e4t, Dynamik, Gesundheit, das sind die Mehrwerte unseres t\u00e4glichen Lebens.<\/p>\t\t\t\t\t\t\t\t<\/div>\n\t\t\t\t<\/div>\n\t\t\t\t<\/div>\n\t\t\t\t\t<\/div>\n\t\t\t\t<\/div>\n\t\t<div class=\"elementor-element elementor-element-c1ad4de e-flex e-con-boxed e-con e-parent\" data-id=\"c1ad4de\" data-element_type=\"container\">\n\t\t\t\t\t<div class=\"e-con-inner\">\n\t\t<div class=\"elementor-element elementor-element-a2bcd4e e-con-full e-flex e-con e-child\" data-id=\"a2bcd4e\" data-element_type=\"container\">\n\t\t<div class=\"elementor-element elementor-element-45a6584 e-con-full e-flex e-con e-child\" data-id=\"45a6584\" data-element_type=\"container\">\n\t\t\t\t<div class=\"elementor-element elementor-element-43e54ff elementor-widget elementor-widget-text-editor\" data-id=\"43e54ff\" data-element_type=\"widget\" data-widget_type=\"text-editor.default\">\n\t\t\t\t\t\t\t\t\t<p><strong>Funktionen, die der Form Sinn geben. <\/strong><br>Dieser Herausforderung hat sich die <span style=\"color: #8bc641;\"><strong>FALTO <\/strong><\/span>gestellt. Das ist eine Aufgabe f\u00fcr dieses und zuk\u00fcnftige Jahrhunderte. Hier reichen der feste Sitz, die steife Lehne und die vier feststehenden Beine nicht mehr. <\/p><p><strong>Flexible Konstruktionen: das sind vor allem Kufen und Raumbewegung, das ist die urspr\u00fcngliche Wiege der Menschheit. <\/strong><br>3D plus, bedeutet dreidimensionale Beweglichkeit der Sitz- und Lehnfl\u00e4che, und dass nur bei FALTO! Diese Eigenschaft sichert die perfekte Unterst\u00fctzung und Aufrichtung des K\u00f6rpers und sorgt gleichzeitig f\u00fcr Aktivit\u00e4t und Dynamik: Bewegung ist gesund!<\/p><p>Ver\u00e4ndert man die Sitzposition, garantiert das <strong>to back System<\/strong> die optimale Anpassung der R\u00fcckenlehne. Diese sichert den Sitzkomfort: richtet auf, entlastet, dehnt - es bleibt jedoch die M\u00f6glichkeit aktiv zu sitzen, ohne sich anzulehnen. Zwischendurch die Position zu wechseln, hat immer Sinn und ist richtig, denn man sollte nicht \u201eeinfach nur Sitzen\u201c, das Leben sollte nicht langweilig sein.   <\/p>\t\t\t\t\t\t\t\t<\/div>\n\t\t\t\t<\/div>\n\t\t\t\t<div class=\"elementor-element elementor-element-fff7768 elementor-widget__width-initial elementor-widget-mobile__width-inherit elementor-widget elementor-widget-image\" data-id=\"fff7768\" data-element_type=\"widget\" data-widget_type=\"image.default\">\n\t\t\t\t\t\t\t\t\t\t\t\t\t\t\t<img loading=\"lazy\" decoding=\"async\" width=\"689\" height=\"686\" src=\"https:\/\/falto.colordrop.pl\/wp-content\/uploads\/2025\/11\/cztery_krzesla_B-1.jpg\" class=\"attachment-full size-full wp-image-10121\" alt=\"\" srcset=\"https:\/\/falto.colordrop.pl\/wp-content\/uploads\/2025\/11\/cztery_krzesla_B-1.jpg 689w, https:\/\/falto.colordrop.pl\/wp-content\/uploads\/2025\/11\/cztery_krzesla_B-1-150x150.jpg 150w, https:\/\/falto.colordrop.pl\/wp-content\/uploads\/2025\/11\/cztery_krzesla_B-1-100x100.jpg 100w, https:\/\/falto.colordrop.pl\/wp-content\/uploads\/2025\/11\/cztery_krzesla_B-1-500x498.jpg 500w, https:\/\/falto.colordrop.pl\/wp-content\/uploads\/2025\/11\/cztery_krzesla_B-1-300x300.jpg 300w, https:\/\/falto.colordrop.pl\/wp-content\/uploads\/2025\/11\/cztery_krzesla_B-1-96x96.jpg 96w, https:\/\/falto.colordrop.pl\/wp-content\/uploads\/2025\/11\/cztery_krzesla_B-1-198x198.jpg 198w, https:\/\/falto.colordrop.pl\/wp-content\/uploads\/2025\/11\/cztery_krzesla_B-1-200x200.jpg 200w\" sizes=\"auto, (max-width: 689px) 100vw, 689px\" loading=\"lazy\" \/>\t\t\t\t\t\t\t\t\t\t\t\t\t\t\t<\/div>\n\t\t\t\t<\/div>\n\t\t\t\t\t<\/div>\n\t\t\t\t<\/div>\n\t\t<div class=\"elementor-element elementor-element-9a5236d e-flex e-con-boxed e-con e-parent\" data-id=\"9a5236d\" data-element_type=\"container\">\n\t\t\t\t\t<div class=\"e-con-inner\">\n\t\t<div class=\"elementor-element elementor-element-bd3aaad e-con-full e-flex e-con e-child\" data-id=\"bd3aaad\" data-element_type=\"container\">\n\t\t\t\t<div class=\"elementor-element elementor-element-e387da7 elementor-widget__width-initial elementor-widget-mobile__width-inherit elementor-widget elementor-widget-image\" data-id=\"e387da7\" data-element_type=\"widget\" data-widget_type=\"image.default\">\n\t\t\t\t\t\t\t\t\t\t\t\t\t\t\t<img loading=\"lazy\" decoding=\"async\" width=\"1000\" height=\"1301\" src=\"https:\/\/falto.colordrop.pl\/wp-content\/uploads\/2025\/11\/TO.15_chromonikel_4838-1.jpg\" class=\"attachment-full size-full wp-image-10119\" alt=\"\" srcset=\"https:\/\/falto.colordrop.pl\/wp-content\/uploads\/2025\/11\/TO.15_chromonikel_4838-1.jpg 1000w, https:\/\/falto.colordrop.pl\/wp-content\/uploads\/2025\/11\/TO.15_chromonikel_4838-1-500x651.jpg 500w, https:\/\/falto.colordrop.pl\/wp-content\/uploads\/2025\/11\/TO.15_chromonikel_4838-1-231x300.jpg 231w, https:\/\/falto.colordrop.pl\/wp-content\/uploads\/2025\/11\/TO.15_chromonikel_4838-1-787x1024.jpg 787w, https:\/\/falto.colordrop.pl\/wp-content\/uploads\/2025\/11\/TO.15_chromonikel_4838-1-768x999.jpg 768w, https:\/\/falto.colordrop.pl\/wp-content\/uploads\/2025\/11\/TO.15_chromonikel_4838-1-144x188.jpg 144w\" sizes=\"auto, (max-width: 1000px) 100vw, 1000px\" loading=\"lazy\" \/>\t\t\t\t\t\t\t\t\t\t\t\t\t\t\t<\/div>\n\t\t<div class=\"elementor-element elementor-element-db78b9f e-con-full e-flex e-con e-child\" data-id=\"db78b9f\" data-element_type=\"container\">\n\t\t\t\t<div class=\"elementor-element elementor-element-0120f2c elementor-widget elementor-widget-text-editor\" data-id=\"0120f2c\" data-element_type=\"widget\" data-widget_type=\"text-editor.default\">\n\t\t\t\t\t\t\t\t\t<p><strong>Der Funktion sollte die Form folgen: Design guter Dinge, immer wenn es um die Gesundheit des Menschen geht.<\/strong><\/p><p>Deswegen sind die <span style=\"color: #8bc641;\"><strong>FALTO St\u00fchle<\/strong><\/span> gut ausgewogen, gemessen an der Gesundheit des Nutzers. Das ist die gro\u00dfe Herausforderung, zumal auch die Haltbarkeit und \u00d6kologie auf der Hand liegen. Selbstverst\u00e4ndlich ist die Geschmacksache. Nach Jahren gewinnt der gesunde Sitzkomfort. FALTO existiert schon \u00fcber drei\u00dfig Jahre und verf\u00fcgt auch \u00fcber reichlich Anerkennung, so wie mehreren Preisen und Auszeichnungen in der \u201eM\u00f6belwelt\u201c.<br>FALTO - das sind vor allem langlebige, handwerklich gefertigte Konstruktionen mit der Wahrung der \u00d6kologieregeln, \u00fcberall wo es nur geht.    <\/p>\t\t\t\t\t\t\t\t<\/div>\n\t\t\t\t<\/div>\n\t\t\t\t<\/div>\n\t\t\t\t\t<\/div>\n\t\t\t\t<\/div>\n\t\t<div class=\"elementor-element elementor-element-0d5bbd2 e-flex e-con-boxed e-con e-parent\" data-id=\"0d5bbd2\" data-element_type=\"container\">\n\t\t\t\t\t<div class=\"e-con-inner\">\n\t\t<div class=\"elementor-element elementor-element-9591be4 e-con-full e-flex e-con e-child\" data-id=\"9591be4\" data-element_type=\"container\">\n\t\t<div class=\"elementor-element elementor-element-207d637 e-con-full e-flex e-con e-child\" data-id=\"207d637\" data-element_type=\"container\">\n\t\t\t\t<div class=\"elementor-element elementor-element-02f7716 elementor-widget elementor-widget-text-editor\" data-id=\"02f7716\" data-element_type=\"widget\" data-widget_type=\"text-editor.default\">\n\t\t\t\t\t\t\t\t\t<p><strong><span style=\"color: #8bc641;\">FALTO<\/span> <\/strong>ist auch der Beweis daf\u00fcr, dass Sitzen ein angenehmer Teil unseres Lebens sein kann, nach dem Prinzip: in einem gesunden K\u00f6rper, ein gesunder Geist. Der Schl\u00fcssel dazu ist, sich der Notwendigkeit bewusst zu sein, aktiv zu sein und sich von verkn\u00f6cherten Gewohnheiten zu l\u00f6sen. Aufrecht bleiben, ansonsten nicht kauern ist das eine, sich so viel wie m\u00f6glich bewegen ist das andere, und die Ergebnisse werden Sie bald sehr gl\u00fccklich machen.  <\/p>\t\t\t\t\t\t\t\t<\/div>\n\t\t\t\t<\/div>\n\t\t\t\t<div class=\"elementor-element elementor-element-b81c213 elementor-widget__width-initial elementor-widget-mobile__width-inherit elementor-widget elementor-widget-image\" data-id=\"b81c213\" data-element_type=\"widget\" data-widget_type=\"image.default\">\n\t\t\t\t\t\t\t\t\t\t\t\t\t\t\t<img loading=\"lazy\" decoding=\"async\" width=\"699\" height=\"699\" src=\"https:\/\/falto.colordrop.pl\/wp-content\/uploads\/2025\/11\/TO.12.jpg\" class=\"attachment-full size-full wp-image-10120\" alt=\"\" srcset=\"https:\/\/falto.colordrop.pl\/wp-content\/uploads\/2025\/11\/TO.12.jpg 699w, https:\/\/falto.colordrop.pl\/wp-content\/uploads\/2025\/11\/TO.12-150x150.jpg 150w, https:\/\/falto.colordrop.pl\/wp-content\/uploads\/2025\/11\/TO.12-100x100.jpg 100w, https:\/\/falto.colordrop.pl\/wp-content\/uploads\/2025\/11\/TO.12-500x500.jpg 500w, https:\/\/falto.colordrop.pl\/wp-content\/uploads\/2025\/11\/TO.12-300x300.jpg 300w, https:\/\/falto.colordrop.pl\/wp-content\/uploads\/2025\/11\/TO.12-96x96.jpg 96w, https:\/\/falto.colordrop.pl\/wp-content\/uploads\/2025\/11\/TO.12-408x408.jpg 408w, https:\/\/falto.colordrop.pl\/wp-content\/uploads\/2025\/11\/TO.12-513x513.jpg 513w, https:\/\/falto.colordrop.pl\/wp-content\/uploads\/2025\/11\/TO.12-198x198.jpg 198w, https:\/\/falto.colordrop.pl\/wp-content\/uploads\/2025\/11\/TO.12-200x200.jpg 200w\" sizes=\"auto, (max-width: 699px) 100vw, 699px\" loading=\"lazy\" \/>\t\t\t\t\t\t\t\t\t\t\t\t\t\t\t<\/div>\n\t\t\t\t<\/div>\n\t\t\t\t\t<\/div>\n\t\t\t\t<\/div>\n\t\t<div class=\"elementor-element elementor-element-4ba0192 e-flex e-con-boxed e-con e-parent\" data-id=\"4ba0192\" data-element_type=\"container\">\n\t\t\t\t\t<div class=\"e-con-inner\">\n\t\t\t\t<div class=\"elementor-element elementor-element-3206b13 elementor-widget elementor-widget-vince_heading\" data-id=\"3206b13\" data-element_type=\"widget\" data-widget_type=\"vince_heading.default\">\n\t\t\t\t<div class=\"elementor-widget-container\">\n\t\t\t\t\t\t\t\r\n        <div class=\"flat-title tf-heading wow fadeInUp\">\r\n\t\t\t\t\t\t\t\t\t\t\t\t\t\t\t\t\t\t<p class=\"before-title type1\">FALTO St\u00fchle<\/p>\r\n\t\t\t\t\t\t\t\t\t\t\t                    <h4 class=\"title\">Produkte aus der Kollektion\n<\/h4>\r\n\t\t\t\t\t                <\/div>\r\n\r\n    \t\t\t\t<\/div>\n\t\t\t\t<\/div>\n\t\t\t\t<div class=\"elementor-element elementor-element-0319704 elementor-widget elementor-widget-vince_product_grid elementor-vineta-widget-wrapper\" data-id=\"0319704\" data-element_type=\"widget\" data-widget_type=\"vince_product_grid.default\">\n\t\t\t\t<div class=\"elementor-widget-container\">\n\t\t\t\t\t\t\t<div class=\"has-arrow-control arrow-style-1 fl-control-sw2\">\r\n\t\t\t\t\t\t<div class=\"wrapper-control-shop gridLayout-wrapper vince-product-grid \" data-swiper-configs='{}'>\r\n\t\t\t\t<div class=\"wrapper-shop add-to-cart-hidden tf-grid-layout\">\r\n\t\t\t\t<div class=\"card-product grid style-1 card-product-size post-10155 product type-product status-publish has-post-thumbnail product_brand-falto product_cat-stuhle tm-has-options first instock shipping-taxable purchasable product-type-simple\" data-availability=\"instock\" data-brand=\"\">\r\n    <div class=\"card-product-wrapper \" style=\"\">\r\n        <a href=\"https:\/\/falto.colordrop.pl\/de\/produkt\/todo-35\/\" class=\"product-img\">\r\n            <img decoding=\"async\" class=\"img-product lazyload\" data-src=\"https:\/\/falto.colordrop.pl\/wp-content\/uploads\/2025\/10\/td30_a.jpg\" src=\"https:\/\/falto.colordrop.pl\/wp-content\/uploads\/2025\/10\/td30_a.jpg\" alt=\"ToDo 35\">\r\n\r\n                            <img decoding=\"async\" class=\"img-hover lazyload\" data-src=\"https:\/\/falto.colordrop.pl\/wp-content\/uploads\/2025\/10\/td30_a.jpg\" src=\"https:\/\/falto.colordrop.pl\/wp-content\/uploads\/2025\/10\/td30_a.jpg\" alt=\"ToDo 35\">\r\n        <\/a>\r\n\r\n        \r\n        <div class=\"on-sale-wrap\">\r\n                                <\/div>\r\n\r\n                <ul class=\"list-product-btn\">\r\n            <li>\r\n                                    <a href=\"\/de\/wp-json\/wp\/v2\/pages\/10118?add-to-cart=10155\"\r\n                        class=\"ajax_add_to_cart add_to_cart_button hover-tooltip tooltip-left box-icon add-to-cart\"\r\n                        data-quantity=\"1\"\r\n                        data-product_id=\"10155\"\r\n                    >\r\n                        <span class=\"icon icon-cart2\"><\/span>\r\n                        <span class=\"tooltip\">\r\n                            In den Warenkorb                        <\/span>\r\n                    <\/a>\r\n                            <\/li>\r\n            <li class=\"wishlist\">\r\n                            <\/li>\r\n            <li>\r\n                <a href=\"#quickView\" data-bs-toggle=\"modal\"\r\n                    class=\"hover-tooltip tooltip-left box-icon quickview tf_quickview_btn\"\r\n                    data-quantity=\"1\"\r\n                    data-product_id=\"10155\"\r\n                >\r\n                    <span class=\"icon icon-view\"><\/span>\r\n                    <span class=\"tooltip\">Schnellansicht<\/span>\r\n                <\/a>\r\n            <\/li>\r\n                    <\/ul>\r\n        \r\n        \r\n           <\/div>\r\n\r\n    <div class=\"card-product-info\">\r\n                        <a href=\"https:\/\/falto.colordrop.pl\/de\/produkt\/todo-35\/\" class=\"name-product link text-md\">\r\n            ToDo 35        <\/a>\r\n        <p class=\"price-wrap fw-medium tf-price\">\r\n            <span class=\"from\">Ab: <\/span><span class=\"woocommerce-Price-amount amount\"><bdi>835,00&nbsp;<span class=\"woocommerce-Price-currencySymbol\">&euro;<\/span><\/bdi><\/span>        <\/p>\r\n                \r\n                \r\n        <div class=\"cls-btn\">\r\n                            <a href=\"\/de\/wp-json\/wp\/v2\/pages\/10118?add-to-cart=10155\"\r\n                    class=\"ajax_add_to_cart add_to_cart_button tf-btn btn-cls btn-white hover-dark hover-icon-2 w-100\"\r\n                    data-quantity=\"1\"\r\n                    data-product_id=\"10155\"\r\n                >\r\n                    Add to cart                                    <\/a>\r\n                    <\/div>\r\n    <\/div>\r\n<\/div>\r\n\r\n<div class=\"card-product grid style-1 card-product-size post-10359 product type-product status-publish has-post-thumbnail product_brand-falto product_cat-stuhle  instock shipping-taxable purchasable product-type-simple\" data-availability=\"instock\" data-brand=\"\">\r\n    <div class=\"card-product-wrapper \" style=\"\">\r\n        <a href=\"https:\/\/falto.colordrop.pl\/de\/produkt\/todo-15\/\" class=\"product-img\">\r\n            <img decoding=\"async\" class=\"img-product lazyload\" data-src=\"https:\/\/falto.colordrop.pl\/wp-content\/uploads\/2025\/11\/td15_a.jpg\" src=\"https:\/\/falto.colordrop.pl\/wp-content\/uploads\/2025\/11\/td15_a.jpg\" alt=\"ToDo 15\">\r\n\r\n                            <img decoding=\"async\" class=\"img-hover lazyload\" data-src=\"https:\/\/falto.colordrop.pl\/wp-content\/uploads\/2025\/11\/td15_a.jpg\" src=\"https:\/\/falto.colordrop.pl\/wp-content\/uploads\/2025\/11\/td15_a.jpg\" alt=\"ToDo 15\">\r\n        <\/a>\r\n\r\n        \r\n        <div class=\"on-sale-wrap\">\r\n                                <\/div>\r\n\r\n                <ul class=\"list-product-btn\">\r\n            <li>\r\n                                    <a href=\"\/de\/wp-json\/wp\/v2\/pages\/10118?add-to-cart=10359\"\r\n                        class=\"ajax_add_to_cart add_to_cart_button hover-tooltip tooltip-left box-icon add-to-cart\"\r\n                        data-quantity=\"1\"\r\n                        data-product_id=\"10359\"\r\n                    >\r\n                        <span class=\"icon icon-cart2\"><\/span>\r\n                        <span class=\"tooltip\">\r\n                            In den Warenkorb                        <\/span>\r\n                    <\/a>\r\n                            <\/li>\r\n            <li class=\"wishlist\">\r\n                            <\/li>\r\n            <li>\r\n                <a href=\"#quickView\" data-bs-toggle=\"modal\"\r\n                    class=\"hover-tooltip tooltip-left box-icon quickview tf_quickview_btn\"\r\n                    data-quantity=\"1\"\r\n                    data-product_id=\"10359\"\r\n                >\r\n                    <span class=\"icon icon-view\"><\/span>\r\n                    <span class=\"tooltip\">Schnellansicht<\/span>\r\n                <\/a>\r\n            <\/li>\r\n                    <\/ul>\r\n        \r\n        \r\n           <\/div>\r\n\r\n    <div class=\"card-product-info\">\r\n                        <a href=\"https:\/\/falto.colordrop.pl\/de\/produkt\/todo-15\/\" class=\"name-product link text-md\">\r\n            ToDo 15        <\/a>\r\n        <p class=\"price-wrap fw-medium tf-price\">\r\n            <span class=\"from\">Ab: <\/span><span class=\"woocommerce-Price-amount amount\"><bdi>889,00&nbsp;<span class=\"woocommerce-Price-currencySymbol\">&euro;<\/span><\/bdi><\/span>        <\/p>\r\n                \r\n                \r\n        <div class=\"cls-btn\">\r\n                            <a href=\"\/de\/wp-json\/wp\/v2\/pages\/10118?add-to-cart=10359\"\r\n                    class=\"ajax_add_to_cart add_to_cart_button tf-btn btn-cls btn-white hover-dark hover-icon-2 w-100\"\r\n                    data-quantity=\"1\"\r\n                    data-product_id=\"10359\"\r\n                >\r\n                    Add to cart                                    <\/a>\r\n                    <\/div>\r\n    <\/div>\r\n<\/div>\r\n\r\n<div class=\"card-product grid style-1 card-product-size post-9948 product type-product status-publish has-post-thumbnail product_brand-falto product_cat-stuhle  instock shipping-taxable purchasable product-type-simple\" data-availability=\"instock\" data-brand=\"\">\r\n    <div class=\"card-product-wrapper \" style=\"\">\r\n        <a href=\"https:\/\/falto.colordrop.pl\/de\/produkt\/todo-45\/\" class=\"product-img\">\r\n            <img decoding=\"async\" class=\"img-product lazyload\" data-src=\"https:\/\/falto.colordrop.pl\/wp-content\/uploads\/2025\/12\/td45_a.jpg\" src=\"https:\/\/falto.colordrop.pl\/wp-content\/uploads\/2025\/12\/td45_a.jpg\" alt=\"ToDo 45\">\r\n\r\n                            <img decoding=\"async\" class=\"img-hover lazyload\" data-src=\"https:\/\/falto.colordrop.pl\/wp-content\/uploads\/2025\/12\/td45_a.jpg\" src=\"https:\/\/falto.colordrop.pl\/wp-content\/uploads\/2025\/12\/td45_a.jpg\" alt=\"ToDo 45\">\r\n        <\/a>\r\n\r\n        \r\n        <div class=\"on-sale-wrap\">\r\n                                <\/div>\r\n\r\n                <ul class=\"list-product-btn\">\r\n            <li>\r\n                                    <a href=\"\/de\/wp-json\/wp\/v2\/pages\/10118?add-to-cart=9948\"\r\n                        class=\"ajax_add_to_cart add_to_cart_button hover-tooltip tooltip-left box-icon add-to-cart\"\r\n                        data-quantity=\"1\"\r\n                        data-product_id=\"9948\"\r\n                    >\r\n                        <span class=\"icon icon-cart2\"><\/span>\r\n                        <span class=\"tooltip\">\r\n                            In den Warenkorb                        <\/span>\r\n                    <\/a>\r\n                            <\/li>\r\n            <li class=\"wishlist\">\r\n                            <\/li>\r\n            <li>\r\n                <a href=\"#quickView\" data-bs-toggle=\"modal\"\r\n                    class=\"hover-tooltip tooltip-left box-icon quickview tf_quickview_btn\"\r\n                    data-quantity=\"1\"\r\n                    data-product_id=\"9948\"\r\n                >\r\n                    <span class=\"icon icon-view\"><\/span>\r\n                    <span class=\"tooltip\">Schnellansicht<\/span>\r\n                <\/a>\r\n            <\/li>\r\n                    <\/ul>\r\n        \r\n        \r\n           <\/div>\r\n\r\n    <div class=\"card-product-info\">\r\n                        <a href=\"https:\/\/falto.colordrop.pl\/de\/produkt\/todo-45\/\" class=\"name-product link text-md\">\r\n            ToDo 45        <\/a>\r\n        <p class=\"price-wrap fw-medium tf-price\">\r\n            <span class=\"from\">Ab: <\/span><span class=\"woocommerce-Price-amount amount\"><bdi>1 129,00&nbsp;<span class=\"woocommerce-Price-currencySymbol\">&euro;<\/span><\/bdi><\/span>        <\/p>\r\n                \r\n                \r\n        <div class=\"cls-btn\">\r\n                            <a href=\"\/de\/wp-json\/wp\/v2\/pages\/10118?add-to-cart=9948\"\r\n                    class=\"ajax_add_to_cart add_to_cart_button tf-btn btn-cls btn-white hover-dark hover-icon-2 w-100\"\r\n                    data-quantity=\"1\"\r\n                    data-product_id=\"9948\"\r\n                >\r\n                    Add to cart                                    <\/a>\r\n                    <\/div>\r\n    <\/div>\r\n<\/div>\r\n\r\n\t\t\t\t<\/div>\r\n\t\t\t\t\t\t<\/div>\r\n\r\n\t\t\t\t\t\t\t\t<\/div>\r\n\t\t\t\t\t\t<\/div>\n\t\t\t\t<\/div>\n\t\t\t\t\t<\/div>\n\t\t\t\t<\/div>\n\t\t\t\t<\/div>\n\t\t","protected":false},"excerpt":{"rendered":"<p>FALTO St\u00fchle vereinen Form und Funktion in einem langlebigen, robusten Design. ist auch etwas f\u00fcr [&hellip;]<\/p>\n","protected":false},"author":1,"featured_media":0,"parent":0,"menu_order":0,"comment_status":"closed","ping_status":"closed","template":"","meta":{"_acf_changed":false,"footnotes":""},"class_list":["post-10118","page","type-page","status-publish","hentry"],"acf":[],"_links":{"self":[{"href":"https:\/\/falto.colordrop.pl\/de\/wp-json\/wp\/v2\/pages\/10118","targetHints":{"allow":["GET"]}}],"collection":[{"href":"https:\/\/falto.colordrop.pl\/de\/wp-json\/wp\/v2\/pages"}],"about":[{"href":"https:\/\/falto.colordrop.pl\/de\/wp-json\/wp\/v2\/types\/page"}],"author":[{"embeddable":true,"href":"https:\/\/falto.colordrop.pl\/de\/wp-json\/wp\/v2\/users\/1"}],"replies":[{"embeddable":true,"href":"https:\/\/falto.colordrop.pl\/de\/wp-json\/wp\/v2\/comments?post=10118"}],"version-history":[{"count":5,"href":"https:\/\/falto.colordrop.pl\/de\/wp-json\/wp\/v2\/pages\/10118\/revisions"}],"predecessor-version":[{"id":10324,"href":"https:\/\/falto.colordrop.pl\/de\/wp-json\/wp\/v2\/pages\/10118\/revisions\/10324"}],"wp:attachment":[{"href":"https:\/\/falto.colordrop.pl\/de\/wp-json\/wp\/v2\/media?parent=10118"}],"curies":[{"name":"wp","href":"https:\/\/api.w.org\/{rel}","templated":true}]}}