{"id":10069,"date":"2025-11-13T15:41:29","date_gmt":"2025-11-13T14:41:29","guid":{"rendered":"https:\/\/falto.colordrop.pl\/produkte-buerostuehle-und-sessel\/"},"modified":"2025-12-30T15:42:10","modified_gmt":"2025-12-30T14:42:10","slug":"produkte-buerostuehle-und-sessel","status":"publish","type":"page","link":"https:\/\/falto.colordrop.pl\/de\/produkte-buerostuehle-und-sessel\/","title":{"rendered":"Produkte - B\u00fcrost\u00fchle und Sessel"},"content":{"rendered":"\t\t<div data-elementor-type=\"wp-page\" data-elementor-id=\"10069\" class=\"elementor elementor-10069 elementor-8867\">\n\t\t\t\t<div class=\"elementor-element elementor-element-8b53743 e-flex e-con-boxed e-con e-child\" data-id=\"8b53743\" data-element_type=\"container\">\n\t\t\t\t\t<div class=\"e-con-inner\">\n\t\t<div class=\"elementor-element elementor-element-7aec22f e-con-full e-flex e-con e-child\" data-id=\"7aec22f\" data-element_type=\"container\" data-settings=\"{&quot;background_background&quot;:&quot;slideshow&quot;,&quot;background_slideshow_gallery&quot;:[{&quot;id&quot;:10075,&quot;url&quot;:&quot;https:\\\/\\\/falto.colordrop.pl\\\/wp-content\\\/uploads\\\/2025\\\/11\\\/240725_office1_full_001.jpg&quot;},{&quot;id&quot;:9854,&quot;url&quot;:&quot;https:\\\/\\\/falto.colordrop.pl\\\/wp-content\\\/uploads\\\/2025\\\/11\\\/240724_office1_gabinet2_001_color.jpg&quot;},{&quot;id&quot;:10076,&quot;url&quot;:&quot;https:\\\/\\\/falto.colordrop.pl\\\/wp-content\\\/uploads\\\/2025\\\/11\\\/240724_office2_fotel_jeden4_003.jpg&quot;},{&quot;id&quot;:9999,&quot;url&quot;:&quot;https:\\\/\\\/falto.colordrop.pl\\\/wp-content\\\/uploads\\\/2025\\\/11\\\/240725_office2_fotel_jeden1_002color.jpg&quot;},{&quot;id&quot;:10077,&quot;url&quot;:&quot;https:\\\/\\\/falto.colordrop.pl\\\/wp-content\\\/uploads\\\/2025\\\/11\\\/240724_office2_fotele1_003_color_a.jpg&quot;}],&quot;background_slideshow_ken_burns&quot;:&quot;yes&quot;,&quot;background_slideshow_loop&quot;:&quot;yes&quot;,&quot;background_slideshow_slide_duration&quot;:5000,&quot;background_slideshow_slide_transition&quot;:&quot;fade&quot;,&quot;background_slideshow_transition_duration&quot;:500,&quot;background_slideshow_ken_burns_zoom_direction&quot;:&quot;in&quot;}\">\n\t\t<div class=\"elementor-element elementor-element-c64a0e6 e-con-full e-flex e-con e-child\" data-id=\"c64a0e6\" data-element_type=\"container\" data-settings=\"{&quot;background_background&quot;:&quot;classic&quot;}\">\n\t\t\t\t<div class=\"elementor-element elementor-element-5509295 elementor-widget elementor-widget-heading\" data-id=\"5509295\" data-element_type=\"widget\" data-widget_type=\"heading.default\">\n\t\t\t\t\t<h4 class=\"elementor-heading-title elementor-size-default\">FALTO B\u00fcrost\u00fchle und -sessel sind eine Kombination aus Ergonomie und moderner B\u00fcrotechnik<\/h4>\t\t\t\t<\/div>\n\t\t\t\t<div class=\"elementor-element elementor-element-bf8cd0c elementor-widget elementor-widget-text-editor\" data-id=\"bf8cd0c\" data-element_type=\"widget\" data-widget_type=\"text-editor.default\">\n\t\t\t\t\t\t\t\t\t<p>ist eine Kombination aus Form und Funktion, die im B\u00fcroalltag unverzichtbar ist. Sie ist auch der Schl\u00fcssel f\u00fcr effizientes Arbeiten \u00fcber viele Stunden hinweg. Dabei gilt die Regel des aktiven Sitzens in Kombination mit Ruhephasen, f\u00fcr die die FALTO-Produkte in ihrem Design einzigartige M\u00f6glichkeiten bieten. <\/p>\t\t\t\t\t\t\t\t<\/div>\n\t\t\t\t<\/div>\n\t\t\t\t<\/div>\n\t\t\t\t\t<\/div>\n\t\t\t\t<\/div>\n\t\t<div class=\"elementor-element elementor-element-76967a3 e-flex e-con-boxed e-con e-parent\" data-id=\"76967a3\" data-element_type=\"container\">\n\t\t\t\t\t<div class=\"e-con-inner\">\n\t\t<div class=\"elementor-element elementor-element-577a518 e-con-full e-flex e-con e-child\" data-id=\"577a518\" data-element_type=\"container\">\n\t\t<div class=\"elementor-element elementor-element-705db0a e-con-full e-flex e-con e-child\" data-id=\"705db0a\" data-element_type=\"container\">\n\t\t\t\t<div class=\"elementor-element elementor-element-b52c3d2 elementor-widget elementor-widget-text-editor\" data-id=\"b52c3d2\" data-element_type=\"widget\" data-widget_type=\"text-editor.default\">\n\t\t\t\t\t\t\t\t\t<p><b>Die einzigartigen L\u00f6sungen, die FALTO von klassischen B\u00fcrost\u00fchlen unterscheiden<\/b>.<\/p><p>Bei der <b>flexiblen Konstruktion<\/b> geht es um die <b>Bewegung im Raum<\/b>, die durch eine <b>gefederte Mechanik<\/b> gew\u00e4hrleistet wird. Wie bei den Kufen der Schaukelst\u00fchle markiert der Wieppemechanismus hier eine R\u00fcckkehr zu den Wurzeln, zur Wiege.<\/p><p><b>3D Plus, ist ein dreidimensionaler beweglicher Sitz und R\u00fccken<\/b>. Stuhl <strong><span style=\"color: #8bc641;\">FALTO<\/span> <\/strong>dank dieser Eigenschaft garantieren sie sowohl eine ideale Unterst\u00fctzung f\u00fcr die aufrechte Haltung als auch Dynamik und Aktivit\u00e4t: denn Bewegung ist Gesundheit.<\/p><p>Wenn sich die Umst\u00e4nde und Sitzbedingungen \u00e4ndern oder \u00e4ndert sich der Benutzer: <b>Das \u201ato-back\u2018-System<\/b> garantiert eine optimale Anpassung der R\u00fcckenlehne<\/p><p>Die R\u00fcckenlehne ist garantiert die Bequemlichkeit des Sitzens: richtet Sie auf, entlastet, Sie habe jedoch die Wahl und die M\u00f6glichkeit, aktiv zu sitzen, ohne sich anzulehnen, denn jede Ver\u00e4nderung der Position ist sinnvoll und verbessert die Konzentration, wirkt der M\u00fcdigkeit entgegen. <\/p><p>Aber auch der gr\u00f6\u00dfte Titan der Arbeit kann der M\u00fcdigkeit nicht entkommen. Hier hilft die optionale <b>Kopfst\u00fctze, die bei den Dance 25 Modellen angeboten wird. Sie ist einzigartig, weil sie flexibel au\u00dferhalb der R\u00fcckenlehne und unabh\u00e4ngig von deren Beweglichkeit aufgeh\u00e4ngt ist<\/b>. Nur eine so konstruierte Kopfst\u00fctze bietet die M\u00f6glichkeit, sich optimal zu entspannen und gleichzeitig die nach langem Sitzen verkrampften Muskeln von R\u00fccken und Brust zu dehnen.  <\/p>\t\t\t\t\t\t\t\t<\/div>\n\t\t\t\t<\/div>\n\t\t\t\t<div class=\"elementor-element elementor-element-fe52e87 elementor-widget__width-initial elementor-widget-mobile__width-inherit elementor-widget elementor-widget-image\" data-id=\"fe52e87\" data-element_type=\"widget\" data-widget_type=\"image.default\">\n\t\t\t\t\t\t\t\t\t\t\t\t\t\t\t<img loading=\"lazy\" decoding=\"async\" width=\"2000\" height=\"2000\" src=\"https:\/\/falto.colordrop.pl\/wp-content\/uploads\/2025\/11\/da20-grid.jpg\" class=\"attachment-full size-full wp-image-10073\" alt=\"\" srcset=\"https:\/\/falto.colordrop.pl\/wp-content\/uploads\/2025\/11\/da20-grid.jpg 2000w, https:\/\/falto.colordrop.pl\/wp-content\/uploads\/2025\/11\/da20-grid-150x150.jpg 150w, https:\/\/falto.colordrop.pl\/wp-content\/uploads\/2025\/11\/da20-grid-100x100.jpg 100w, https:\/\/falto.colordrop.pl\/wp-content\/uploads\/2025\/11\/da20-grid-500x500.jpg 500w\" sizes=\"auto, (max-width: 2000px) 100vw, 2000px\" loading=\"lazy\" \/>\t\t\t\t\t\t\t\t\t\t\t\t\t\t\t<\/div>\n\t\t\t\t<\/div>\n\t\t\t\t\t<\/div>\n\t\t\t\t<\/div>\n\t\t<div class=\"elementor-element elementor-element-813a55f e-flex e-con-boxed e-con e-parent\" data-id=\"813a55f\" data-element_type=\"container\">\n\t\t\t\t\t<div class=\"e-con-inner\">\n\t\t<div class=\"elementor-element elementor-element-3de7147 e-con-full e-flex e-con e-child\" data-id=\"3de7147\" data-element_type=\"container\">\n\t\t\t\t<div class=\"elementor-element elementor-element-d1f1634 elementor-widget elementor-widget-video\" data-id=\"d1f1634\" data-element_type=\"widget\" data-settings=\"{&quot;video_type&quot;:&quot;hosted&quot;,&quot;autoplay&quot;:&quot;yes&quot;,&quot;play_on_mobile&quot;:&quot;yes&quot;,&quot;mute&quot;:&quot;yes&quot;,&quot;loop&quot;:&quot;yes&quot;,&quot;controls&quot;:&quot;yes&quot;}\" data-widget_type=\"video.default\">\n\t\t\t\t\t\t\t<div class=\"e-hosted-video elementor-wrapper elementor-open-inline\">\n\t\t\t\t\t<video class=\"elementor-video\" src=\"https:\/\/falto.colordrop.pl\/wp-content\/uploads\/2025\/12\/1018_falto_da25_opt.mp4\" autoplay=\"\" loop=\"\" controls=\"\" muted=\"muted\" playsinline=\"\" controlsList=\"nodownload\"><\/video>\n\t\t\t\t<\/div>\n\t\t\t\t\t\t<\/div>\n\t\t<div class=\"elementor-element elementor-element-2b4cc42 e-con-full e-flex e-con e-child\" data-id=\"2b4cc42\" data-element_type=\"container\">\n\t\t\t\t<div class=\"elementor-element elementor-element-4d1874c elementor-widget elementor-widget-text-editor\" data-id=\"4d1874c\" data-element_type=\"widget\" data-widget_type=\"text-editor.default\">\n\t\t\t\t\t\t\t\t\t<p><strong>Eine Form, die sich der Funktion unterordnet: immer dann, wenn es um die Gesundheit des Benutzers geht. <br>Der Funktion sollte die Form folgen: Design guter Dinge, immer wenn es um die Gesundheit des Menschen geht.<\/strong><\/p><p>Deswegen sind die <strong><span style=\"color: #8bc641;\">FALTO St\u00fchle<\/span><\/strong> gut ausgewogen, gemessen an der Gesundheit des Nutzers. Das ist die gro\u00dfe Herausforderung, zumal auch die Haltbarkeit und \u00d6kologie auf der Hand liegen. Selbstverst\u00e4ndlich ist die Geschmacksache. Nach Jahren gewinnt der gesunde Sitzkomfort. <strong><span style=\"color: #8bc641;\">FALTO <\/span><\/strong>existiert schon \u00fcber drei\u00dfig Jahre und verf\u00fcgt auch \u00fcber reichlich Anerkennung, so wie mehreren Preisen und Auszeichnungen in der \u201eM\u00f6belwelt\u201c. <br><strong><span style=\"color: #8bc641;\">FALTO <\/span><\/strong>- das sind vor allem langlebige, handwerklich gefertigte Konstruktionen mit der Wahrung der \u00d6kologieregeln, \u00fcberall wo es nur geht.    <\/p>\t\t\t\t\t\t\t\t<\/div>\n\t\t\t\t<\/div>\n\t\t\t\t<\/div>\n\t\t\t\t\t<\/div>\n\t\t\t\t<\/div>\n\t\t<div class=\"elementor-element elementor-element-1ccb22f e-flex e-con-boxed e-con e-parent\" data-id=\"1ccb22f\" data-element_type=\"container\">\n\t\t\t\t\t<div class=\"e-con-inner\">\n\t\t<div class=\"elementor-element elementor-element-6850bab e-con-full e-flex e-con e-child\" data-id=\"6850bab\" data-element_type=\"container\">\n\t\t<div class=\"elementor-element elementor-element-318e948 e-con-full e-flex e-con e-child\" data-id=\"318e948\" data-element_type=\"container\">\n\t\t\t\t<div class=\"elementor-element elementor-element-6743c07 elementor-widget elementor-widget-text-editor\" data-id=\"6743c07\" data-element_type=\"widget\" data-widget_type=\"text-editor.default\">\n\t\t\t\t\t\t\t\t\t<p><strong>FALTO <\/strong>beweist auch, dass Sitzen zu den angenehmen Seiten unseres Lebens geh\u00f6ren kann, nach Beachtung der Regel, dass in einem gesunden K\u00f6rper der gesunde Geist herrscht. Entscheidend ist hier aktives Leben und das Ablegen von starren Angewohnheiten. Halte dich gerade und bewege dich viel, und die Erfolge kommen mit der Zeit. Der Schl\u00fcssel liegt darin, bewusst aktiv zu sein und sich von verkn\u00f6cherten Gewohnheiten zu l\u00f6sen: z.B. das Bein \u00fcber das andere zu legen oder es auszustrecken, w\u00e4hrend man vom Stuhl rutscht. Halten Sie es einfach, mit anderen Worten: B\u00fccken Sie sich nicht, das ist das Erste, bewegen Sie sich so viel wie m\u00f6glich, das ist das Zweite, und die positiven Effekte werden Ihnen schon bald viel Freude und vor allem weniger Unbehagen bereiten.<\/p>\t\t\t\t\t\t\t\t<\/div>\n\t\t\t\t<\/div>\n\t\t\t\t<div class=\"elementor-element elementor-element-857051a elementor-widget__width-initial elementor-widget-mobile__width-inherit elementor-widget elementor-widget-image\" data-id=\"857051a\" data-element_type=\"widget\" data-widget_type=\"image.default\">\n\t\t\t\t\t\t\t\t\t\t\t\t\t\t\t<img loading=\"lazy\" decoding=\"async\" width=\"1200\" height=\"1234\" src=\"https:\/\/falto.colordrop.pl\/wp-content\/uploads\/2025\/11\/falto-0754.jpg\" class=\"attachment-full size-full wp-image-10072\" alt=\"\" srcset=\"https:\/\/falto.colordrop.pl\/wp-content\/uploads\/2025\/11\/falto-0754.jpg 1200w, https:\/\/falto.colordrop.pl\/wp-content\/uploads\/2025\/11\/falto-0754-500x514.jpg 500w, https:\/\/falto.colordrop.pl\/wp-content\/uploads\/2025\/11\/falto-0754-292x300.jpg 292w, https:\/\/falto.colordrop.pl\/wp-content\/uploads\/2025\/11\/falto-0754-996x1024.jpg 996w, https:\/\/falto.colordrop.pl\/wp-content\/uploads\/2025\/11\/falto-0754-768x790.jpg 768w\" sizes=\"auto, (max-width: 1200px) 100vw, 1200px\" loading=\"lazy\" \/>\t\t\t\t\t\t\t\t\t\t\t\t\t\t\t<\/div>\n\t\t\t\t<\/div>\n\t\t\t\t\t<\/div>\n\t\t\t\t<\/div>\n\t\t<div class=\"elementor-element elementor-element-ff1f0bd e-flex e-con-boxed e-con e-parent\" data-id=\"ff1f0bd\" data-element_type=\"container\">\n\t\t\t\t\t<div class=\"e-con-inner\">\n\t\t\t\t<div class=\"elementor-element elementor-element-af55d58 elementor-widget elementor-widget-vince_heading\" data-id=\"af55d58\" data-element_type=\"widget\" data-widget_type=\"vince_heading.default\">\n\t\t\t\t<div class=\"elementor-widget-container\">\n\t\t\t\t\t\t\t\r\n        <div class=\"flat-title tf-heading wow fadeInUp\">\r\n\t\t\t\t\t\t\t\t\t\t\t\t\t\t\t\t\t\t<p class=\"before-title type1\">FALTO B\u00fcrost\u00fchle und Sessel<\/p>\r\n\t\t\t\t\t\t\t\t\t\t\t                    <h4 class=\"title\">Produkte aus der Kollektion\n<\/h4>\r\n\t\t\t\t\t                <\/div>\r\n\r\n    \t\t\t\t<\/div>\n\t\t\t\t<\/div>\n\t\t\t\t<div class=\"elementor-element elementor-element-fb6be35 elementor-widget elementor-widget-vince_product_grid elementor-vineta-widget-wrapper\" data-id=\"fb6be35\" data-element_type=\"widget\" data-widget_type=\"vince_product_grid.default\">\n\t\t\t\t<div class=\"elementor-widget-container\">\n\t\t\t\t\t\t\t<div class=\"has-arrow-control arrow-style-1 fl-control-sw2\">\r\n\t\t\t\t\t\t<div class=\"wrapper-control-shop gridLayout-wrapper vince-product-grid \" data-swiper-configs='{}'>\r\n\t\t\t\t<div class=\"wrapper-shop add-to-cart-hidden tf-grid-layout\">\r\n\t\t\t\t<div class=\"card-product grid style-1 card-product-size post-9829 product type-product status-publish has-post-thumbnail product_brand-falto product_cat-buro tm-has-options first instock shipping-taxable purchasable product-type-simple\" data-availability=\"instock\" data-brand=\"\">\r\n    <div class=\"card-product-wrapper \" style=\"\">\r\n        <a href=\"https:\/\/falto.colordrop.pl\/de\/produkt\/dance-25\/\" class=\"product-img\">\r\n            <img decoding=\"async\" class=\"img-product lazyload\" data-src=\"https:\/\/falto.colordrop.pl\/wp-content\/uploads\/2025\/12\/da25_a2-1.jpg\" src=\"https:\/\/falto.colordrop.pl\/wp-content\/uploads\/2025\/12\/da25_a2-1.jpg\" alt=\"Dance 25\">\r\n\r\n                            <img decoding=\"async\" class=\"img-hover lazyload\" data-src=\"https:\/\/falto.colordrop.pl\/wp-content\/uploads\/2025\/12\/da25_a2-1.jpg\" src=\"https:\/\/falto.colordrop.pl\/wp-content\/uploads\/2025\/12\/da25_a2-1.jpg\" alt=\"Dance 25\">\r\n        <\/a>\r\n\r\n        \r\n        <div class=\"on-sale-wrap\">\r\n                                <\/div>\r\n\r\n                <ul class=\"list-product-btn\">\r\n            <li>\r\n                                    <a href=\"\/de\/wp-json\/wp\/v2\/pages\/10069?add-to-cart=9829\"\r\n                        class=\"ajax_add_to_cart add_to_cart_button hover-tooltip tooltip-left box-icon add-to-cart\"\r\n                        data-quantity=\"1\"\r\n                        data-product_id=\"9829\"\r\n                    >\r\n                        <span class=\"icon icon-cart2\"><\/span>\r\n                        <span class=\"tooltip\">\r\n                            In den Warenkorb                        <\/span>\r\n                    <\/a>\r\n                            <\/li>\r\n            <li class=\"wishlist\">\r\n                            <\/li>\r\n            <li>\r\n                <a href=\"#quickView\" data-bs-toggle=\"modal\"\r\n                    class=\"hover-tooltip tooltip-left box-icon quickview tf_quickview_btn\"\r\n                    data-quantity=\"1\"\r\n                    data-product_id=\"9829\"\r\n                >\r\n                    <span class=\"icon icon-view\"><\/span>\r\n                    <span class=\"tooltip\">Schnellansicht<\/span>\r\n                <\/a>\r\n            <\/li>\r\n                    <\/ul>\r\n        \r\n        \r\n           <\/div>\r\n\r\n    <div class=\"card-product-info\">\r\n                        <a href=\"https:\/\/falto.colordrop.pl\/de\/produkt\/dance-25\/\" class=\"name-product link text-md\">\r\n            Dance 25        <\/a>\r\n        <p class=\"price-wrap fw-medium tf-price\">\r\n            <span class=\"from\">Ab: <\/span><span class=\"woocommerce-Price-amount amount\"><bdi>1 220,00&nbsp;<span class=\"woocommerce-Price-currencySymbol\">&euro;<\/span><\/bdi><\/span>        <\/p>\r\n                \r\n                \r\n        <div class=\"cls-btn\">\r\n                            <a href=\"\/de\/wp-json\/wp\/v2\/pages\/10069?add-to-cart=9829\"\r\n                    class=\"ajax_add_to_cart add_to_cart_button tf-btn btn-cls btn-white hover-dark hover-icon-2 w-100\"\r\n                    data-quantity=\"1\"\r\n                    data-product_id=\"9829\"\r\n                >\r\n                    Add to cart                                    <\/a>\r\n                    <\/div>\r\n    <\/div>\r\n<\/div>\r\n\r\n<div class=\"card-product grid style-1 card-product-size post-9989 product type-product status-publish has-post-thumbnail product_brand-falto product_cat-buro  instock shipping-taxable purchasable product-type-simple\" data-availability=\"instock\" data-brand=\"\">\r\n    <div class=\"card-product-wrapper \" style=\"\">\r\n        <a href=\"https:\/\/falto.colordrop.pl\/de\/produkt\/rytmo-45\/\" class=\"product-img\">\r\n            <img decoding=\"async\" class=\"img-product lazyload\" data-src=\"https:\/\/falto.colordrop.pl\/wp-content\/uploads\/2025\/12\/ry45_a2-1.jpg\" src=\"https:\/\/falto.colordrop.pl\/wp-content\/uploads\/2025\/12\/ry45_a2-1.jpg\" alt=\"Rytmo 45\">\r\n\r\n                            <img decoding=\"async\" class=\"img-hover lazyload\" data-src=\"https:\/\/falto.colordrop.pl\/wp-content\/uploads\/2025\/12\/ry45_a2-1.jpg\" src=\"https:\/\/falto.colordrop.pl\/wp-content\/uploads\/2025\/12\/ry45_a2-1.jpg\" alt=\"Rytmo 45\">\r\n        <\/a>\r\n\r\n        \r\n        <div class=\"on-sale-wrap\">\r\n                                <\/div>\r\n\r\n                <ul class=\"list-product-btn\">\r\n            <li>\r\n                                    <a href=\"\/de\/wp-json\/wp\/v2\/pages\/10069?add-to-cart=9989\"\r\n                        class=\"ajax_add_to_cart add_to_cart_button hover-tooltip tooltip-left box-icon add-to-cart\"\r\n                        data-quantity=\"1\"\r\n                        data-product_id=\"9989\"\r\n                    >\r\n                        <span class=\"icon icon-cart2\"><\/span>\r\n                        <span class=\"tooltip\">\r\n                            In den Warenkorb                        <\/span>\r\n                    <\/a>\r\n                            <\/li>\r\n            <li class=\"wishlist\">\r\n                            <\/li>\r\n            <li>\r\n                <a href=\"#quickView\" data-bs-toggle=\"modal\"\r\n                    class=\"hover-tooltip tooltip-left box-icon quickview tf_quickview_btn\"\r\n                    data-quantity=\"1\"\r\n                    data-product_id=\"9989\"\r\n                >\r\n                    <span class=\"icon icon-view\"><\/span>\r\n                    <span class=\"tooltip\">Schnellansicht<\/span>\r\n                <\/a>\r\n            <\/li>\r\n                    <\/ul>\r\n        \r\n        \r\n           <\/div>\r\n\r\n    <div class=\"card-product-info\">\r\n                        <a href=\"https:\/\/falto.colordrop.pl\/de\/produkt\/rytmo-45\/\" class=\"name-product link text-md\">\r\n            Rytmo 45        <\/a>\r\n        <p class=\"price-wrap fw-medium tf-price\">\r\n            <span class=\"from\">Ab: <\/span><span class=\"woocommerce-Price-amount amount\"><bdi>515,00&nbsp;<span class=\"woocommerce-Price-currencySymbol\">&euro;<\/span><\/bdi><\/span>        <\/p>\r\n                \r\n                \r\n        <div class=\"cls-btn\">\r\n                            <a href=\"\/de\/wp-json\/wp\/v2\/pages\/10069?add-to-cart=9989\"\r\n                    class=\"ajax_add_to_cart add_to_cart_button tf-btn btn-cls btn-white hover-dark hover-icon-2 w-100\"\r\n                    data-quantity=\"1\"\r\n                    data-product_id=\"9989\"\r\n                >\r\n                    Add to cart                                    <\/a>\r\n                    <\/div>\r\n    <\/div>\r\n<\/div>\r\n\r\n<div class=\"card-product grid style-1 card-product-size post-9975 product type-product status-publish has-post-thumbnail product_brand-falto product_cat-buro  instock shipping-taxable purchasable product-type-simple\" data-availability=\"instock\" data-brand=\"\">\r\n    <div class=\"card-product-wrapper \" style=\"\">\r\n        <a href=\"https:\/\/falto.colordrop.pl\/de\/produkt\/todo-50\/\" class=\"product-img\">\r\n            <img decoding=\"async\" class=\"img-product lazyload\" data-src=\"https:\/\/falto.colordrop.pl\/wp-content\/uploads\/2025\/12\/td50_a2.jpg\" src=\"https:\/\/falto.colordrop.pl\/wp-content\/uploads\/2025\/12\/td50_a2.jpg\" alt=\"ToDo 50\">\r\n\r\n                            <img decoding=\"async\" class=\"img-hover lazyload\" data-src=\"https:\/\/falto.colordrop.pl\/wp-content\/uploads\/2025\/12\/td50_a2.jpg\" src=\"https:\/\/falto.colordrop.pl\/wp-content\/uploads\/2025\/12\/td50_a2.jpg\" alt=\"ToDo 50\">\r\n        <\/a>\r\n\r\n        \r\n        <div class=\"on-sale-wrap\">\r\n                                <\/div>\r\n\r\n                <ul class=\"list-product-btn\">\r\n            <li>\r\n                                    <a href=\"\/de\/wp-json\/wp\/v2\/pages\/10069?add-to-cart=9975\"\r\n                        class=\"ajax_add_to_cart add_to_cart_button hover-tooltip tooltip-left box-icon add-to-cart\"\r\n                        data-quantity=\"1\"\r\n                        data-product_id=\"9975\"\r\n                    >\r\n                        <span class=\"icon icon-cart2\"><\/span>\r\n                        <span class=\"tooltip\">\r\n                            In den Warenkorb                        <\/span>\r\n                    <\/a>\r\n                            <\/li>\r\n            <li class=\"wishlist\">\r\n                            <\/li>\r\n            <li>\r\n                <a href=\"#quickView\" data-bs-toggle=\"modal\"\r\n                    class=\"hover-tooltip tooltip-left box-icon quickview tf_quickview_btn\"\r\n                    data-quantity=\"1\"\r\n                    data-product_id=\"9975\"\r\n                >\r\n                    <span class=\"icon icon-view\"><\/span>\r\n                    <span class=\"tooltip\">Schnellansicht<\/span>\r\n                <\/a>\r\n            <\/li>\r\n                    <\/ul>\r\n        \r\n        \r\n           <\/div>\r\n\r\n    <div class=\"card-product-info\">\r\n                        <a href=\"https:\/\/falto.colordrop.pl\/de\/produkt\/todo-50\/\" class=\"name-product link text-md\">\r\n            ToDo 50        <\/a>\r\n        <p class=\"price-wrap fw-medium tf-price\">\r\n            <span class=\"from\">Ab: <\/span><span class=\"woocommerce-Price-amount amount\"><bdi>945,00&nbsp;<span class=\"woocommerce-Price-currencySymbol\">&euro;<\/span><\/bdi><\/span>        <\/p>\r\n                \r\n                \r\n        <div class=\"cls-btn\">\r\n                            <a href=\"\/de\/wp-json\/wp\/v2\/pages\/10069?add-to-cart=9975\"\r\n                    class=\"ajax_add_to_cart add_to_cart_button tf-btn btn-cls btn-white hover-dark hover-icon-2 w-100\"\r\n                    data-quantity=\"1\"\r\n                    data-product_id=\"9975\"\r\n                >\r\n                    Add to cart                                    <\/a>\r\n                    <\/div>\r\n    <\/div>\r\n<\/div>\r\n\r\n\t\t\t\t<\/div>\r\n\t\t\t\t\t\t<\/div>\r\n\r\n\t\t\t\t\t\t\t\t<\/div>\r\n\t\t\t\t\t\t<\/div>\n\t\t\t\t<\/div>\n\t\t\t\t\t<\/div>\n\t\t\t\t<\/div>\n\t\t\t\t<\/div>\n\t\t","protected":false},"excerpt":{"rendered":"<p>FALTO B\u00fcrost\u00fchle und -sessel sind eine Kombination aus Ergonomie und moderner B\u00fcrotechnik ist eine Kombination [&hellip;]<\/p>\n","protected":false},"author":1,"featured_media":0,"parent":0,"menu_order":0,"comment_status":"closed","ping_status":"closed","template":"","meta":{"_acf_changed":false,"footnotes":""},"class_list":["post-10069","page","type-page","status-publish","hentry"],"acf":[],"_links":{"self":[{"href":"https:\/\/falto.colordrop.pl\/de\/wp-json\/wp\/v2\/pages\/10069","targetHints":{"allow":["GET"]}}],"collection":[{"href":"https:\/\/falto.colordrop.pl\/de\/wp-json\/wp\/v2\/pages"}],"about":[{"href":"https:\/\/falto.colordrop.pl\/de\/wp-json\/wp\/v2\/types\/page"}],"author":[{"embeddable":true,"href":"https:\/\/falto.colordrop.pl\/de\/wp-json\/wp\/v2\/users\/1"}],"replies":[{"embeddable":true,"href":"https:\/\/falto.colordrop.pl\/de\/wp-json\/wp\/v2\/comments?post=10069"}],"version-history":[{"count":8,"href":"https:\/\/falto.colordrop.pl\/de\/wp-json\/wp\/v2\/pages\/10069\/revisions"}],"predecessor-version":[{"id":10334,"href":"https:\/\/falto.colordrop.pl\/de\/wp-json\/wp\/v2\/pages\/10069\/revisions\/10334"}],"wp:attachment":[{"href":"https:\/\/falto.colordrop.pl\/de\/wp-json\/wp\/v2\/media?parent=10069"}],"curies":[{"name":"wp","href":"https:\/\/api.w.org\/{rel}","templated":true}]}}